{"id":50816,"date":"2019-09-26T09:55:23","date_gmt":"2019-09-26T09:55:23","guid":{"rendered":"https:\/\/vizir.az\/?page_id=50816"},"modified":"2019-11-17T10:51:56","modified_gmt":"2019-11-17T10:51:56","slug":"tank-truck-products-and-systems","status":"publish","type":"page","link":"https:\/\/vizir.az\/az\/liquid-flow-measurement\/tank-truck-products-and-systems\/","title":{"rendered":"Avtosisternlar\u0131 \u00fc\u00e7\u00fcn m\u0259hsullar v\u0259 sisteml\u0259r"},"content":{"rendered":"<div class=\"wpb-content-wrapper\"><div class=\"vc_row wpb_row vc_row-fluid\"><div class=\"wpb_column vc_column_container vc_col-sm-12\"><div class=\"vc_column-inner\"><div class=\"wpb_wrapper\"><div id=\"ultimate-heading-375569d915b46fa38\" class=\"uvc-heading ult-adjust-bottom-margin ultimate-heading-375569d915b46fa38 uvc-7161  uvc-heading-default-font-sizes\" data-hspacer=\"line_only\"  data-halign=\"right\" style=\"text-align:right\"><div class=\"uvc-main-heading ult-responsive\"  data-ultimate-target='.uvc-heading.ultimate-heading-375569d915b46fa38 h2'  data-responsive-json-new='{\"font-size\":\"\",\"line-height\":\"\"}' ><h2 style=\"--font-weight:theme;\">Avtosisternlar\u0131 \u00fc\u00e7\u00fcn m\u0259hsullar v\u0259 sisteml\u0259r<\/h2><\/div><div class=\"uvc-heading-spacer line_only\" style=\"topheight:1px;\"><span class=\"uvc-headings-line\" style=\"border-style:solid;border-bottom-width:1px;border-color:#ccc;width:autopx;\"><\/span><\/div><\/div><div class=\"vc_empty_space\"   style=\"height: 32px\"><span class=\"vc_empty_space_inner\"><\/span><\/div><div class=\"vc_row wpb_row vc_inner vc_row-fluid\"><div class=\"wpb_column vc_column_container vc_col-sm-6\"><div class=\"vc_column-inner\"><div class=\"wpb_wrapper\">\n\t<div class=\"wpb_text_column wpb_content_element\" >\n\t\t<div class=\"wpb_wrapper\">\n\t\t\t<p>Sening has been developing and producing tank truck products for over 100 years. Today, Sening offers innovative and customer-oriented solutions in the field of tank truck fittings. Sophisticated products are required to fulfill customers\u2019 demands for greater efficiency. The products and systems are based on specialist expertise and an understanding of customer requirements.<\/p>\n\n\t\t<\/div>\n\t<\/div>\n\n\t<div class=\"wpb_text_column wpb_content_element\" >\n\t\t<div class=\"wpb_wrapper\">\n\t\t\t<p>User-friendly operation and reliable products help minimize\u00a0downtime and increase efficiency. Sening offers the full range of products that are needed\u00a0for tank trucks so as to guarantee their reliable operation. This not only includes electronic systems but also all components for bottom loading and the broadest range of valves and flanges.<\/p>\n\n\t\t<\/div>\n\t<\/div>\n<\/div><\/div><\/div><div class=\"wpb_column vc_column_container vc_col-sm-6\"><div class=\"vc_column-inner\"><div class=\"wpb_wrapper\"><style type=\"text\/css\" data-type=\"the7_shortcodes-inline-css\">.gallery-carousel-shortcode.gallery-carousel-shortcode-id-7abac82d3531407d2279eb577d650c51.owl-carousel .owl-nav div {\n  width: 36px;\n  height: 36px;\n  border-radius: 500px;\n}\n.dt-arrow-border-on.gallery-carousel-shortcode.gallery-carousel-shortcode-id-7abac82d3531407d2279eb577d650c51.owl-carousel .owl-nav div:not(:hover):before {\n  border-width: 0px;\n}\n.dt-arrow-hover-border-on.gallery-carousel-shortcode.gallery-carousel-shortcode-id-7abac82d3531407d2279eb577d650c51.owl-carousel .owl-nav div:hover:after {\n  border-width: 0px;\n}\n.gallery-carousel-shortcode.gallery-carousel-shortcode-id-7abac82d3531407d2279eb577d650c51.owl-carousel .owl-nav div.owl-prev {\n  top: 50%;\n  transform: translateY(calc(-50% + 0px));\n  left: -43px;\n}\n@media all and (-ms-high-contrast: none) {\n  .gallery-carousel-shortcode.gallery-carousel-shortcode-id-7abac82d3531407d2279eb577d650c51.owl-carousel .owl-nav div.owl-prev {\n    transform: translateY(-50%);\n    margin-top: 0px;\n  }\n}\n.gallery-carousel-shortcode.gallery-carousel-shortcode-id-7abac82d3531407d2279eb577d650c51.owl-carousel .owl-nav div.owl-prev i {\n  padding: 0px 0px 0px 0px;\n}\n.gallery-carousel-shortcode.gallery-carousel-shortcode-id-7abac82d3531407d2279eb577d650c51.owl-carousel .owl-nav div.owl-next {\n  top: 50%;\n  transform: translateY(calc(-50% + 0px));\n  right: -43px;\n}\n@media all and (-ms-high-contrast: none) {\n  .gallery-carousel-shortcode.gallery-carousel-shortcode-id-7abac82d3531407d2279eb577d650c51.owl-carousel .owl-nav div.owl-next {\n    transform: translateY(-50%);\n    margin-top: 0px;\n  }\n}\n.gallery-carousel-shortcode.gallery-carousel-shortcode-id-7abac82d3531407d2279eb577d650c51.owl-carousel .owl-nav div.owl-next i {\n  padding: 0px 0px 0px 0px;\n}\n.gallery-carousel-shortcode.gallery-carousel-shortcode-id-7abac82d3531407d2279eb577d650c51.owl-carousel .owl-nav i {\n  font-size: 18px;\n}\n.gallery-carousel-shortcode.gallery-carousel-shortcode-id-7abac82d3531407d2279eb577d650c51.owl-carousel .owl-nav div:not(:hover) i,\n.gallery-carousel-shortcode.gallery-carousel-shortcode-id-7abac82d3531407d2279eb577d650c51.owl-carousel .owl-nav div:not(:hover) i:before {\n  color: #ffffff;\n  background: none;\n}\n.gallery-carousel-shortcode.gallery-carousel-shortcode-id-7abac82d3531407d2279eb577d650c51.owl-carousel .owl-nav div:hover i,\n.gallery-carousel-shortcode.gallery-carousel-shortcode-id-7abac82d3531407d2279eb577d650c51.owl-carousel .owl-nav div:hover i:before {\n  color: rgba(255,255,255,0.75);\n  background: none;\n}\n.gallery-carousel-shortcode.gallery-carousel-shortcode-id-7abac82d3531407d2279eb577d650c51 .owl-dots {\n  top: calc(100% + 20px);\n  left: 50%;\n  transform: translateX(calc(-50% + 0px));\n}\n@media all and (-ms-high-contrast: none) {\n  .gallery-carousel-shortcode.gallery-carousel-shortcode-id-7abac82d3531407d2279eb577d650c51 .owl-dots {\n    transform: translateX(-50%);\n    margin-left: 0px;\n  }\n}\n.gallery-carousel-shortcode.gallery-carousel-shortcode-id-7abac82d3531407d2279eb577d650c51 .owl-dot {\n  width: 10px;\n  height: 10px;\n  margin: 0 8px;\n}\n@media screen and (max-width: 778px) {\n  .gallery-carousel-shortcode.gallery-carousel-shortcode-id-7abac82d3531407d2279eb577d650c51.hide-arrows .owl-nav a {\n    display: none;\n  }\n}\n@media screen and (max-width: 778px) {\n  .gallery-carousel-shortcode.gallery-carousel-shortcode-id-7abac82d3531407d2279eb577d650c51.reposition-arrows .owl-nav .owl-prev {\n    top: 50%;\n    transform: translateY(calc(-50% + 0px));\n    left: 10px;\n  }\n  .gallery-carousel-shortcode.gallery-carousel-shortcode-id-7abac82d3531407d2279eb577d650c51.reposition-arrows .owl-nav .owl-next {\n    top: 50%;\n    transform: translateY(calc(-50% + 0px));\n    right: 10px;\n  }\n}\n@media screen and (max-width: 778px) and all and (-ms-high-contrast: none) {\n  .gallery-carousel-shortcode.gallery-carousel-shortcode-id-7abac82d3531407d2279eb577d650c51.reposition-arrows .owl-nav .owl-prev {\n    transform: translateY(-50%);\n    margin-top: 0px;\n  }\n}\n@media screen and (max-width: 778px) and all and (-ms-high-contrast: none) {\n  .gallery-carousel-shortcode.gallery-carousel-shortcode-id-7abac82d3531407d2279eb577d650c51.reposition-arrows .owl-nav .owl-next {\n    transform: translateY(-50%);\n    margin-top: 0px;\n  }\n}\n.gallery-carousel-shortcode.gallery-carousel-shortcode-id-7abac82d3531407d2279eb577d650c51 figure,\n.gallery-carousel-shortcode.gallery-carousel-shortcode-id-7abac82d3531407d2279eb577d650c51 .rollover,\n.gallery-carousel-shortcode.gallery-carousel-shortcode-id-7abac82d3531407d2279eb577d650c51 img,\n.gallery-carousel-shortcode.gallery-carousel-shortcode-id-7abac82d3531407d2279eb577d650c51 .gallery-rollover {\n  border-radius: 0px;\n}\n.gallery-carousel-shortcode.gallery-carousel-shortcode-id-7abac82d3531407d2279eb577d650c51.enable-bg-rollover .gallery-rollover {\n  background: -webkit-linear-gradient();\n  background: linear-gradient();\n}\n.gallery-carousel-shortcode.gallery-carousel-shortcode-id-7abac82d3531407d2279eb577d650c51.enable-img-shadow .owl-stage-outer {\n  padding: 14px 0;\n}\n.gallery-carousel-shortcode.gallery-carousel-shortcode-id-7abac82d3531407d2279eb577d650c51.enable-bg-rollover.hover-scale figure .rollover:after {\n  background: -webkit-linear-gradient();\n  background: linear-gradient();\n}\n.gallery-carousel-shortcode.gallery-carousel-shortcode-id-7abac82d3531407d2279eb577d650c51.gallery-shortcode .gallery-zoom-ico {\n  width: 44px;\n  height: 44px;\n  line-height: 44px;\n  border-radius: 100px;\n  margin: -22px 0 0 -22px;\n  border-width: 0px;\n}\n.dt-icon-bg-on.gallery-carousel-shortcode.gallery-carousel-shortcode-id-7abac82d3531407d2279eb577d650c51.gallery-shortcode .gallery-zoom-ico {\n  background: rgba(255,255,255,0.3);\n  box-shadow: none;\n}\n.gallery-carousel-shortcode.gallery-carousel-shortcode-id-7abac82d3531407d2279eb577d650c51.gallery-shortcode .gallery-zoom-ico:before,\n.gallery-carousel-shortcode.gallery-carousel-shortcode-id-7abac82d3531407d2279eb577d650c51.gallery-shortcode .gallery-zoom-ico span {\n  font-size: 32px;\n  line-height: 44px;\n  color: #ffffff;\n  background: none;\n}<\/style><div class=\"owl-carousel gallery-carousel-shortcode gallery-shortcode  dt-gallery-container dt-owl-carousel-call gallery-carousel-shortcode-id-7abac82d3531407d2279eb577d650c51 quick-scale-img enable-bg-rollover meta-info-off dt-arrow-border-on dt-arrow-hover-border-on bullets-small-dot-stroke reposition-arrows dt-icon-bg-off arrows-bg-on disable-arrows-hover-bg arrows-hover-bg-on  hover-fade\" data-scroll-mode=\"1\" data-col-num=\"1\" data-wide-col-num=\"1\" data-laptop-col=\"1\" data-h-tablet-columns-num=\"1\" data-v-tablet-columns-num=\"1\" data-phone-columns-num=\"1\" data-col-gap=\"10\" data-stage-padding=\"0\" data-speed=\"600\" data-autoplay=\"false\" data-autoplay_speed=\"6000\" data-arrows=\"false\" data-bullet=\"true\" data-next-icon=\"icon-ar-017-r\" data-prev-icon=\"icon-ar-017-l\" data-img-shadow-size=\"12px\" data-img-shadow-spread=\"3px\"><div data-post-id=\"51868\" data-date=\"2019-11-17T10:48:46+00:00\" data-name=\"1\"><figure class=\"post\"><a href=\"https:\/\/vizir.az\/wp-content\/uploads\/2019\/11\/1.png\" class=\"rollover dt-pswp-item layzr-bg\" data-large_image_width=\"644\" data-large_image_height=\"323\" data-dt-img-description=\"\" title=\"1\"><img fetchpriority=\"high\" decoding=\"async\" class=\"preload-me owl-lazy-load aspect\" src=\"data:image\/svg+xml,%3Csvg%20xmlns%3D&#39;http%3A%2F%2Fwww.w3.org%2F2000%2Fsvg&#39;%20viewBox%3D&#39;0%200%20644%20323&#39;%2F%3E\" data-src=\"https:\/\/vizir.az\/wp-content\/uploads\/2019\/11\/1.png\" data-srcset=\"https:\/\/vizir.az\/wp-content\/uploads\/2019\/11\/1.png 644w\" loading=\"eager\" style=\"--ratio: 644 \/ 323\" sizes=\"(max-width: 644px) 100vw, 644px\" alt=\"\" width=\"644\" height=\"323\"  \/><span class=\"gallery-rollover\"><\/span><\/a><\/figure><\/div><div data-post-id=\"51869\" data-date=\"2019-11-17T10:48:56+00:00\" data-name=\"2\"><figure class=\"post\"><a href=\"https:\/\/vizir.az\/wp-content\/uploads\/2019\/11\/2.png\" class=\"rollover dt-pswp-item layzr-bg\" data-large_image_width=\"589\" data-large_image_height=\"355\" data-dt-img-description=\"\" title=\"2\"><img decoding=\"async\" class=\"preload-me owl-lazy-load aspect\" src=\"data:image\/svg+xml,%3Csvg%20xmlns%3D&#39;http%3A%2F%2Fwww.w3.org%2F2000%2Fsvg&#39;%20viewBox%3D&#39;0%200%20589%20355&#39;%2F%3E\" data-src=\"https:\/\/vizir.az\/wp-content\/uploads\/2019\/11\/2.png\" data-srcset=\"https:\/\/vizir.az\/wp-content\/uploads\/2019\/11\/2.png 589w\" loading=\"eager\" style=\"--ratio: 589 \/ 355\" sizes=\"(max-width: 589px) 100vw, 589px\" alt=\"\" width=\"589\" height=\"355\"  \/><span class=\"gallery-rollover\"><\/span><\/a><\/figure><\/div><div data-post-id=\"51870\" data-date=\"2019-11-17T10:49:09+00:00\" data-name=\"3\"><figure class=\"post\"><a href=\"https:\/\/vizir.az\/wp-content\/uploads\/2019\/11\/3.png\" class=\"rollover dt-pswp-item layzr-bg\" data-large_image_width=\"868\" data-large_image_height=\"473\" data-dt-img-description=\"\" title=\"3\"><img decoding=\"async\" class=\"preload-me owl-lazy-load aspect\" src=\"data:image\/svg+xml,%3Csvg%20xmlns%3D&#39;http%3A%2F%2Fwww.w3.org%2F2000%2Fsvg&#39;%20viewBox%3D&#39;0%200%20868%20473&#39;%2F%3E\" data-src=\"https:\/\/vizir.az\/wp-content\/uploads\/2019\/11\/3.png\" data-srcset=\"https:\/\/vizir.az\/wp-content\/uploads\/2019\/11\/3.png 868w\" loading=\"eager\" style=\"--ratio: 868 \/ 473\" sizes=\"(max-width: 868px) 100vw, 868px\" alt=\"\" width=\"868\" height=\"473\"  \/><span class=\"gallery-rollover\"><\/span><\/a><\/figure><\/div><div data-post-id=\"51871\" data-date=\"2019-11-17T10:49:19+00:00\" data-name=\"4\"><figure class=\"post\"><a href=\"https:\/\/vizir.az\/wp-content\/uploads\/2019\/11\/4.png\" class=\"rollover dt-pswp-item layzr-bg\" data-large_image_width=\"842\" data-large_image_height=\"462\" data-dt-img-description=\"\" title=\"4\"><img decoding=\"async\" class=\"preload-me owl-lazy-load aspect\" src=\"data:image\/svg+xml,%3Csvg%20xmlns%3D&#39;http%3A%2F%2Fwww.w3.org%2F2000%2Fsvg&#39;%20viewBox%3D&#39;0%200%20842%20462&#39;%2F%3E\" data-src=\"https:\/\/vizir.az\/wp-content\/uploads\/2019\/11\/4.png\" data-srcset=\"https:\/\/vizir.az\/wp-content\/uploads\/2019\/11\/4.png 842w\" loading=\"eager\" style=\"--ratio: 842 \/ 462\" sizes=\"(max-width: 842px) 100vw, 842px\" alt=\"\" width=\"842\" height=\"462\"  \/><span class=\"gallery-rollover\"><\/span><\/a><\/figure><\/div><div data-post-id=\"51872\" data-date=\"2019-11-17T10:49:30+00:00\" data-name=\"5\"><figure class=\"post\"><a href=\"https:\/\/vizir.az\/wp-content\/uploads\/2019\/11\/5.png\" class=\"rollover dt-pswp-item layzr-bg\" data-large_image_width=\"1049\" data-large_image_height=\"519\" data-dt-img-description=\"\" title=\"5\"><img decoding=\"async\" class=\"preload-me owl-lazy-load aspect\" src=\"data:image\/svg+xml,%3Csvg%20xmlns%3D&#39;http%3A%2F%2Fwww.w3.org%2F2000%2Fsvg&#39;%20viewBox%3D&#39;0%200%201049%20519&#39;%2F%3E\" data-src=\"https:\/\/vizir.az\/wp-content\/uploads\/2019\/11\/5.png\" data-srcset=\"https:\/\/vizir.az\/wp-content\/uploads\/2019\/11\/5.png 1049w\" loading=\"eager\" style=\"--ratio: 1049 \/ 519\" sizes=\"(max-width: 1049px) 100vw, 1049px\" alt=\"\" width=\"1049\" height=\"519\"  \/><span class=\"gallery-rollover\"><\/span><\/a><\/figure><\/div><div data-post-id=\"51873\" data-date=\"2019-11-17T10:49:42+00:00\" data-name=\"6\"><figure class=\"post\"><a href=\"https:\/\/vizir.az\/wp-content\/uploads\/2019\/11\/6.png\" class=\"rollover dt-pswp-item layzr-bg\" data-large_image_width=\"1072\" data-large_image_height=\"553\" data-dt-img-description=\"\" title=\"6\"><img decoding=\"async\" class=\"preload-me owl-lazy-load aspect\" src=\"data:image\/svg+xml,%3Csvg%20xmlns%3D&#39;http%3A%2F%2Fwww.w3.org%2F2000%2Fsvg&#39;%20viewBox%3D&#39;0%200%201072%20553&#39;%2F%3E\" data-src=\"https:\/\/vizir.az\/wp-content\/uploads\/2019\/11\/6.png\" data-srcset=\"https:\/\/vizir.az\/wp-content\/uploads\/2019\/11\/6.png 1072w\" loading=\"eager\" style=\"--ratio: 1072 \/ 553\" sizes=\"(max-width: 1072px) 100vw, 1072px\" alt=\"\" width=\"1072\" height=\"553\"  \/><span class=\"gallery-rollover\"><\/span><\/a><\/figure><\/div><\/div><\/div><\/div><\/div><\/div><\/div><\/div><\/div><\/div>\n<\/div>","protected":false},"excerpt":{"rendered":"<p>Tank Truck Products and Systems Sening has been developing and producing tank truck products for over 100 years. Today, Sening offers innovative and customer-oriented solutions in the field of tank truck fittings. Sophisticated products are required to fulfill customers\u2019 demands for greater efficiency. The products and systems are based on specialist expertise and an understanding&hellip;<\/p>","protected":false},"author":3,"featured_media":0,"parent":51542,"menu_order":0,"comment_status":"closed","ping_status":"open","template":"","meta":{"footnotes":""},"class_list":["post-50816","page","type-page","status-publish","hentry","description-off"],"_links":{"self":[{"href":"https:\/\/vizir.az\/az\/wp-json\/wp\/v2\/pages\/50816","targetHints":{"allow":["GET"]}}],"collection":[{"href":"https:\/\/vizir.az\/az\/wp-json\/wp\/v2\/pages"}],"about":[{"href":"https:\/\/vizir.az\/az\/wp-json\/wp\/v2\/types\/page"}],"author":[{"embeddable":true,"href":"https:\/\/vizir.az\/az\/wp-json\/wp\/v2\/users\/3"}],"replies":[{"embeddable":true,"href":"https:\/\/vizir.az\/az\/wp-json\/wp\/v2\/comments?post=50816"}],"version-history":[{"count":4,"href":"https:\/\/vizir.az\/az\/wp-json\/wp\/v2\/pages\/50816\/revisions"}],"predecessor-version":[{"id":51874,"href":"https:\/\/vizir.az\/az\/wp-json\/wp\/v2\/pages\/50816\/revisions\/51874"}],"up":[{"embeddable":true,"href":"https:\/\/vizir.az\/az\/wp-json\/wp\/v2\/pages\/51542"}],"wp:attachment":[{"href":"https:\/\/vizir.az\/az\/wp-json\/wp\/v2\/media?parent=50816"}],"curies":[{"name":"wp","href":"https:\/\/api.w.org\/{rel}","templated":true}]}}