{"id":51022,"date":"2019-09-27T06:26:54","date_gmt":"2019-09-27T06:26:54","guid":{"rendered":"https:\/\/vizir.az\/?page_id=51022"},"modified":"2020-08-04T06:52:59","modified_gmt":"2020-08-04T06:52:59","slug":"3050-moisture-analyzer-series","status":"publish","type":"page","link":"https:\/\/vizir.az\/az\/in-line-moisture-analyzers\/3050-moisture-analyzer-series\/","title":{"rendered":"3050 seriyal\u0131 r\u00fctub\u0259t analizatoru"},"content":{"rendered":"<div class=\"wpb-content-wrapper\"><div class=\"vc_row wpb_row vc_row-fluid vc_row-o-content-middle vc_row-flex\"><div class=\"wpb_column vc_column_container vc_col-sm-6\"><div class=\"vc_column-inner\"><div class=\"wpb_wrapper\"><div id=\"ultimate-heading-174269d027e826b64\" class=\"uvc-heading ult-adjust-bottom-margin ultimate-heading-174269d027e826b64 uvc-4242  uvc-heading-default-font-sizes\" data-hspacer=\"line_only\"  data-halign=\"left\" style=\"text-align:left\"><div class=\"uvc-main-heading ult-responsive\"  data-ultimate-target='.uvc-heading.ultimate-heading-174269d027e826b64 h2'  data-responsive-json-new='{\"font-size\":\"\",\"line-height\":\"\"}' ><h2 style=\"--font-weight:theme;\">3050 seriyal\u0131 r\u00fctub\u0259t analizatoru<\/h2><\/div><div class=\"uvc-heading-spacer line_only\" style=\"topheight:1px;\"><span class=\"uvc-headings-line\" style=\"border-style:solid;border-bottom-width:1px;border-color:#ccc;width:autopx;\"><\/span><\/div><\/div><div class=\"vc_empty_space\"   style=\"height: 32px\"><span class=\"vc_empty_space_inner\"><\/span><\/div>\n\t<div class=\"wpb_text_column wpb_content_element\" >\n\t\t<div class=\"wpb_wrapper\">\n\t\t\t<p>3050 seriyal\u0131 r\u00fctub\u0259t analizatorlar\u0131nda AMETEK \u015firk\u0259tinin s\u0131naqdan ke\u00e7mi\u015f d\u0259qiq kvars kristallar\u0131n\u0131n mikro\u00e7\u0259kisi (QCM) texnologiyas\u0131ndan istifad\u0259 edilir. Qura\u015fd\u0131r\u0131lm\u0131\u015f yoxlama sistemi operatorlar\u0131n \u00f6l\u00e7m\u0259l\u0259ri art\u0131r\u0131lm\u0131\u015f d\u0259qiqlikl\u0259 aparmas\u0131na imkan verir. R\u00fctub\u0259tin izl\u0259nm\u0259si \u00fc\u00e7\u00fcn QCM s\u0259naye standart\u0131 m\u00fcmk\u00fcn olan \u0259n d\u0259qiq \u00f6l\u00e7m\u0259l\u0259ri h\u0259yata ke\u00e7irir v\u0259 r\u00fctub\u0259t s\u0259viyy\u0259sinin art\u0131b-azalmas\u0131na s\u00fcr\u0259tl\u0259 reaksiya verir. 3050 bu texnologiyan\u0131 geni\u015f t\u0259tbiq sah\u0259l\u0259ri \u00fc\u00e7\u00fcn optimalla\u015fd\u0131r\u0131r.\n3050 seriyal\u0131 analizatorlar r\u00fctub\u0259tin orta ppm s\u0259viyy\u0259sind\u0259n a\u015fa\u011f\u0131 s\u0259viyy\u0259y\u0259d\u0259k (1,0 ppm-d\u0259n az) fasil\u0259siz v\u0259 etibarl\u0131 \u00f6l\u00e7\u00fclm\u0259sini t\u0259min edir v\u0259 f\u0259rqli komplektasiyalar v\u0259 \u00f6l\u00e7m\u0259 diapazonlar\u0131nda t\u0259qdim edilir.\n3050 seriyal\u0131 analizatorda vibrasiya ed\u0259n kvars kristallar\u0131n\u0131n stabilliyi avadanl\u0131\u011f\u0131n zavodda yenid\u0259n kalibrl\u0259nm\u0259si ehtiyac\u0131n\u0131 aradan qald\u0131r\u0131r, n\u0259tic\u0259 etibaril\u0259 bahal\u0131 texniki xidm\u0259t  i\u015fl\u0259rinin z\u0259rur\u0259tini istisna edir. Stabillik \u00f6l\u00e7m\u0259 d\u0259qiqliyini art\u0131rmaq \u00fc\u00e7\u00fcn daxili yoxlama sistemi il\u0259 d\u0259st\u0259kl\u0259nir. Prosesd\u0259 istifad\u0259 edil\u0259n qaz\u0131n temperaturu kvars sensor m\u0259hsuldarl\u0131\u011f\u0131na t\u0259sir etmir v\u0259 \u00f6l\u00e7m\u0259nin d\u0259qiq apar\u0131lmas\u0131 \u00fc\u00e7\u00fcn tarazl\u0131\u011f\u0131n t\u0259min edilm\u0259sin\u0259 ehtiyac olmur. Bu, r\u00fctub\u0259tl\u0259 ba\u011fl\u0131 probleml\u0259ri ba\u015f verdikc\u0259 a\u015fkar etm\u0259y\u0259 imkan ver\u0259r\u0259k r\u00fctub\u0259t s\u0259viyy\u0259sinin artmas\u0131na v\u0259 azalmas\u0131na s\u00fcr\u0259tl\u0259 reaksiya verilm\u0259sini t\u0259min edir.\nAMEVision displeyi istifad\u0259\u00e7il\u0259rin s\u0259kkiz\u0259d\u0259k 3050 seriyal\u0131 analizatordan \u0259ld\u0259 edil\u0259n \u00f6l\u00e7m\u0259 v\u0259 diaqnostika m\u0259lumatlar\u0131n\u0131 real zamanda apar\u0131lan \u00f6l\u00e7m\u0259l\u0259r v\u0259 trend m\u0259lumatlar\u0131n\u0131n k\u00f6m\u0259yi il\u0259 davaml\u0131 \u015f\u0259kild\u0259 n\u0259zar\u0259td\u0259 saxlamas\u0131na imkan verir. O, OLV, SLR, DO v\u0259 TE modell\u0259ri il\u0259 uy\u011fundur.\nGeni\u015f t\u0259tbiq sah\u0259l\u0259rind\u0259 r\u00fctub\u0259t izl\u0259rinin \u00f6l\u00e7\u00fclm\u0259si \u00fc\u00e7\u00fcn uy\u011fun olan doqquz f\u0259rqli modeld\u0259n ibar\u0259t 3050 seriyas\u0131 karbohidrogen, s\u0259naye v\u0259 t\u0259bii qaz emal\u0131 sah\u0259l\u0259ri \u00fc\u00e7\u00fcn h\u0259ll\u0259r t\u0259klif edir.<\/p>\n\n\t\t<\/div>\n\t<\/div>\n<\/div><\/div><\/div><div class=\"wpb_column vc_column_container vc_col-sm-6\"><div class=\"vc_column-inner\"><div class=\"wpb_wrapper\"><div class=\"vc_row wpb_row vc_inner vc_row-fluid vc_row-o-equal-height vc_row-o-content-middle vc_row-flex\"><div class=\"wpb_column vc_column_container vc_col-sm-3\"><div class=\"vc_column-inner\"><div class=\"wpb_wrapper\">\n\t<div  class=\"wpb_single_image wpb_content_element vc_align_center\">\n\t\t\n\t\t<figure class=\"wpb_wrapper vc_figure\">\n\t\t\t<div class=\"vc_single_image-wrapper   vc_box_border_grey\"><img loading=\"lazy\" decoding=\"async\" width=\"300\" height=\"136\" src=\"https:\/\/vizir.az\/wp-content\/uploads\/2019\/09\/1a_3050-am-300x136.jpg\" class=\"vc_single_image-img attachment-medium\" alt=\"\" title=\"1a_3050 am\" srcset=\"https:\/\/vizir.az\/wp-content\/uploads\/2019\/09\/1a_3050-am-300x136.jpg 300w, https:\/\/vizir.az\/wp-content\/uploads\/2019\/09\/1a_3050-am-768x349.jpg 768w, https:\/\/vizir.az\/wp-content\/uploads\/2019\/09\/1a_3050-am.jpg 1011w\" sizes=\"auto, (max-width: 300px) 100vw, 300px\"  data-dt-location=\"https:\/\/vizir.az\/az\/1a_3050-am-2\/\" \/><\/div>\n\t\t<\/figure>\n\t<\/div>\n<div class=\"vc_empty_space\"   style=\"height: 16px\"><span class=\"vc_empty_space_inner\"><\/span><\/div><\/div><\/div><\/div><div class=\"wpb_column vc_column_container vc_col-sm-3\"><div class=\"vc_column-inner\"><div class=\"wpb_wrapper\">\n\t<div  class=\"wpb_single_image wpb_content_element vc_align_center\">\n\t\t\n\t\t<figure class=\"wpb_wrapper vc_figure\">\n\t\t\t<div class=\"vc_single_image-wrapper   vc_box_border_grey\"><img loading=\"lazy\" decoding=\"async\" width=\"300\" height=\"297\" src=\"https:\/\/vizir.az\/wp-content\/uploads\/2019\/09\/1c_3050-ap-300x297.jpg\" class=\"vc_single_image-img attachment-medium\" alt=\"\" title=\"1c_3050 ap\" srcset=\"https:\/\/vizir.az\/wp-content\/uploads\/2019\/09\/1c_3050-ap-300x297.jpg 300w, https:\/\/vizir.az\/wp-content\/uploads\/2019\/09\/1c_3050-ap-150x150.jpg 150w, https:\/\/vizir.az\/wp-content\/uploads\/2019\/09\/1c_3050-ap.jpg 678w\" sizes=\"auto, (max-width: 300px) 100vw, 300px\"  data-dt-location=\"https:\/\/vizir.az\/az\/1c_3050-ap-2\/\" \/><\/div>\n\t\t<\/figure>\n\t<\/div>\n<div class=\"vc_empty_space\"   style=\"height: 16px\"><span class=\"vc_empty_space_inner\"><\/span><\/div><\/div><\/div><\/div><div class=\"wpb_column vc_column_container vc_col-sm-3\"><div class=\"vc_column-inner\"><div class=\"wpb_wrapper\">\n\t<div  class=\"wpb_single_image wpb_content_element vc_align_center\">\n\t\t\n\t\t<figure class=\"wpb_wrapper vc_figure\">\n\t\t\t<div class=\"vc_single_image-wrapper   vc_box_border_grey\"><img loading=\"lazy\" decoding=\"async\" width=\"300\" height=\"294\" src=\"https:\/\/vizir.az\/wp-content\/uploads\/2019\/09\/1d_3050-do-300x294.jpg\" class=\"vc_single_image-img attachment-medium\" alt=\"\" title=\"1d_3050 do\" srcset=\"https:\/\/vizir.az\/wp-content\/uploads\/2019\/09\/1d_3050-do-300x294.jpg 300w, https:\/\/vizir.az\/wp-content\/uploads\/2019\/09\/1d_3050-do.jpg 736w\" sizes=\"auto, (max-width: 300px) 100vw, 300px\"  data-dt-location=\"https:\/\/vizir.az\/az\/1d_3050-do-2\/\" \/><\/div>\n\t\t<\/figure>\n\t<\/div>\n<div class=\"vc_empty_space\"   style=\"height: 16px\"><span class=\"vc_empty_space_inner\"><\/span><\/div><\/div><\/div><\/div><div class=\"wpb_column vc_column_container vc_col-sm-3\"><div class=\"vc_column-inner\"><div class=\"wpb_wrapper\">\n\t<div  class=\"wpb_single_image wpb_content_element vc_align_center\">\n\t\t\n\t\t<figure class=\"wpb_wrapper vc_figure\">\n\t\t\t<div class=\"vc_single_image-wrapper   vc_box_border_grey\"><img loading=\"lazy\" decoding=\"async\" width=\"300\" height=\"276\" src=\"https:\/\/vizir.az\/wp-content\/uploads\/2019\/09\/1f_3050-olv-300x276.jpg\" class=\"vc_single_image-img attachment-medium\" alt=\"\" title=\"1f_3050 olv\" srcset=\"https:\/\/vizir.az\/wp-content\/uploads\/2019\/09\/1f_3050-olv-300x276.jpg 300w, https:\/\/vizir.az\/wp-content\/uploads\/2019\/09\/1f_3050-olv.jpg 454w\" sizes=\"auto, (max-width: 300px) 100vw, 300px\"  data-dt-location=\"https:\/\/vizir.az\/az\/1f_3050-olv-2\/\" \/><\/div>\n\t\t<\/figure>\n\t<\/div>\n<div class=\"vc_empty_space\"   style=\"height: 16px\"><span class=\"vc_empty_space_inner\"><\/span><\/div><\/div><\/div><\/div><\/div><div class=\"vc_row wpb_row vc_inner vc_row-fluid\"><div class=\"wpb_column vc_column_container vc_col-sm-3\"><div class=\"vc_column-inner\"><div class=\"wpb_wrapper\">\n\t<div class=\"wpb_text_column wpb_content_element\" >\n\t\t<div class=\"wpb_wrapper\">\n\t\t\t<p><a href=\"https:\/\/vizir.az\/wp-content\/uploads\/2020\/08\/3050-am.pdf\">3050-AM<\/a><\/p>\n\n\t\t<\/div>\n\t<\/div>\n<div class=\"ult-just-icon-wrapper\"><div class=\"align-icon\" style=\"text-align:left;\">\n<div class=\"aio-icon-img\" style=\"font-size:48px;display:inline-block;\" >\n\t<img decoding=\"async\" class=\"img-icon\" alt=\"null\" src=\"https:\/\/vizir.az\/wp-content\/uploads\/2019\/09\/pdf.png\"\/>\n<\/div><\/div><\/div><\/div><\/div><\/div><div class=\"wpb_column vc_column_container vc_col-sm-3\"><div class=\"vc_column-inner\"><div class=\"wpb_wrapper\">\n\t<div class=\"wpb_text_column wpb_content_element\" >\n\t\t<div class=\"wpb_wrapper\">\n\t\t\t<p><a href=\"https:\/\/vizir.az\/wp-content\/uploads\/2020\/08\/3050-ap.pdf\">3050 AP<\/a><\/p>\n\n\t\t<\/div>\n\t<\/div>\n<div class=\"ult-just-icon-wrapper\"><div class=\"align-icon\" style=\"text-align:left;\">\n<div class=\"aio-icon-img\" style=\"font-size:48px;display:inline-block;\" >\n\t<img decoding=\"async\" class=\"img-icon\" alt=\"null\" src=\"https:\/\/vizir.az\/wp-content\/uploads\/2019\/09\/pdf.png\"\/>\n<\/div><\/div><\/div><\/div><\/div><\/div><div class=\"wpb_column vc_column_container vc_col-sm-3\"><div class=\"vc_column-inner\"><div class=\"wpb_wrapper\">\n\t<div class=\"wpb_text_column wpb_content_element\" >\n\t\t<div class=\"wpb_wrapper\">\n\t\t\t<p><a href=\"https:\/\/vizir.az\/wp-content\/uploads\/2020\/08\/3050-do.pdf\">3050 DO<\/a><\/p>\n\n\t\t<\/div>\n\t<\/div>\n<div class=\"ult-just-icon-wrapper\"><div class=\"align-icon\" style=\"text-align:left;\">\n<div class=\"aio-icon-img\" style=\"font-size:48px;display:inline-block;\" >\n\t<img decoding=\"async\" class=\"img-icon\" alt=\"null\" src=\"https:\/\/vizir.az\/wp-content\/uploads\/2019\/09\/pdf.png\"\/>\n<\/div><\/div><\/div><\/div><\/div><\/div><div class=\"wpb_column vc_column_container vc_col-sm-3\"><div class=\"vc_column-inner\"><div class=\"wpb_wrapper\">\n\t<div class=\"wpb_text_column wpb_content_element\" >\n\t\t<div class=\"wpb_wrapper\">\n\t\t\t<p><a href=\"https:\/\/vizir.az\/wp-content\/uploads\/2020\/08\/3050-olv.pdf\">3050 OLV<\/a><\/p>\n\n\t\t<\/div>\n\t<\/div>\n<div class=\"ult-just-icon-wrapper\"><div class=\"align-icon\" style=\"text-align:left;\">\n<div class=\"aio-icon-img\" style=\"font-size:48px;display:inline-block;\" >\n\t<img decoding=\"async\" class=\"img-icon\" alt=\"null\" src=\"https:\/\/vizir.az\/wp-content\/uploads\/2019\/09\/pdf.png\"\/>\n<\/div><\/div><\/div><\/div><\/div><\/div><\/div><div class=\"vc_empty_space\"   style=\"height: 32px\"><span class=\"vc_empty_space_inner\"><\/span><\/div><div class=\"vc_row wpb_row vc_inner vc_row-fluid vc_row-o-equal-height vc_row-o-content-middle vc_row-flex\"><div class=\"wpb_column vc_column_container vc_col-sm-3\"><div class=\"vc_column-inner\"><div class=\"wpb_wrapper\">\n\t<div  class=\"wpb_single_image wpb_content_element vc_align_center\">\n\t\t\n\t\t<figure class=\"wpb_wrapper vc_figure\">\n\t\t\t<div class=\"vc_single_image-wrapper   vc_box_border_grey\"><img loading=\"lazy\" decoding=\"async\" width=\"300\" height=\"246\" src=\"https:\/\/vizir.az\/wp-content\/uploads\/2019\/09\/1h_3050-slr-300x246.jpg\" class=\"vc_single_image-img attachment-medium\" alt=\"\" title=\"1h_3050 slr\" srcset=\"https:\/\/vizir.az\/wp-content\/uploads\/2019\/09\/1h_3050-slr-300x246.jpg 300w, https:\/\/vizir.az\/wp-content\/uploads\/2019\/09\/1h_3050-slr.jpg 406w\" sizes=\"auto, (max-width: 300px) 100vw, 300px\"  data-dt-location=\"https:\/\/vizir.az\/az\/1h_3050-slr-2\/\" \/><\/div>\n\t\t<\/figure>\n\t<\/div>\n<div class=\"vc_empty_space\"   style=\"height: 16px\"><span class=\"vc_empty_space_inner\"><\/span><\/div><\/div><\/div><\/div><div class=\"wpb_column vc_column_container vc_col-sm-3\"><div class=\"vc_column-inner\"><div class=\"wpb_wrapper\">\n\t<div  class=\"wpb_single_image wpb_content_element vc_align_center\">\n\t\t\n\t\t<figure class=\"wpb_wrapper vc_figure\">\n\t\t\t<div class=\"vc_single_image-wrapper   vc_box_border_grey\"><img loading=\"lazy\" decoding=\"async\" width=\"300\" height=\"170\" src=\"https:\/\/vizir.az\/wp-content\/uploads\/2019\/09\/1g_3050-rm-300x170.jpg\" class=\"vc_single_image-img attachment-medium\" alt=\"\" title=\"1g_3050 rm\" srcset=\"https:\/\/vizir.az\/wp-content\/uploads\/2019\/09\/1g_3050-rm-300x170.jpg 300w, https:\/\/vizir.az\/wp-content\/uploads\/2019\/09\/1g_3050-rm-768x436.jpg 768w, https:\/\/vizir.az\/wp-content\/uploads\/2019\/09\/1g_3050-rm-1024x581.jpg 1024w, https:\/\/vizir.az\/wp-content\/uploads\/2019\/09\/1g_3050-rm.jpg 1092w\" sizes=\"auto, (max-width: 300px) 100vw, 300px\"  data-dt-location=\"https:\/\/vizir.az\/az\/1g_3050-rm-2\/\" \/><\/div>\n\t\t<\/figure>\n\t<\/div>\n<div class=\"vc_empty_space\"   style=\"height: 16px\"><span class=\"vc_empty_space_inner\"><\/span><\/div><\/div><\/div><\/div><div class=\"wpb_column vc_column_container vc_col-sm-3\"><div class=\"vc_column-inner\"><div class=\"wpb_wrapper\">\n\t<div  class=\"wpb_single_image wpb_content_element vc_align_center\">\n\t\t\n\t\t<figure class=\"wpb_wrapper vc_figure\">\n\t\t\t<div class=\"vc_single_image-wrapper   vc_box_border_grey\"><img loading=\"lazy\" decoding=\"async\" width=\"289\" height=\"300\" src=\"https:\/\/vizir.az\/wp-content\/uploads\/2019\/09\/1j_3050-te-289x300.jpg\" class=\"vc_single_image-img attachment-medium\" alt=\"\" title=\"1j_3050 te\" srcset=\"https:\/\/vizir.az\/wp-content\/uploads\/2019\/09\/1j_3050-te-289x300.jpg 289w, https:\/\/vizir.az\/wp-content\/uploads\/2019\/09\/1j_3050-te.jpg 647w\" sizes=\"auto, (max-width: 289px) 100vw, 289px\"  data-dt-location=\"https:\/\/vizir.az\/az\/1j_3050-te-2\/\" \/><\/div>\n\t\t<\/figure>\n\t<\/div>\n<div class=\"vc_empty_space\"   style=\"height: 16px\"><span class=\"vc_empty_space_inner\"><\/span><\/div><\/div><\/div><\/div><\/div><div class=\"vc_row wpb_row vc_inner vc_row-fluid\"><div class=\"wpb_column vc_column_container vc_col-sm-3\"><div class=\"vc_column-inner\"><div class=\"wpb_wrapper\">\n\t<div class=\"wpb_text_column wpb_content_element\" >\n\t\t<div class=\"wpb_wrapper\">\n\t\t\t<p><a href=\"https:\/\/vizir.az\/wp-content\/uploads\/2020\/08\/3050-slr.pdf\">3050 SLR<\/a><\/p>\n\n\t\t<\/div>\n\t<\/div>\n<div class=\"ult-just-icon-wrapper\"><div class=\"align-icon\" style=\"text-align:left;\">\n<div class=\"aio-icon-img\" style=\"font-size:48px;display:inline-block;\" >\n\t<img decoding=\"async\" class=\"img-icon\" alt=\"null\" src=\"https:\/\/vizir.az\/wp-content\/uploads\/2019\/09\/pdf.png\"\/>\n<\/div><\/div><\/div><\/div><\/div><\/div><div class=\"wpb_column vc_column_container vc_col-sm-3\"><div class=\"vc_column-inner\"><div class=\"wpb_wrapper\">\n\t<div class=\"wpb_text_column wpb_content_element\" >\n\t\t<div class=\"wpb_wrapper\">\n\t\t\t<p><a href=\"https:\/\/vizir.az\/wp-content\/uploads\/2020\/08\/3050-rm.pdf\">3050 RM<\/a><\/p>\n\n\t\t<\/div>\n\t<\/div>\n<div class=\"ult-just-icon-wrapper\"><div class=\"align-icon\" style=\"text-align:left;\">\n<div class=\"aio-icon-img\" style=\"font-size:48px;display:inline-block;\" >\n\t<img decoding=\"async\" class=\"img-icon\" alt=\"null\" src=\"https:\/\/vizir.az\/wp-content\/uploads\/2019\/09\/pdf.png\"\/>\n<\/div><\/div><\/div><\/div><\/div><\/div><div class=\"wpb_column vc_column_container vc_col-sm-3\"><div class=\"vc_column-inner\"><div class=\"wpb_wrapper\">\n\t<div class=\"wpb_text_column wpb_content_element\" >\n\t\t<div class=\"wpb_wrapper\">\n\t\t\t<p><img loading=\"lazy\" decoding=\"async\" class=\"alignnone wp-image-50469\" src=\"https:\/\/vizir.az\/inc\/uploads\/2019\/09\/pdf.png\" alt=\"\" width=\"50\" height=\"50\" \/><a href=\"https:\/\/vizir.az\/wp-content\/uploads\/2020\/08\/3050-te.pdf\">3050 TE<\/a><\/p>\n\n\t\t<\/div>\n\t<\/div>\n<div class=\"ult-just-icon-wrapper\"><div class=\"align-icon\" style=\"text-align:left;\">\n<div class=\"aio-icon-img\" style=\"font-size:48px;display:inline-block;\" >\n\t<img decoding=\"async\" class=\"img-icon\" alt=\"null\" src=\"https:\/\/vizir.az\/wp-content\/uploads\/2019\/09\/pdf.png\"\/>\n<\/div><\/div><\/div><\/div><\/div><\/div><div class=\"wpb_column vc_column_container vc_col-sm-3\"><div class=\"vc_column-inner\"><div class=\"wpb_wrapper\"><\/div><\/div><\/div><\/div><\/div><\/div><\/div><\/div>\n<\/div>","protected":false},"excerpt":{"rendered":"<p>3050 Series Moisture Analyzer The 3050 series of moisture analyzers utilize AMETEK\u2019s proven, accurate quartz crystal microbalance (QCM) technology. Built-in verification provides operators with increased measurement confidence. The industry standard for trace moisture applications, QCM technology delivers the most accurate measurements available, and responds quickly to increasing and decreasing moisture levels. The 3050 optimizes this&hellip;<\/p>","protected":false},"author":3,"featured_media":0,"parent":51019,"menu_order":0,"comment_status":"closed","ping_status":"open","template":"","meta":{"footnotes":""},"class_list":["post-51022","page","type-page","status-publish","hentry","description-off"],"_links":{"self":[{"href":"https:\/\/vizir.az\/az\/wp-json\/wp\/v2\/pages\/51022","targetHints":{"allow":["GET"]}}],"collection":[{"href":"https:\/\/vizir.az\/az\/wp-json\/wp\/v2\/pages"}],"about":[{"href":"https:\/\/vizir.az\/az\/wp-json\/wp\/v2\/types\/page"}],"author":[{"embeddable":true,"href":"https:\/\/vizir.az\/az\/wp-json\/wp\/v2\/users\/3"}],"replies":[{"embeddable":true,"href":"https:\/\/vizir.az\/az\/wp-json\/wp\/v2\/comments?post=51022"}],"version-history":[{"count":16,"href":"https:\/\/vizir.az\/az\/wp-json\/wp\/v2\/pages\/51022\/revisions"}],"predecessor-version":[{"id":52033,"href":"https:\/\/vizir.az\/az\/wp-json\/wp\/v2\/pages\/51022\/revisions\/52033"}],"up":[{"embeddable":true,"href":"https:\/\/vizir.az\/az\/wp-json\/wp\/v2\/pages\/51019"}],"wp:attachment":[{"href":"https:\/\/vizir.az\/az\/wp-json\/wp\/v2\/media?parent=51022"}],"curies":[{"name":"wp","href":"https:\/\/api.w.org\/{rel}","templated":true}]}}