{"id":51167,"date":"2019-09-27T17:05:23","date_gmt":"2019-09-27T17:05:23","guid":{"rendered":"https:\/\/vizir.az\/?page_id=51167"},"modified":"2020-08-08T14:25:28","modified_gmt":"2020-08-08T14:25:28","slug":"model-933-h2s-in-natural-gas","status":"publish","type":"page","link":"https:\/\/vizir.az\/az\/in-line-sulfur-analyzers\/model-933-h2s-in-natural-gas\/","title":{"rendered":"Kommersiya qaz\u0131nda H2S konsentrasiyas\u0131 analizatoru model 933."},"content":{"rendered":"<div class=\"wpb-content-wrapper\"><div class=\"vc_row wpb_row vc_row-fluid\"><div class=\"wpb_column vc_column_container vc_col-sm-6\"><div class=\"vc_column-inner\"><div class=\"wpb_wrapper\"><div id=\"ultimate-heading-950269d0279332f5c\" class=\"uvc-heading ult-adjust-bottom-margin ultimate-heading-950269d0279332f5c uvc-7108  uvc-heading-default-font-sizes\" data-hspacer=\"line_only\"  data-halign=\"left\" style=\"text-align:left\"><div class=\"uvc-main-heading ult-responsive\"  data-ultimate-target='.uvc-heading.ultimate-heading-950269d0279332f5c h2'  data-responsive-json-new='{\"font-size\":\"\",\"line-height\":\"\"}' ><h2 style=\"--font-weight:theme;\">Kommersiya qaz\u0131nda H2S konsentrasiyas\u0131 analizatoru model 933.<\/h2><\/div><div class=\"uvc-heading-spacer line_only\" style=\"topheight:1px;\"><span class=\"uvc-headings-line\" style=\"border-style:solid;border-bottom-width:1px;border-color:#ccc;width:autopx;\"><\/span><\/div><\/div><div class=\"vc_empty_space\"   style=\"height: 32px\"><span class=\"vc_empty_space_inner\"><\/span><\/div>\n\t<div class=\"wpb_text_column wpb_content_element\" >\n\t\t<div class=\"wpb_wrapper\">\n\t\t\t<p class=\"translation-block\">H\u0259m analizator 933, h\u0259m d\u0259 daya\u011fa qura\u015fd\u0131r\u0131lm\u0131\u015f analizator 933RM unikal ultrab\u0259n\u00f6v\u015f\u0259yi (UB) fotometrik analiz sistemidir v\u0259 t\u0259bii qaz s\u0259rfiyat\u0131nda hidrogen-sulfid (H2S), karbonilsulfid (COS) v\u0259 metil merkaptan\u0131n (CH3SH) a\u015fa\u011f\u0131 s\u0259viyy\u0259li t\u0259rkibinin \u00f6l\u00e7\u00fclm\u0259si \u00fc\u00e7\u00fcn n\u0259z\u0259rd\u0259 tutulmu\u015fdur.\nUzun m\u00fcdd\u0259t avtomatik i\u015fl\u0259m\u0259k imkan\u0131na malik olan analizator 933 tam inteqrasiya edilmi\u015f analizatordan v\u0259 n\u00fcmun\u0259l\u0259rin se\u00e7ilm\u0259si sistemind\u0259n ibar\u0259tdir. O, H2S v\u0259 dig\u0259r k\u00fck\u00fcrd birl\u0259\u015fm\u0259l\u0259rinin konsentrasiyas\u0131n\u0131n artmas\u0131 v\u0259 ya azalmas\u0131na s\u00fcr\u0259tli reaksiya m\u00fcdd\u0259tini t\u0259min edir.\n933 modelind\u0259 AMETEK-in n\u00fcmun\u0259l\u0259rin frontal el\u00fcsiyal\u0131 xromotoqrafiya \u00fcsulu il\u0259 se\u00e7ilm\u0259si \u00fc\u00e7\u00fcn patentl\u0259\u015fdirilmi\u015f metodundan v\u0259 900 seriyas\u0131ndan olan, son d\u0259r\u0259c\u0259 y\u00fcks\u0259k keyfiyy\u0259tli, \u00e7oxdal\u011fal\u0131 ultrab\u0259n\u00f6v\u015f\u0259yi optik h\u00fccr\u0259d\u0259n istifad\u0259 edilir. Bunlar bir araya g\u0259l\u0259r\u0259k \u00f6l\u00e7m\u0259l\u0259rin d\u0259qiq v\u0259 m\u00fcdaxil\u0259siz olmas\u0131n\u0131 t\u0259min edir.\nKarbonilsulfid (COS) v\u0259 metil merkaptan (CH3SH) s\u0259viyy\u0259sinin \u00f6l\u00e7\u00fclm\u0259si \u00fc\u00e7\u00fcn \u0259lav\u0259 rejiml\u0259rin olmas\u0131 say\u0259sind\u0259 analizator 933 karbohidrogen emal\u0131, t\u0259bii qaz v\u0259 neft-kimya s\u0259nayel\u0259rind\u0259 f\u0259rqli sah\u0259l\u0259rd\u0259 t\u0259tbiq \u00fc\u00e7\u00fcn ideald\u0131r.<\/p>\n\n\t\t<\/div>\n\t<\/div>\n<\/div><\/div><\/div><div class=\"wpb_column vc_column_container vc_col-sm-6\"><div class=\"vc_column-inner\"><div class=\"wpb_wrapper\"><div class=\"vc_empty_space\"   style=\"height: 16px\"><span class=\"vc_empty_space_inner\"><\/span><\/div><div class=\"vc_row wpb_row vc_inner vc_row-fluid\"><div class=\"wpb_column vc_column_container vc_col-sm-12\"><div class=\"vc_column-inner\"><div class=\"wpb_wrapper\">\n\t<div  class=\"wpb_single_image wpb_content_element vc_align_center\">\n\t\t\n\t\t<figure class=\"wpb_wrapper vc_figure\">\n\t\t\t<div class=\"vc_single_image-wrapper   vc_box_border_grey\"><img loading=\"lazy\" decoding=\"async\" width=\"230\" height=\"300\" src=\"https:\/\/vizir.az\/wp-content\/uploads\/2019\/09\/10a_933-230x300.jpg\" class=\"vc_single_image-img attachment-medium\" alt=\"\" title=\"10a_933\" srcset=\"https:\/\/vizir.az\/wp-content\/uploads\/2019\/09\/10a_933-230x300.jpg 230w, https:\/\/vizir.az\/wp-content\/uploads\/2019\/09\/10a_933.jpg 430w\" sizes=\"auto, (max-width: 230px) 100vw, 230px\"  data-dt-location=\"https:\/\/vizir.az\/az\/10a_933-2\/\" \/><\/div>\n\t\t<\/figure>\n\t<\/div>\n<div class=\"vc_empty_space\"   style=\"height: 16px\"><span class=\"vc_empty_space_inner\"><\/span><\/div>\n\t<div class=\"wpb_text_column wpb_content_element\" >\n\t\t<div class=\"wpb_wrapper\">\n\t\t\t<p><a href=\"https:\/\/vizir.az\/wp-content\/uploads\/2020\/08\/933.pdf\">Kommersiya qaz\u0131nda H2S konsentrasiyas\u0131 analizatoru model 933.<\/a><\/p>\n\n\t\t<\/div>\n\t<\/div>\n<div class=\"ult-just-icon-wrapper\"><div class=\"align-icon\" style=\"text-align:left;\">\n<div class=\"aio-icon-img\" style=\"font-size:48px;display:inline-block;\" >\n\t<img decoding=\"async\" class=\"img-icon\" alt=\"null\" src=\"https:\/\/vizir.az\/wp-content\/uploads\/2019\/09\/pdf.png\"\/>\n<\/div><\/div><\/div><\/div><\/div><\/div><\/div><div class=\"vc_empty_space\"   style=\"height: 32px\"><span class=\"vc_empty_space_inner\"><\/span><\/div><\/div><\/div><\/div><\/div><div class=\"vc_row wpb_row vc_row-fluid\"><div class=\"wpb_column vc_column_container vc_col-sm-12\"><div class=\"vc_column-inner\"><div class=\"wpb_wrapper\"><\/div><\/div><\/div><\/div>\n<\/div>","protected":false},"excerpt":{"rendered":"<p>933 Hydrogen Sulfide Analyzer Both analyzer 933 and rack mount package analyzer 933RM are a unique ultraviolet (UV) photometric analyzer system designed for the low-level measurement of hydrogen sulfide (H2S), carbonyl sulfide (COS), and methyl mercaptan (CH3SH) in natural gas applications. Capable of unattended operation for an extended time period, the 933 consists of a&hellip;<\/p>","protected":false},"author":3,"featured_media":0,"parent":51124,"menu_order":0,"comment_status":"closed","ping_status":"open","template":"","meta":{"footnotes":""},"class_list":["post-51167","page","type-page","status-publish","hentry","description-off"],"_links":{"self":[{"href":"https:\/\/vizir.az\/az\/wp-json\/wp\/v2\/pages\/51167","targetHints":{"allow":["GET"]}}],"collection":[{"href":"https:\/\/vizir.az\/az\/wp-json\/wp\/v2\/pages"}],"about":[{"href":"https:\/\/vizir.az\/az\/wp-json\/wp\/v2\/types\/page"}],"author":[{"embeddable":true,"href":"https:\/\/vizir.az\/az\/wp-json\/wp\/v2\/users\/3"}],"replies":[{"embeddable":true,"href":"https:\/\/vizir.az\/az\/wp-json\/wp\/v2\/comments?post=51167"}],"version-history":[{"count":3,"href":"https:\/\/vizir.az\/az\/wp-json\/wp\/v2\/pages\/51167\/revisions"}],"predecessor-version":[{"id":52039,"href":"https:\/\/vizir.az\/az\/wp-json\/wp\/v2\/pages\/51167\/revisions\/52039"}],"up":[{"embeddable":true,"href":"https:\/\/vizir.az\/az\/wp-json\/wp\/v2\/pages\/51124"}],"wp:attachment":[{"href":"https:\/\/vizir.az\/az\/wp-json\/wp\/v2\/media?parent=51167"}],"curies":[{"name":"wp","href":"https:\/\/api.w.org\/{rel}","templated":true}]}}