{"id":51207,"date":"2019-09-28T13:42:03","date_gmt":"2019-09-28T13:42:03","guid":{"rendered":"https:\/\/vizir.az\/?page_id=51207"},"modified":"2021-04-12T15:16:48","modified_gmt":"2021-04-12T15:16:48","slug":"pressure-calibrators","status":"publish","type":"page","link":"https:\/\/vizir.az\/az\/calibrators\/pressure-calibrators\/","title":{"rendered":"T\u0259zyiq kalibratorlar\u0131"},"content":{"rendered":"<div class=\"wpb-content-wrapper\"><div class=\"vc_row wpb_row vc_row-fluid\"><div class=\"wpb_column vc_column_container vc_col-sm-12\"><div class=\"vc_column-inner\"><div class=\"wpb_wrapper\"><div id=\"ultimate-heading-343569d9113441a95\" class=\"uvc-heading ult-adjust-bottom-margin ultimate-heading-343569d9113441a95 uvc-4108  uvc-heading-default-font-sizes\" data-hspacer=\"line_only\"  data-halign=\"right\" style=\"text-align:right\"><div class=\"uvc-main-heading ult-responsive\"  data-ultimate-target='.uvc-heading.ultimate-heading-343569d9113441a95 h2'  data-responsive-json-new='{\"font-size\":\"\",\"line-height\":\"\"}' ><h2 style=\"--font-weight:theme;\">T\u0259zyiq kalibratorlar\u0131<\/h2><\/div><div class=\"uvc-heading-spacer line_only\" style=\"topheight:1px;\"><span class=\"uvc-headings-line\" style=\"border-style:solid;border-bottom-width:1px;border-color:#ccc;width:autopx;\"><\/span><\/div><\/div><div class=\"vc_empty_space\"   style=\"height: 32px\"><span class=\"vc_empty_space_inner\"><\/span><\/div><\/div><\/div><\/div><\/div><div class=\"vc_row wpb_row vc_row-fluid vc_row-o-equal-height vc_row-o-content-middle vc_row-flex\"><div class=\"wpb_column vc_column_container vc_col-sm-3\"><div class=\"vc_column-inner\"><div class=\"wpb_wrapper\"><div class=\"vc_row wpb_row vc_inner vc_row-fluid vc_row-o-content-middle vc_row-flex\"><div class=\"wpb_column vc_column_container vc_col-sm-6\"><div class=\"vc_column-inner\"><div class=\"wpb_wrapper\">\n\t<div  class=\"wpb_single_image wpb_content_element vc_align_left  wpb_animate_when_almost_visible wpb_fadeIn fadeIn\">\n\t\t\n\t\t<figure class=\"wpb_wrapper vc_figure\">\n\t\t\t<div class=\"vc_single_image-wrapper   vc_box_border_grey\"><img loading=\"lazy\" decoding=\"async\" width=\"601\" height=\"601\" src=\"https:\/\/vizir.az\/wp-content\/uploads\/2019\/11\/1-1.png\" class=\"vc_single_image-img attachment-full\" alt=\"\" title=\"\" srcset=\"https:\/\/vizir.az\/wp-content\/uploads\/2019\/11\/1-1.png 601w, https:\/\/vizir.az\/wp-content\/uploads\/2019\/11\/1-1-300x300.png 300w, https:\/\/vizir.az\/wp-content\/uploads\/2019\/11\/1-1-150x150.png 150w\" sizes=\"auto, (max-width: 601px) 100vw, 601px\"  data-dt-location=\"https:\/\/vizir.az\/az\/calibrators\/pressure-calibrators\/1-3\/\" \/><\/div>\n\t\t<\/figure>\n\t<\/div>\n<\/div><\/div><\/div><div class=\"wpb_column vc_column_container vc_col-sm-6 vc_col-has-fill\"><div class=\"vc_column-inner vc_custom_1568189501205\"><div class=\"wpb_wrapper\">\n\t<div class=\"wpb_text_column wpb_content_element\" >\n\t\t<div class=\"wpb_wrapper\">\n\t\t\t<h5><a href=\"https:\/\/vizir.az\/az\/hpc50-series-pressure-calibrator\/\">HPC50 seriyal\u0131 T\u0259zyiq Kalibratoru<\/a><\/h5>\n\n\t\t<\/div>\n\t<\/div>\n<\/div><\/div><\/div><\/div><\/div><\/div><\/div><div class=\"wpb_column vc_column_container vc_col-sm-3\"><div class=\"vc_column-inner\"><div class=\"wpb_wrapper\"><div class=\"vc_row wpb_row vc_inner vc_row-fluid vc_row-o-content-middle vc_row-flex\"><div class=\"wpb_column vc_column_container vc_col-sm-6\"><div class=\"vc_column-inner\"><div class=\"wpb_wrapper\">\n\t<div  class=\"wpb_single_image wpb_content_element vc_align_left\">\n\t\t\n\t\t<figure class=\"wpb_wrapper vc_figure\">\n\t\t\t<div class=\"vc_single_image-wrapper   vc_box_border_grey\"><img loading=\"lazy\" decoding=\"async\" width=\"601\" height=\"601\" src=\"https:\/\/vizir.az\/wp-content\/uploads\/2019\/11\/2-1.png\" class=\"vc_single_image-img attachment-full\" alt=\"\" title=\"2\" srcset=\"https:\/\/vizir.az\/wp-content\/uploads\/2019\/11\/2-1.png 601w, https:\/\/vizir.az\/wp-content\/uploads\/2019\/11\/2-1-300x300.png 300w, https:\/\/vizir.az\/wp-content\/uploads\/2019\/11\/2-1-150x150.png 150w\" sizes=\"auto, (max-width: 601px) 100vw, 601px\"  data-dt-location=\"https:\/\/vizir.az\/az\/calibrators\/pressure-calibrators\/2-3\/\" \/><\/div>\n\t\t<\/figure>\n\t<\/div>\n<\/div><\/div><\/div><div class=\"wpb_column vc_column_container vc_col-sm-6 vc_col-has-fill\"><div class=\"vc_column-inner vc_custom_1568188510198\"><div class=\"wpb_wrapper\">\n\t<div class=\"wpb_text_column wpb_content_element\" >\n\t\t<div class=\"wpb_wrapper\">\n\t\t\t<h5><a href=\"https:\/\/vizir.az\/az\/hpc40-series-pressure-calibrator\/\">HPC40 seriyal\u0131 T\u0259zyiq Kalibratoru<\/a><\/h5>\n\n\t\t<\/div>\n\t<\/div>\n<\/div><\/div><\/div><\/div><\/div><\/div><\/div><div class=\"wpb_column vc_column_container vc_col-sm-3\"><div class=\"vc_column-inner\"><div class=\"wpb_wrapper\"><div class=\"vc_row wpb_row vc_inner vc_row-fluid vc_row-o-content-middle vc_row-flex\"><div class=\"wpb_column vc_column_container vc_col-sm-6\"><div class=\"vc_column-inner\"><div class=\"wpb_wrapper\">\n\t<div  class=\"wpb_single_image wpb_content_element vc_align_left\">\n\t\t\n\t\t<figure class=\"wpb_wrapper vc_figure\">\n\t\t\t<div class=\"vc_single_image-wrapper   vc_box_border_grey\"><img loading=\"lazy\" decoding=\"async\" width=\"601\" height=\"601\" src=\"https:\/\/vizir.az\/wp-content\/uploads\/2019\/11\/3-1.png\" class=\"vc_single_image-img attachment-full\" alt=\"\" title=\"\" srcset=\"https:\/\/vizir.az\/wp-content\/uploads\/2019\/11\/3-1.png 601w, https:\/\/vizir.az\/wp-content\/uploads\/2019\/11\/3-1-300x300.png 300w, https:\/\/vizir.az\/wp-content\/uploads\/2019\/11\/3-1-150x150.png 150w\" sizes=\"auto, (max-width: 601px) 100vw, 601px\"  data-dt-location=\"https:\/\/vizir.az\/az\/calibrators\/pressure-calibrators\/3-3\/\" \/><\/div>\n\t\t<\/figure>\n\t<\/div>\n<\/div><\/div><\/div><div class=\"wpb_column vc_column_container vc_col-sm-6 vc_col-has-fill\"><div class=\"vc_column-inner vc_custom_1568188510198\"><div class=\"wpb_wrapper\">\n\t<div class=\"wpb_text_column wpb_content_element\" >\n\t\t<div class=\"wpb_wrapper\">\n\t\t\t<h5><a href=\"https:\/\/vizir.az\/az\/nvision-reference-recorder\/\">Q\u0131\u011f\u0131lc\u0131mdan t\u0259hl\u00fck\u0259siz  nVision t\u0259zyiq etalon qeydedici<\/a><\/h5>\n\n\t\t<\/div>\n\t<\/div>\n<\/div><\/div><\/div><\/div><\/div><\/div><\/div><div class=\"wpb_column vc_column_container vc_col-sm-3\"><div class=\"vc_column-inner\"><div class=\"wpb_wrapper\"><div class=\"vc_row wpb_row vc_inner vc_row-fluid vc_row-o-content-middle vc_row-flex\"><div class=\"wpb_column vc_column_container vc_col-sm-6\"><div class=\"vc_column-inner\"><div class=\"wpb_wrapper\">\n\t<div  class=\"wpb_single_image wpb_content_element vc_align_left\">\n\t\t\n\t\t<figure class=\"wpb_wrapper vc_figure\">\n\t\t\t<div class=\"vc_single_image-wrapper   vc_box_border_grey\"><img loading=\"lazy\" decoding=\"async\" width=\"328\" height=\"220\" src=\"https:\/\/vizir.az\/wp-content\/uploads\/2019\/09\/PCAL-PPCH_02a_328px_x_220px-1.jpg\" class=\"vc_single_image-img attachment-full\" alt=\"\" title=\"PCAL-PPCH_02a_328px_x_220px\" srcset=\"https:\/\/vizir.az\/wp-content\/uploads\/2019\/09\/PCAL-PPCH_02a_328px_x_220px-1.jpg 328w, https:\/\/vizir.az\/wp-content\/uploads\/2019\/09\/PCAL-PPCH_02a_328px_x_220px-1-300x201.jpg 300w\" sizes=\"auto, (max-width: 328px) 100vw, 328px\"  data-dt-location=\"https:\/\/vizir.az\/az\/calibrators\/pressure-calibrators\/pcal-ppch_02a_328px_x_220px-2\/\" \/><\/div>\n\t\t<\/figure>\n\t<\/div>\n<\/div><\/div><\/div><div class=\"wpb_column vc_column_container vc_col-sm-6 vc_col-has-fill\"><div class=\"vc_column-inner vc_custom_1568188510198\"><div class=\"wpb_wrapper\">\n\t<div class=\"wpb_text_column wpb_content_element\" >\n\t\t<div class=\"wpb_wrapper\">\n\t\t\t<h5><a href=\"https:\/\/vizir.az\/az\/ppch-automated-pressure-controller-calibrator\/\">Hidravlik t\u0259zyiq kalibrator-kontroller \u0420\u0420\u0421\u041d<\/a><\/h5>\n\n\t\t<\/div>\n\t<\/div>\n<\/div><\/div><\/div><\/div><\/div><\/div><\/div><\/div><div class=\"vc_row wpb_row vc_row-fluid\"><div class=\"wpb_column vc_column_container vc_col-sm-12\"><div class=\"vc_column-inner\"><div class=\"wpb_wrapper\"><div class=\"vc_empty_space\"   style=\"height: 32px\"><span class=\"vc_empty_space_inner\"><\/span><\/div><\/div><\/div><\/div><\/div><div class=\"vc_row wpb_row vc_row-fluid vc_row-o-equal-height vc_row-o-content-middle vc_row-flex\"><div class=\"wpb_column vc_column_container vc_col-sm-3\"><div class=\"vc_column-inner\"><div class=\"wpb_wrapper\"><div class=\"vc_row wpb_row vc_inner vc_row-fluid vc_row-o-content-middle vc_row-flex\"><div class=\"wpb_column vc_column_container vc_col-sm-6\"><div class=\"vc_column-inner\"><div class=\"wpb_wrapper\">\n\t<div  class=\"wpb_single_image wpb_content_element vc_align_left  wpb_animate_when_almost_visible wpb_fadeIn fadeIn\">\n\t\t\n\t\t<figure class=\"wpb_wrapper vc_figure\">\n\t\t\t<div class=\"vc_single_image-wrapper   vc_box_border_grey\"><img loading=\"lazy\" decoding=\"async\" width=\"1600\" height=\"1600\" src=\"https:\/\/vizir.az\/wp-content\/uploads\/2019\/09\/Ametek_PKII-1-1600x1600.jpg\" class=\"vc_single_image-img attachment-full\" alt=\"\" title=\"Ametek_PKII-1-1600x1600\" srcset=\"https:\/\/vizir.az\/wp-content\/uploads\/2019\/09\/Ametek_PKII-1-1600x1600.jpg 1600w, https:\/\/vizir.az\/wp-content\/uploads\/2019\/09\/Ametek_PKII-1-1600x1600-150x150.jpg 150w, https:\/\/vizir.az\/wp-content\/uploads\/2019\/09\/Ametek_PKII-1-1600x1600-300x300.jpg 300w, https:\/\/vizir.az\/wp-content\/uploads\/2019\/09\/Ametek_PKII-1-1600x1600-768x768.jpg 768w, https:\/\/vizir.az\/wp-content\/uploads\/2019\/09\/Ametek_PKII-1-1600x1600-1024x1024.jpg 1024w\" sizes=\"auto, (max-width: 1600px) 100vw, 1600px\"  data-dt-location=\"https:\/\/vizir.az\/az\/calibrators\/pressure-calibrators\/ametek_pkii-1-1600x1600\/\" \/><\/div>\n\t\t<\/figure>\n\t<\/div>\n<\/div><\/div><\/div><div class=\"wpb_column vc_column_container vc_col-sm-6 vc_col-has-fill\"><div class=\"vc_column-inner vc_custom_1568189501205\"><div class=\"wpb_wrapper\">\n\t<div class=\"wpb_text_column wpb_content_element\" >\n\t\t<div class=\"wpb_wrapper\">\n\t\t\t<h5><a href=\"https:\/\/vizir.az\/az\/pk-ii-deadweight-tester\/\">PKII. Y\u00fck-por\u015fenli pnevmatik t\u0259zyiq kalibratoru<\/a><\/h5>\n\n\t\t<\/div>\n\t<\/div>\n<\/div><\/div><\/div><\/div><\/div><\/div><\/div><div class=\"wpb_column vc_column_container vc_col-sm-3\"><div class=\"vc_column-inner\"><div class=\"wpb_wrapper\"><div class=\"vc_row wpb_row vc_inner vc_row-fluid vc_row-o-content-middle vc_row-flex\"><div class=\"wpb_column vc_column_container vc_col-sm-6\"><div class=\"vc_column-inner\"><div class=\"wpb_wrapper\">\n\t<div  class=\"wpb_single_image wpb_content_element vc_align_left\">\n\t\t\n\t\t<figure class=\"wpb_wrapper vc_figure\">\n\t\t\t<div class=\"vc_single_image-wrapper   vc_box_border_grey\"><img loading=\"lazy\" decoding=\"async\" width=\"600\" height=\"600\" src=\"https:\/\/vizir.az\/wp-content\/uploads\/2019\/09\/rkdead-600x600.png\" class=\"vc_single_image-img attachment-full\" alt=\"\" title=\"rkdead-600x600\" srcset=\"https:\/\/vizir.az\/wp-content\/uploads\/2019\/09\/rkdead-600x600.png 600w, https:\/\/vizir.az\/wp-content\/uploads\/2019\/09\/rkdead-600x600-150x150.png 150w, https:\/\/vizir.az\/wp-content\/uploads\/2019\/09\/rkdead-600x600-300x300.png 300w\" sizes=\"auto, (max-width: 600px) 100vw, 600px\"  data-dt-location=\"https:\/\/vizir.az\/az\/calibrators\/pressure-calibrators\/rk-deadweight-tester\/rkdead-600x600\/\" \/><\/div>\n\t\t<\/figure>\n\t<\/div>\n<\/div><\/div><\/div><div class=\"wpb_column vc_column_container vc_col-sm-6 vc_col-has-fill\"><div class=\"vc_column-inner vc_custom_1568188510198\"><div class=\"wpb_wrapper\">\n\t<div class=\"wpb_text_column wpb_content_element\" >\n\t\t<div class=\"wpb_wrapper\">\n\t\t\t<h5><a href=\"https:\/\/vizir.az\/az\/rk-deadweight-tester\/\">RK. Y\u00fck-por\u015fenli pnevmatik t\u0259zyiq kalibratoru<\/a><\/h5>\n\n\t\t<\/div>\n\t<\/div>\n<\/div><\/div><\/div><\/div><\/div><\/div><\/div><div class=\"wpb_column vc_column_container vc_col-sm-3\"><div class=\"vc_column-inner\"><div class=\"wpb_wrapper\"><div class=\"vc_row wpb_row vc_inner vc_row-fluid vc_row-o-content-middle vc_row-flex\"><div class=\"wpb_column vc_column_container vc_col-sm-6\"><div class=\"vc_column-inner\"><div class=\"wpb_wrapper\">\n\t<div  class=\"wpb_single_image wpb_content_element vc_align_left\">\n\t\t\n\t\t<figure class=\"wpb_wrapper vc_figure\">\n\t\t\t<div class=\"vc_single_image-wrapper   vc_box_border_grey\"><img loading=\"lazy\" decoding=\"async\" width=\"400\" height=\"295\" src=\"https:\/\/vizir.az\/wp-content\/uploads\/2019\/09\/AMETEK-Jofra-Type-T-Dead-Weight.png\" class=\"vc_single_image-img attachment-full\" alt=\"\" title=\"AMETEK-Jofra-Type-T-Dead-Weight\" srcset=\"https:\/\/vizir.az\/wp-content\/uploads\/2019\/09\/AMETEK-Jofra-Type-T-Dead-Weight.png 400w, https:\/\/vizir.az\/wp-content\/uploads\/2019\/09\/AMETEK-Jofra-Type-T-Dead-Weight-300x221.png 300w\" sizes=\"auto, (max-width: 400px) 100vw, 400px\"  data-dt-location=\"https:\/\/vizir.az\/az\/calibrators\/pressure-calibrators\/type-t-deadweight-tester\/ametek-jofra-type-t-dead-weight\/\" \/><\/div>\n\t\t<\/figure>\n\t<\/div>\n<\/div><\/div><\/div><div class=\"wpb_column vc_column_container vc_col-sm-6 vc_col-has-fill\"><div class=\"vc_column-inner vc_custom_1568188510198\"><div class=\"wpb_wrapper\">\n\t<div class=\"wpb_text_column wpb_content_element\" >\n\t\t<div class=\"wpb_wrapper\">\n\t\t\t<h5><a href=\"https:\/\/vizir.az\/az\/type-t-deadweight-tester\/\">T tipli. Y\u00fck-por\u015fenli pnevmatik t\u0259zyiq kalibratoru<\/a><\/h5>\n\n\t\t<\/div>\n\t<\/div>\n<\/div><\/div><\/div><\/div><\/div><\/div><\/div><div class=\"wpb_column vc_column_container vc_col-sm-3\"><div class=\"vc_column-inner\"><div class=\"wpb_wrapper\"><div class=\"vc_row wpb_row vc_inner vc_row-fluid vc_row-o-content-middle vc_row-flex\"><div class=\"wpb_column vc_column_container vc_col-sm-6\"><div class=\"vc_column-inner\"><div class=\"wpb_wrapper\">\n\t<div  class=\"wpb_single_image wpb_content_element vc_align_left\">\n\t\t\n\t\t<figure class=\"wpb_wrapper vc_figure\">\n\t\t\t<div class=\"vc_single_image-wrapper   vc_box_border_grey\"><img loading=\"lazy\" decoding=\"async\" width=\"293\" height=\"172\" src=\"https:\/\/vizir.az\/wp-content\/uploads\/2019\/09\/PPC4-Hydraulic-Pressure-Controller-Calibrator-1-1.jpg\" class=\"vc_single_image-img attachment-full\" alt=\"\" title=\"PPC4 Hydraulic Pressure Controller Calibrator\"  data-dt-location=\"https:\/\/vizir.az\/az\/calibrators\/pressure-calibrators\/ppc4-hydraulic-pressure-controller-calibrator-3\/\" \/><\/div>\n\t\t<\/figure>\n\t<\/div>\n<\/div><\/div><\/div><div class=\"wpb_column vc_column_container vc_col-sm-6 vc_col-has-fill\"><div class=\"vc_column-inner vc_custom_1568188510198\"><div class=\"wpb_wrapper\">\n\t<div class=\"wpb_text_column wpb_content_element\" >\n\t\t<div class=\"wpb_wrapper\">\n\t\t\t<h5><a href=\"https:\/\/vizir.az\/az\/ppc4-hydraulic-pressure-controller-calibrator\/\">PPC4 universal presizion t\u0259zyiq kalibrator-kontroller<\/a><\/h5>\n\n\t\t<\/div>\n\t<\/div>\n<\/div><\/div><\/div><\/div><\/div><\/div><\/div><\/div><div class=\"vc_row wpb_row vc_row-fluid\"><div class=\"wpb_column vc_column_container vc_col-sm-12\"><div class=\"vc_column-inner\"><div class=\"wpb_wrapper\"><div class=\"vc_empty_space\"   style=\"height: 32px\"><span class=\"vc_empty_space_inner\"><\/span><\/div><\/div><\/div><\/div><\/div>\n<\/div>","protected":false},"excerpt":{"rendered":"<p>Pressure Calibrators HPC50 Series Pressure Calibrator HPC40 Series Pressure Calibrator nVision Intrinsically Safe Reference Pressure Recorder Hydraulic pressure calibrator-controller \u0420\u0420\u0421\u041d PKII. Pneumatic deadweight tester RK. Pneumatic pressure deadweight tester Type T. Hydraulic deadweight tester PPC4 universal precision pressure calibrator-controller<\/p>","protected":false},"author":3,"featured_media":0,"parent":51557,"menu_order":0,"comment_status":"closed","ping_status":"open","template":"","meta":{"footnotes":""},"class_list":["post-51207","page","type-page","status-publish","hentry","description-off"],"_links":{"self":[{"href":"https:\/\/vizir.az\/az\/wp-json\/wp\/v2\/pages\/51207","targetHints":{"allow":["GET"]}}],"collection":[{"href":"https:\/\/vizir.az\/az\/wp-json\/wp\/v2\/pages"}],"about":[{"href":"https:\/\/vizir.az\/az\/wp-json\/wp\/v2\/types\/page"}],"author":[{"embeddable":true,"href":"https:\/\/vizir.az\/az\/wp-json\/wp\/v2\/users\/3"}],"replies":[{"embeddable":true,"href":"https:\/\/vizir.az\/az\/wp-json\/wp\/v2\/comments?post=51207"}],"version-history":[{"count":20,"href":"https:\/\/vizir.az\/az\/wp-json\/wp\/v2\/pages\/51207\/revisions"}],"predecessor-version":[{"id":52094,"href":"https:\/\/vizir.az\/az\/wp-json\/wp\/v2\/pages\/51207\/revisions\/52094"}],"up":[{"embeddable":true,"href":"https:\/\/vizir.az\/az\/wp-json\/wp\/v2\/pages\/51557"}],"wp:attachment":[{"href":"https:\/\/vizir.az\/az\/wp-json\/wp\/v2\/media?parent=51207"}],"curies":[{"name":"wp","href":"https:\/\/api.w.org\/{rel}","templated":true}]}}