{"id":51209,"date":"2019-09-28T14:01:19","date_gmt":"2019-09-28T14:01:19","guid":{"rendered":"https:\/\/vizir.az\/?page_id=51209"},"modified":"2021-04-02T17:12:45","modified_gmt":"2021-04-02T17:12:45","slug":"hpc50-series-pressure-calibrator","status":"publish","type":"page","link":"https:\/\/vizir.az\/az\/calibrators\/pressure-calibrators\/hpc50-series-pressure-calibrator\/","title":{"rendered":"HPC50 seriyal\u0131 T\u0259zyiq Kalibratoru"},"content":{"rendered":"<div class=\"wpb-content-wrapper\"><div class=\"vc_row wpb_row vc_row-fluid\"><div class=\"wpb_column vc_column_container vc_col-sm-6\"><div class=\"vc_column-inner\"><div class=\"wpb_wrapper\"><div id=\"ultimate-heading-234369d92a6ccd9aa\" class=\"uvc-heading ult-adjust-bottom-margin ultimate-heading-234369d92a6ccd9aa uvc-1280  uvc-heading-default-font-sizes\" data-hspacer=\"line_only\"  data-halign=\"left\" style=\"text-align:left\"><div class=\"uvc-main-heading ult-responsive\"  data-ultimate-target='.uvc-heading.ultimate-heading-234369d92a6ccd9aa h2'  data-responsive-json-new='{\"font-size\":\"\",\"line-height\":\"\"}' ><h2 style=\"--font-weight:theme;\">HPC50 seriyal\u0131 T\u0259zyiq Kalibratoru<\/h2><\/div><div class=\"uvc-heading-spacer line_only\" style=\"topheight:1px;\"><span class=\"uvc-headings-line\" style=\"border-style:solid;border-bottom-width:1px;border-color:#ccc;width:autopx;\"><\/span><\/div><\/div><div class=\"vc_empty_space\"   style=\"height: 32px\"><span class=\"vc_empty_space_inner\"><\/span><\/div>\n\t<div class=\"wpb_text_column wpb_content_element\" >\n\t\t<div class=\"wpb_wrapper\">\n\t\t\t<p>HPC50 seriyas\u0131ndan olan, q\u0131\u011f\u0131lc\u0131mdan t\u0259hl\u00fck\u0259siz  t\u0259zyiq kalibratoru t\u0259zyiq, sabit c\u0259r\u0259yan  v\u0259 g\u0259rginliyi, habel\u0259 m\u00fcqavim\u0259t v\u0259 temperaturu \u00f6l\u00e7\u0259n y\u00fcks\u0131k d\u0259qiqliyin\u0259 malik  \u00f6l\u00e7m\u0259  c\u0131haz\u0131d\u0131r. Bu kalibratorlar a\u015fa\u011f\u0131dak\u0131lar\u0131n sah\u0259 v\u0259 ya laboratoriya \u015f\u0259raitind\u0259 yoxlanmas\u0131 v\u0259 kalibrl\u0259nm\u0259si \u00fc\u00e7\u00fcn n\u0259z\u0259rd\u0259 tutulmu\u015fdur:<\/p>\n<ul>\n<li>\u0130zafi, m\u00fctl\u0259q v\u0259 diferensial t\u0259zyiq, habel\u0259 c\u0259r\u0259yan\u0131n g\u00f6st\u0259rilm\u0259si v\u0259 qeydiyyata al\u0131nmas\u0131 \u00fc\u00e7\u00fcn m\u00fcxt\u0259lif siferblatl\u0131 v\u0259 r\u0259q\u0259msal \u00f6l\u00e7\u00fc cihazlar\u0131;<\/li>\n<li>m\u00fcxt\u0259lif n\u00f6v t\u0259zyiq \u00e7eviricil\u0259ri;<\/li>\n<li>t\u0259zyiq relesi, texniki manometrl\u0259r;<\/li>\n<li>t\u0259zyiq siqnalizatorlar\u0131.<\/li>\n<\/ul>\n<p>\u018fsas x\u00fcsusiyy\u0259tl\u0259r:<\/p>\n<ul>\n<li>Q\u0131\u011f\u0131lc\u0131mdan t\u0259hl\u00fck\u0259siz icras\u0131 Ex ia IIC T4\/T3 Ga;<\/li>\n<li>Bir (\u041d\u0420\u042151) v\u0259 ya iki (\u041d\u0420\u042152) daxili modullu modell\u0259r;<\/li>\n<li>M\u00fcxt\u0259lif diapazonlara malik olan APMi xarici t\u0259zyiq modullar\u0131;<\/li>\n<li>T\u0259zyiqin \u00b10,025% nisbi x\u0259ta il\u0259 -0,1 ... 100 MPa diapazonunda \u00f6l\u00e7\u00fclm\u0259si;<\/li>\n<li>Barometrik t\u0259zyiqinin \u00f6l\u00e7\u00fclm\u0259si modulu (se\u00e7imi) olmaqla, izafi v\u0259 m\u00fctl\u0259q t\u0259zyiqin eyni modullarla \u00f6l\u00e7\u00fclm\u0259si;<\/li>\n<\/ul>\n<ul>\n<li>\u0130\u015f t\u0259zyiqind\u0259 diferensial t\u0259zyiqin (t\u0259zyiq d\u00fc\u015fm\u0259si)  \u00f6l\u00e7\u00fclm\u0259si (iki t\u0259zyiq modulu qura\u015fd\u0131r\u0131ld\u0131qda);<\/li>\n<\/ul>\n<ul>\n<li>Nisbi x\u0259ta s\u0259viyy\u0259si \u00b10,015% olmaqla elektrik siqnallar\u0131n\u0131n (mA, V) \u00f6l\u00e7\u00fclm\u0259si;<\/li>\n<li>Nisbi x\u0259ta s\u0259viyy\u0259si \u00b10,015% olmaqla c\u0259r\u0259yan siqnal\u0131n\u0131n (mA) qenerasiyas\u0131;<\/li>\n<li>H\u0259m ayr\u0131ca r\u0259q\u0259msal say\u011fac kimi, h\u0259m d\u0259 al\u00fcminium v\u0259 ya plastik korpusda pnevmatik v\u0259 hidravlik \u0259l nasoslar\u0131na malik olan kalibrl\u0259m\u0259 sisteml\u0259rinin t\u0259rkibind\u0259 t\u0259chiz edilm\u0259si;<\/li>\n<li>\u018fll\u0259 s\u0131x\u0131lmas\u0131 \u00fc\u00e7\u00fcn unikal tez \u00e7\u0131xar\u0131lan fittinql\u0259r (CPF) sistemi, o c\u00fcml\u0259d\u0259n  y\u00fcks\u0259k t\u0259zyiql\u0259ri  (70 MPa-ya q\u0259d\u0259r) \u00fc\u00e7\u00fcn d\u0259;<\/li>\n<li>HPC50 kalibratorunun bir s\u0131ra parametrl\u0259rinin komp\u00fcter vasit\u0259sil\u0259 d\u0259yi\u015fdirilm\u0259sin\u0259 v\u0259 laz\u0131m g\u0259l\u0259rs\u0259, kalibratorun sazlanmas\u0131na imkan ver\u0259n \u00f6d\u0259ni\u015fsiz CrystalControl proqram t\u0259minat\u0131.<\/li>\n<li>HPC50 d\u0259nizd\u0259 portativ s\u0131naq al\u0259ti kimi istifad\u0259 olunmaq \u00fc\u00e7\u00fcn t\u0259sdiq edilmi\u015fdir v\u0259 g\u0259mil\u0259rin, y\u00fcks\u0259k s\u00fcr\u0259tli v\u0259 y\u00fcng\u00fcl g\u0259mil\u0259rin v\u0259 of\u015for b\u00f6lm\u0259l\u0259rinin t\u0259snifat\u0131 \u00fczr\u0259 DNV GL qaydalar\u0131na cavab verir.<\/li>\n<\/ul>\n\n\t\t<\/div>\n\t<\/div>\n<\/div><\/div><\/div><div class=\"wpb_column vc_column_container vc_col-sm-6\"><div class=\"vc_column-inner\"><div class=\"wpb_wrapper\"><div class=\"vc_empty_space\"   style=\"height: 16px\"><span class=\"vc_empty_space_inner\"><\/span><\/div><div class=\"vc_empty_space\"   style=\"height: 32px\"><span class=\"vc_empty_space_inner\"><\/span><\/div><div class=\"vc_row wpb_row vc_inner vc_row-fluid\"><div class=\"wpb_column vc_column_container vc_col-sm-12\"><div class=\"vc_column-inner\"><div class=\"wpb_wrapper\">\n\t<div  class=\"wpb_single_image wpb_content_element vc_align_center\">\n\t\t\n\t\t<figure class=\"wpb_wrapper vc_figure\">\n\t\t\t<div class=\"vc_single_image-wrapper   vc_box_border_grey\"><img loading=\"lazy\" decoding=\"async\" width=\"157\" height=\"300\" src=\"https:\/\/vizir.az\/wp-content\/uploads\/2019\/09\/1a_HPC50--157x300.jpg\" class=\"vc_single_image-img attachment-medium\" alt=\"\" title=\"1a_HPC50\" srcset=\"https:\/\/vizir.az\/wp-content\/uploads\/2019\/09\/1a_HPC50--157x300.jpg 157w, https:\/\/vizir.az\/wp-content\/uploads\/2019\/09\/1a_HPC50--536x1024.jpg 536w, https:\/\/vizir.az\/wp-content\/uploads\/2019\/09\/1a_HPC50-.jpg 564w\" sizes=\"auto, (max-width: 157px) 100vw, 157px\"  data-dt-location=\"https:\/\/vizir.az\/az\/calibrators\/pressure-calibrators\/hpc50-series-pressure-calibrator\/1a_hpc50-2\/\" \/><\/div>\n\t\t<\/figure>\n\t<\/div>\n<div class=\"vc_empty_space\"   style=\"height: 16px\"><span class=\"vc_empty_space_inner\"><\/span><\/div><div id=\"ultimate-heading-769869d92a6cce685\" class=\"uvc-heading ult-adjust-bottom-margin ultimate-heading-769869d92a6cce685 uvc-5421  uvc-heading-default-font-sizes\" data-hspacer=\"line_only\"  data-halign=\"left\" style=\"text-align:left\"><div class=\"uvc-main-heading ult-responsive\"  data-ultimate-target='.uvc-heading.ultimate-heading-769869d92a6cce685 h5'  data-responsive-json-new='{\"font-size\":\"\",\"line-height\":\"\"}' ><h5 style=\"--font-weight:theme;\">HPC50 seriyal\u0131 T\u0259zyiq Kalibratoru<\/h5><\/div><div class=\"uvc-heading-spacer line_only\" style=\"topheight:1px;\"><span class=\"uvc-headings-line\" style=\"border-style:solid;border-bottom-width:1px;border-color:#ccc;width:autopx;\"><\/span><\/div><\/div><div class=\"vc_empty_space\"   style=\"height: 16px\"><span class=\"vc_empty_space_inner\"><\/span><\/div>\n\t<div  class=\"wpb_single_image wpb_content_element vc_align_left\">\n\t\t\n\t\t<figure class=\"wpb_wrapper vc_figure\">\n\t\t\t<a href=\"https:\/\/vizir.az\/wp-content\/uploads\/2021\/04\/digital-pressure-calibrator-hpc50-series-brochure-us.pdf\" target=\"_blank\"  class=\"vc_single_image-wrapper   vc_box_border_grey\"   ><img decoding=\"async\" class=\"vc_single_image-img\" src=\"https:\/\/vizir.az\/wp-content\/uploads\/2019\/09\/pdf-35x35.png\" width=\"35\" height=\"35\" alt=\"pdf\" title=\"pdf\" loading=\"lazy\"  data-dt-location=\"https:\/\/vizir.az\/az\/liquid-flow-measurement\/pdmeters\/single-case-meters\/smith-meter-model-sc-13-meter-smith-meter-model-vsc-13-meter\/pdf\/\" \/><\/a>\n\t\t<\/figure>\n\t<\/div>\n<\/div><\/div><\/div><\/div><\/div><\/div><\/div><\/div>\n<\/div>","protected":false},"excerpt":{"rendered":"<p>HPC50 Series Pressure Calibrator The HPC50 Series Intrinsically Safe Pressure Calibrator is a highly accurate meter for pressure, DC current and voltage, as well as resistance and temperature. They are designed for verification and calibration in the field or laboratory: various dial and digital gauges to show and record gauge, absolute and differential pressure, current;&hellip;<\/p>","protected":false},"author":3,"featured_media":0,"parent":51207,"menu_order":0,"comment_status":"closed","ping_status":"open","template":"","meta":{"footnotes":""},"class_list":["post-51209","page","type-page","status-publish","hentry","description-off"],"_links":{"self":[{"href":"https:\/\/vizir.az\/az\/wp-json\/wp\/v2\/pages\/51209","targetHints":{"allow":["GET"]}}],"collection":[{"href":"https:\/\/vizir.az\/az\/wp-json\/wp\/v2\/pages"}],"about":[{"href":"https:\/\/vizir.az\/az\/wp-json\/wp\/v2\/types\/page"}],"author":[{"embeddable":true,"href":"https:\/\/vizir.az\/az\/wp-json\/wp\/v2\/users\/3"}],"replies":[{"embeddable":true,"href":"https:\/\/vizir.az\/az\/wp-json\/wp\/v2\/comments?post=51209"}],"version-history":[{"count":6,"href":"https:\/\/vizir.az\/az\/wp-json\/wp\/v2\/pages\/51209\/revisions"}],"predecessor-version":[{"id":52083,"href":"https:\/\/vizir.az\/az\/wp-json\/wp\/v2\/pages\/51209\/revisions\/52083"}],"up":[{"embeddable":true,"href":"https:\/\/vizir.az\/az\/wp-json\/wp\/v2\/pages\/51207"}],"wp:attachment":[{"href":"https:\/\/vizir.az\/az\/wp-json\/wp\/v2\/media?parent=51209"}],"curies":[{"name":"wp","href":"https:\/\/api.w.org\/{rel}","templated":true}]}}