{"id":51247,"date":"2019-09-28T15:59:25","date_gmt":"2019-09-28T15:59:25","guid":{"rendered":"https:\/\/vizir.az\/?page_id=51247"},"modified":"2021-04-12T13:59:09","modified_gmt":"2021-04-12T13:59:09","slug":"nvision-reference-recorder","status":"publish","type":"page","link":"https:\/\/vizir.az\/az\/calibrators\/pressure-calibrators\/nvision-reference-recorder\/","title":{"rendered":"Q\u0131\u011f\u0131lc\u0131mdan t\u0259hl\u00fck\u0259siz  nVision t\u0259zyiq etalon qeydedici"},"content":{"rendered":"<div class=\"wpb-content-wrapper\"><div class=\"vc_row wpb_row vc_row-fluid\"><div class=\"wpb_column vc_column_container vc_col-sm-6\"><div class=\"vc_column-inner\"><div class=\"wpb_wrapper\"><div id=\"ultimate-heading-691369d92ac0e0cb9\" class=\"uvc-heading ult-adjust-bottom-margin ultimate-heading-691369d92ac0e0cb9 uvc-8441  uvc-heading-default-font-sizes\" data-hspacer=\"line_only\"  data-halign=\"left\" style=\"text-align:left\"><div class=\"uvc-main-heading ult-responsive\"  data-ultimate-target='.uvc-heading.ultimate-heading-691369d92ac0e0cb9 h2'  data-responsive-json-new='{\"font-size\":\"\",\"line-height\":\"\"}' ><h2 style=\"--font-weight:theme;\">Q\u0131\u011f\u0131lc\u0131mdan t\u0259hl\u00fck\u0259siz  nVision t\u0259zyiq etalon qeydedici<\/h2><\/div><div class=\"uvc-heading-spacer line_only\" style=\"topheight:1px;\"><span class=\"uvc-headings-line\" style=\"border-style:solid;border-bottom-width:1px;border-color:#ccc;width:autopx;\"><\/span><\/div><\/div><div class=\"vc_empty_space\"   style=\"height: 32px\"><span class=\"vc_empty_space_inner\"><\/span><\/div>\n\t<div class=\"wpb_text_column wpb_content_element\" >\n\t\t<div class=\"wpb_wrapper\">\n\t\t\t<p>Q\u0131\u011f\u0131lc\u0131mdan t\u0259hl\u00fck\u0259siz  nVision t\u0259zyiq etalon qeydedici a\u015fa\u011f\u0131dak\u0131lar\u0131n sah\u0259, partlay\u0131\u015f v\u0259 ya laboratoriya \u015f\u0259raitind\u0259 yoxlanmas\u0131 v\u0259 kalibrl\u0259nm\u0259si \u00fc\u00e7\u00fcn n\u0259z\u0259rd\u0259 tutulmu\u015fdur:<\/p>\n<ul>\n<li>\u0130zafi, m\u00fctl\u0259q v\u0259 diferensial t\u0259zyiq, habel\u0259 c\u0259r\u0259yan, g\u0259rginlik v\u0259 temperaturun g\u00f6st\u0259rilm\u0259si v\u0259 qeydiyyata al\u0131nmas\u0131 \u00fc\u00e7\u00fcn siferblatl\u0131 v\u0259 r\u0259q\u0259msal cihazlar;<\/li>\n<li>M\u00fcxt\u0259lif n\u00f6v t\u0259zyiq dat\u00e7ikl\u0259ri \u00e7eviricil\u0259ri;<\/li>\n<li>Texniki manometrl\u0259r;<\/li>\n<li>T\u0259zyiq relel\u0259ri.<\/li>\n<\/ul>\n<p>Kalibrator m\u00fcxt\u0259lif klapanlar\u0131n, partlayan membranlar\u0131n, qeydedicil\u0259rin v\u0259 dig\u0259r c\u0131hazlar\u0131n s\u0131nanmas\u0131 \u00fc\u00e7\u00fcn zaman\u0131 geni\u015f imkanlar verir.<\/p>\n<p>\u018fsas x\u00fcsusiyy\u0259tl\u0259r:<\/p>\n<ul>\n<li>Q\u0131\u011f\u0131lc\u0131mdan t\u0259hl\u00fck\u0259siz icras\u0131 Ex ia IIC T4\/T3 Ga;<\/li>\n<li>\u0130zafi t\u0259zyiqin v\u0259 barometrik modulu qura\u015fd\u0131r\u0131ld\u0131\u011f\u0131 halda, m\u00fctl\u0259q t\u0259zyiqin, habel\u0259 iki t\u0259zyiq modulu qura\u015fd\u0131r\u0131ld\u0131\u011f\u0131 halda \u0130\u015f t\u0259zyiqind\u0259 diferensial t\u0259zyiqin (t\u0259zyiq d\u00fc\u015fm\u0259si)  \u00f6l\u00e7\u00fclm\u0259si;<\/li>\n<li>T\u0259zyiqin\/diferensial t\u0259zyiqin \u00b10,025% nisbi x\u0259ta il\u0259 -0,1 ... 100 MPa diapazonunda \u00f6l\u00e7\u00fclm\u0259si v\u0259 qeyd\u0259 al\u0131nmas\u0131;<\/li>\n<li>Sabit c\u0259r\u0259yan\u0131n, g\u0259rginliyin, m\u00fcqavim\u0259tin (mA, V, Om) \u00b10,015% nisbi x\u0259ta il\u0259 \u00f6l\u00e7\u00fclm\u0259si v\u0259 qeyd\u0259 al\u0131nmas\u0131;<\/li>\n<li>\u0130ki modulun g\u00f6st\u0259ricil\u0259rinin eyni zamanda qeyd edildiyi 1 milyona q\u0259d\u0259r n\u00f6qt\u0259y\u0259 malik dataloqqer;<\/li>\n<li>Arxa i\u015f\u0131ql\u0131 qrafik displey;<\/li>\n<li>M\u00f6hk\u0259m, hava \u015f\u0259raitin\u0259 davaml\u0131 IP67 korpusu (30 d\u0259qiq\u0259 \u0259rzind\u0259 1 m-d\u0259k d\u0259rinliyi olan suda batma\u011fa imkan verir);<\/li>\n<li>Ki\u00e7ik \u00f6l\u00e7\u00fcl\u0259r v\u0259 \u00e7\u0259ki;<\/li>\n<li>H\u0259m ayr\u0131ca r\u0259q\u0259msal say\u011fac kimi, h\u0259m d\u0259 al\u00fcminium v\u0259 ya plastik korpusda pnevmatik v\u0259 hidravlik \u0259l nasoslar\u0131na malik olan kalibrl\u0259m\u0259 sisteml\u0259rinin t\u0259rkibind\u0259 t\u0259chiz edilm\u0259si;<\/li>\n<li>\u018fll\u0259 s\u0131x\u0131lmas\u0131 \u00fc\u00e7\u00fcn unikal tez \u00e7\u0131xar\u0131lan fittinql\u0259r (CPF) sistemi, o c\u00fcml\u0259d\u0259n  y\u00fcks\u0259k t\u0259zyiql\u0259ri  (70 MPa-ya q\u0259d\u0259r) \u00fc\u00e7\u00fcn d\u0259;<\/li>\n<li>Standart t\u0259chizata daxil edilmi\u015f CrystalControl proqram t\u0259minat\u0131 kalibratorun n\u0259zar\u0259ti, kompyuterd\u0259 m\u0259lumatlar\u0131n qeyd\u0259 al\u0131nmas\u0131 v\u0259 emal\u0131na geni\u015f imkanlar\u0131 verir.<\/li>\n<li>nVision d\u0259nizd\u0259 portativ s\u0131naq al\u0259ti kimi istifad\u0259 olunmaq \u00fc\u00e7\u00fcn t\u0259sdiq edilmi\u015fdir v\u0259 \"Det Norske Veritas\" \u015firk\u0259tinin G\u0259mil\u0259rin, y\u00fcks\u0259k s\u00fcr\u0259tli v\u0259 y\u00fcng\u00fcl g\u0259mil\u0259rin t\u0259snifat\u0131 \u00fczr\u0259 qaydalar\u0131na v\u0259 of\u015for standartlar\u0131na cavab verir.<\/li>\n<\/ul>\n\n\t\t<\/div>\n\t<\/div>\n<\/div><\/div><\/div><div class=\"wpb_column vc_column_container vc_col-sm-6\"><div class=\"vc_column-inner\"><div class=\"wpb_wrapper\"><div class=\"vc_empty_space\"   style=\"height: 16px\"><span class=\"vc_empty_space_inner\"><\/span><\/div><div class=\"vc_empty_space\"   style=\"height: 32px\"><span class=\"vc_empty_space_inner\"><\/span><\/div><div class=\"vc_row wpb_row vc_inner vc_row-fluid\"><div class=\"wpb_column vc_column_container vc_col-sm-12\"><div class=\"vc_column-inner\"><div class=\"wpb_wrapper\">\n\t<div  class=\"wpb_single_image wpb_content_element vc_align_center\">\n\t\t\n\t\t<figure class=\"wpb_wrapper vc_figure\">\n\t\t\t<div class=\"vc_single_image-wrapper   vc_box_border_grey\"><img loading=\"lazy\" decoding=\"async\" width=\"179\" height=\"300\" src=\"https:\/\/vizir.az\/wp-content\/uploads\/2019\/09\/nVision1-179x300.jpg\" class=\"vc_single_image-img attachment-medium\" alt=\"\" title=\"nVision1\" srcset=\"https:\/\/vizir.az\/wp-content\/uploads\/2019\/09\/nVision1-179x300.jpg 179w, https:\/\/vizir.az\/wp-content\/uploads\/2019\/09\/nVision1-611x1024.jpg 611w, https:\/\/vizir.az\/wp-content\/uploads\/2019\/09\/nVision1.jpg 663w\" sizes=\"auto, (max-width: 179px) 100vw, 179px\"  data-dt-location=\"https:\/\/vizir.az\/az\/calibrators\/pressure-calibrators\/nvision-reference-recorder\/nvision1\/\" \/><\/div>\n\t\t<\/figure>\n\t<\/div>\n<div class=\"vc_empty_space\"   style=\"height: 16px\"><span class=\"vc_empty_space_inner\"><\/span><\/div><div id=\"ultimate-heading-126169d92ac0e2db4\" class=\"uvc-heading ult-adjust-bottom-margin ultimate-heading-126169d92ac0e2db4 uvc-306  uvc-heading-default-font-sizes\" data-hspacer=\"line_only\"  data-halign=\"left\" style=\"text-align:left\"><div class=\"uvc-main-heading ult-responsive\"  data-ultimate-target='.uvc-heading.ultimate-heading-126169d92ac0e2db4 h5'  data-responsive-json-new='{\"font-size\":\"\",\"line-height\":\"\"}' ><h5 style=\"--font-weight:theme;\">Q\u0131\u011f\u0131lc\u0131mdan t\u0259hl\u00fck\u0259siz  nVision t\u0259zyiq etalon qeydedici<\/h5><\/div><div class=\"uvc-heading-spacer line_only\" style=\"topheight:1px;\"><span class=\"uvc-headings-line\" style=\"border-style:solid;border-bottom-width:1px;border-color:#ccc;width:autopx;\"><\/span><\/div><\/div><div class=\"vc_empty_space\"   style=\"height: 16px\"><span class=\"vc_empty_space_inner\"><\/span><\/div><\/div><\/div><\/div><\/div><div class=\"vc_row wpb_row vc_inner vc_row-fluid\"><div class=\"wpb_column vc_column_container vc_col-sm-3\"><div class=\"vc_column-inner\"><div class=\"wpb_wrapper\">\n\t<div  class=\"wpb_single_image wpb_content_element vc_align_left\">\n\t\t\n\t\t<figure class=\"wpb_wrapper vc_figure\">\n\t\t\t<a href=\"https:\/\/vizir.az\/wp-content\/uploads\/2021\/04\/digital-pressure-calibrator-nvision-brochure-us.pdf\" target=\"_blank\"  class=\"vc_single_image-wrapper   vc_box_border_grey\"   ><img decoding=\"async\" class=\"vc_single_image-img\" src=\"https:\/\/vizir.az\/wp-content\/uploads\/2019\/09\/pdf-35x35.png\" width=\"35\" height=\"35\" alt=\"pdf\" title=\"pdf\" loading=\"lazy\"  data-dt-location=\"https:\/\/vizir.az\/az\/liquid-flow-measurement\/pdmeters\/single-case-meters\/smith-meter-model-sc-13-meter-smith-meter-model-vsc-13-meter\/pdf\/\" \/><\/a>\n\t\t<\/figure>\n\t<\/div>\n<\/div><\/div><\/div><div class=\"wpb_column vc_column_container vc_col-sm-3\"><div class=\"vc_column-inner\"><div class=\"wpb_wrapper\"><\/div><\/div><\/div><\/div><\/div><\/div><\/div><\/div>\n<\/div>","protected":false},"excerpt":{"rendered":"<p>nVision Intrinsically Safe Reference Pressure Recorder The nVision Intrinsically Safe Reference Pressure Recorder is designed for verification and calibration in the field, explosive or laboratory environment: Dial and digital devices showing and recording gauge, absolute and differential pressure, as well as current, voltage and temperature; Pressure transmitters of various types; Technical manometers; Pressure switch. The&hellip;<\/p>","protected":false},"author":3,"featured_media":0,"parent":51207,"menu_order":0,"comment_status":"closed","ping_status":"open","template":"","meta":{"footnotes":""},"class_list":["post-51247","page","type-page","status-publish","hentry","description-off"],"_links":{"self":[{"href":"https:\/\/vizir.az\/az\/wp-json\/wp\/v2\/pages\/51247","targetHints":{"allow":["GET"]}}],"collection":[{"href":"https:\/\/vizir.az\/az\/wp-json\/wp\/v2\/pages"}],"about":[{"href":"https:\/\/vizir.az\/az\/wp-json\/wp\/v2\/types\/page"}],"author":[{"embeddable":true,"href":"https:\/\/vizir.az\/az\/wp-json\/wp\/v2\/users\/3"}],"replies":[{"embeddable":true,"href":"https:\/\/vizir.az\/az\/wp-json\/wp\/v2\/comments?post=51247"}],"version-history":[{"count":7,"href":"https:\/\/vizir.az\/az\/wp-json\/wp\/v2\/pages\/51247\/revisions"}],"predecessor-version":[{"id":52087,"href":"https:\/\/vizir.az\/az\/wp-json\/wp\/v2\/pages\/51247\/revisions\/52087"}],"up":[{"embeddable":true,"href":"https:\/\/vizir.az\/az\/wp-json\/wp\/v2\/pages\/51207"}],"wp:attachment":[{"href":"https:\/\/vizir.az\/az\/wp-json\/wp\/v2\/media?parent=51247"}],"curies":[{"name":"wp","href":"https:\/\/api.w.org\/{rel}","templated":true}]}}