{"id":51376,"date":"2019-09-29T15:49:09","date_gmt":"2019-09-29T15:49:09","guid":{"rendered":"https:\/\/vizir.az\/?page_id=51376"},"modified":"2021-05-09T09:40:23","modified_gmt":"2021-05-09T09:40:23","slug":"rtc-reference-temperature-calibrator","status":"publish","type":"page","link":"https:\/\/vizir.az\/az\/calibrators\/temperature-calibrators\/rtc-reference-temperature-calibrator\/","title":{"rendered":"RTC seriyal\u0131 etalon temperatur kalibratorlar\u0131"},"content":{"rendered":"<div class=\"wpb-content-wrapper\"><div class=\"vc_row wpb_row vc_row-fluid\"><div class=\"wpb_column vc_column_container vc_col-sm-6\"><div class=\"vc_column-inner\"><div class=\"wpb_wrapper\"><div id=\"ultimate-heading-579769d32c5b1aee4\" class=\"uvc-heading ult-adjust-bottom-margin ultimate-heading-579769d32c5b1aee4 uvc-9870  uvc-heading-default-font-sizes\" data-hspacer=\"line_only\"  data-halign=\"left\" style=\"text-align:left\"><div class=\"uvc-main-heading ult-responsive\"  data-ultimate-target='.uvc-heading.ultimate-heading-579769d32c5b1aee4 h2'  data-responsive-json-new='{\"font-size\":\"\",\"line-height\":\"\"}' ><h2 style=\"--font-weight:theme;\">RTC seriyal\u0131 etalon temperatur kalibratorlar\u0131<\/h2><\/div><div class=\"uvc-heading-spacer line_only\" style=\"topheight:1px;\"><span class=\"uvc-headings-line\" style=\"border-style:solid;border-bottom-width:1px;border-color:#ccc;width:autopx;\"><\/span><\/div><\/div><div class=\"vc_empty_space\"   style=\"height: 32px\"><span class=\"vc_empty_space_inner\"><\/span><\/div>\n\t<div class=\"wpb_text_column wpb_content_element\" >\n\t\t<div class=\"wpb_wrapper\">\n\t\t\t<p class=\"translation-block\">RTS seriyal\u0131 etalon temperatur kalibratorlar\u0131 -100 ... + 700\u00b0\u0421 diapazonunda temperatur \u00f6l\u00e7\u0259n cihazlar\u0131n kalibrl\u0259nm\u0259si v\u0259 yoxlanmas\u0131 \u00fc\u00e7\u00fcn n\u0259z\u0259rd\u0259 tutulmu\u015fdur. <br>\n\u0130\u015f sah\u0259sind\u0259 temperaturun misilsiz stabilliyi v\u0259 eynicinsliyi temperaturun y\u00fcks\u0259k d\u0259yi\u015fm\u0259 s\u00fcr\u0259ti il\u0259 bir araya g\u0259lir.\nRTC-R kalibratorlar\u0131n\u0131n alt\u0131 modeli konstruksiyas\u0131, temperatur diapazonlar\u0131 il\u0259 se\u00e7ilir v\u0259 h\u0259r biri \u00fc\u00e7 versiyaya (A, B v\u0259 ya C) malikdir. <br>\nB v\u0259 C versiyalar\u0131 kalibrl\u0259n\u0259n sensorlar vasit\u0259sil\u0259 istilik itkil\u0259rinin t\u0259sirinin dinamik kompensasiyas\u0131 \u00fc\u00e7\u00fcn DLC sxemi, habel\u0259 m\u00fcqavim\u0259tin xarici etalon termometrinin siqnal\u0131n\u0131n \u00f6l\u00e7\u00fclm\u0259si \u00fc\u00e7\u00fcn sxeml\u0259 t\u0259chiz edilmi\u015fdir. Bu termometr yoxlanan sensorun yan\u0131nda qura\u015fd\u0131r\u0131l\u0131r v\u0259 kalibratordak\u0131 x\u00fcsusi \u00e7\u0131x\u0131\u015fa qo\u015fulur. Bu, kalibrl\u0259m\u0259ni x\u0259taburaxma s\u0259viyy\u0259si ciddi \u015f\u0259kild\u0259 a\u015fa\u011f\u0131 olan m\u00fcqayis\u0259 metodunun k\u00f6m\u0259yi il\u0259 \u0259h\u0259miyy\u0259tli d\u0259r\u0259c\u0259d\u0259 sad\u0259l\u0259\u015fdirir. <br>\nB versiyas\u0131 yoxlanan sensorlar\u0131n elektrik siqnallar\u0131n\u0131n \u00f6l\u00e7\u00fclm\u0259si \u00fc\u00e7\u00fcn bloka malikdir. <br>\nDLC sisteminin termometri (B, C versiyal\u0131 kalibratorlar) kalibrl\u0259n\u0259n sensorun yan\u0131nda qura\u015fd\u0131r\u0131l\u0131r, taxma trubkan\u0131n i\u015f sah\u0259sind\u0259 temperatur f\u0259rqini \u00f6l\u00e7\u00fcr v\u0259 termostat\u0131n yuxar\u0131 zonas\u0131n\u0131n t\u0259nziml\u0259yicisini idar\u0259 edir. Bununla da, daxil edil\u0259n sensorlar\u0131n say\u0131ndan v\u0259\/yaxud diametrind\u0259n as\u0131l\u0131 olmayaraq, temperaturun i\u015f sah\u0259sind\u0259 taxma trubkan\u0131n dibind\u0259n 60 mm yuxar\u0131yad\u0259k b\u0259rab\u0259r \u015f\u0259kild\u0259 paylanmas\u0131 t\u0259min edilir. Bu, istiliyin kalibrl\u0259n\u0259n sensorlar vasit\u0259sil\u0259 \u0259traf-m\u00fchit\u0259 burax\u0131lmas\u0131n\u0131n s\u0259b\u0259b oldu\u011fu \u0259lav\u0259 qeyri-m\u00fc\u0259yy\u0259nliyin, dem\u0259k olar ki, s\u0131f\u0131r n\u00f6qt\u0259sin\u0259 q\u0259d\u0259r azald\u0131lmas\u0131na imkan verir.\nRTC-R termostat\u0131 ayr\u0131l\u0131qda t\u0259nziml\u0259n\u0259n iki (v\u0259 RTC-700 modelind\u0259 \u00fc\u00e7) isitm\u0259 zonas\u0131na malikdir. A\u015fa\u011f\u0131dak\u0131 zonan\u0131n t\u0259nziml\u0259yicisi t\u0259yin edilmi\u015f temperatur d\u0259y\u0259rini, yuxar\u0131dak\u0131 t\u0259nziml\u0259yici is\u0259 a\u015fa\u011f\u0131dak\u0131 zonaya nisb\u0259t\u0259n \u201cs\u0131f\u0131r f\u0259rq\u201d   temperaturu saxlay\u0131r. Bu metod i\u015f zonas\u0131nda temperaturun y\u00fcks\u0259k eynicinsliyini v\u0259 temperaturun t\u0259yin edilm\u0259si zaman\u0131 x\u0259ta s\u0259viyy\u0259sinin a\u015fa\u011f\u0131 olmas\u0131n\u0131 t\u0259min edir. <br>\nTermostat\u0131n -100\u00b0C-d\u0259k (quru bloklu temperatur kalibratorlar\u0131n\u0131n \u0259n a\u015fa\u011f\u0131 temperaturu) soyudulmas\u0131 \u00fc\u00e7\u00fcn termoelektrik soyuduculara nisb\u0259t\u0259n t\u0259qrib\u0259n 6 d\u0259f\u0259 daha s\u0259m\u0259r\u0259li olan, unikal, qazla soyudulan, patentl\u0259nmi\u015f Stirling istilik nasosu texnologiyas\u0131 istifad\u0259 edilir. <br>\nRTC-158 v\u0259 RTC-250 kalibratorlar\u0131 (b\u00fct\u00fcn versiyalar) maye kalibratorlar\u0131 kimi istifad\u0259 edil\u0259 bil\u0259r. Temperatur cihazlar\u0131 \u00fc\u00e7\u00fcn n\u0259z\u0259rd\u0259 tutulmu\u015f d\u0259likl\u0259ri olan borucuq \u00e7\u0131xar\u0131l\u0131r v\u0259 termostata x\u00fcsusi ya\u011f t\u00f6k\u00fcl\u00fcr. Temperatur cihazlar\u0131 x\u00fcsusi \u015ftativl\u0259 saxlan\u0131l\u0131r. Cihazlar\u0131n maye termostat\u0131nda maili v\u0259ziyy\u0259td\u0259 qura\u015fd\u0131r\u0131lmas\u0131 imkan\u0131 quru bloklu temperatur kalibratorlar\u0131ndan f\u0259rqli olaraq, bu al\u0259tl\u0259 daha \u00e7ox cihaz\u0131n kalibrl\u0259nm\u0259sin\u0259 imkan verir. <br>\nY\u00fcks\u0259k metroloji x\u00fcsusiyy\u0259tl\u0259r cihaz\u0131n funksional dol\u011funlu\u011fu il\u0259 bir araya g\u0259lir. Kalibratorlar parametrl\u0259rin, stabillik meyar\u0131n\u0131n v\u0259 temperaturla ba\u011fl\u0131 avtomatik add\u0131mlar\u0131n t\u0259yin edilm\u0259si il\u0259 yana\u015f\u0131 yoxlama\/kalibrl\u0259m\u0259 prosesini v\u0259 n\u0259tic\u0259l\u0259rini s\u0259n\u0259dl\u0259\u015fdirm\u0259y\u0259, habel\u0259 yoxlaman\u0131n\/kalibrl\u0259m\u0259nin komp\u00fcterd\u0259 yarad\u0131lm\u0131\u015f tap\u015f\u0131r\u0131qlara m\u00fcvafiq \u015f\u0259kild\u0259 avtomatik rejimd\u0259 yerin\u0259 yetirilm\u0259sin\u0259 imkan verir.<\/p>\n\n\t\t<\/div>\n\t<\/div>\n<\/div><\/div><\/div><div class=\"wpb_column vc_column_container vc_col-sm-6\"><div class=\"vc_column-inner\"><div class=\"wpb_wrapper\"><div class=\"vc_empty_space\"   style=\"height: 16px\"><span class=\"vc_empty_space_inner\"><\/span><\/div><div class=\"vc_empty_space\"   style=\"height: 32px\"><span class=\"vc_empty_space_inner\"><\/span><\/div><div class=\"vc_empty_space\"   style=\"height: 32px\"><span class=\"vc_empty_space_inner\"><\/span><\/div><div class=\"vc_empty_space\"   style=\"height: 32px\"><span class=\"vc_empty_space_inner\"><\/span><\/div><div class=\"vc_row wpb_row vc_inner vc_row-fluid\"><div class=\"wpb_column vc_column_container vc_col-sm-4\"><div class=\"vc_column-inner\"><div class=\"wpb_wrapper\">\n\t<div  class=\"wpb_single_image wpb_content_element vc_align_center\">\n\t\t\n\t\t<figure class=\"wpb_wrapper vc_figure\">\n\t\t\t<div class=\"vc_single_image-wrapper   vc_box_border_grey\"><img loading=\"lazy\" decoding=\"async\" width=\"299\" height=\"300\" src=\"https:\/\/vizir.az\/wp-content\/uploads\/2021\/05\/RTC-187.png\" class=\"vc_single_image-img attachment-medium\" alt=\"\" title=\"RTC-187\" srcset=\"https:\/\/vizir.az\/wp-content\/uploads\/2021\/05\/RTC-187.png 300w, https:\/\/vizir.az\/wp-content\/uploads\/2021\/05\/RTC-187-150x150.png 150w, https:\/\/vizir.az\/wp-content\/uploads\/2021\/05\/RTC-187-12x12.png 12w\" sizes=\"auto, (max-width: 299px) 100vw, 299px\"  data-dt-location=\"https:\/\/vizir.az\/az\/calibrators\/temperature-calibrators\/rtc-reference-temperature-calibrator\/rtc-187\/\" \/><\/div>\n\t\t<\/figure>\n\t<\/div>\n<div class=\"vc_empty_space\"   style=\"height: 16px\"><span class=\"vc_empty_space_inner\"><\/span><\/div><div id=\"ultimate-heading-766169d32c5b1e1b1\" class=\"uvc-heading ult-adjust-bottom-margin ultimate-heading-766169d32c5b1e1b1 uvc-8257  uvc-heading-default-font-sizes\" data-hspacer=\"line_only\"  data-halign=\"left\" style=\"text-align:left\"><div class=\"uvc-main-heading ult-responsive\"  data-ultimate-target='.uvc-heading.ultimate-heading-766169d32c5b1e1b1 h5'  data-responsive-json-new='{\"font-size\":\"\",\"line-height\":\"\"}' ><h5 style=\"--font-weight:theme;\">RTC SER\u0130YALI KAL\u0130BRATORLARI<\/h5><\/div><div class=\"uvc-heading-spacer line_only\" style=\"topheight:1px;\"><span class=\"uvc-headings-line\" style=\"border-style:solid;border-bottom-width:1px;border-color:#ccc;width:autopx;\"><\/span><\/div><\/div><div class=\"vc_empty_space\"   style=\"height: 32px\"><span class=\"vc_empty_space_inner\"><\/span><\/div>\n\t<div  class=\"wpb_single_image wpb_content_element vc_align_left\">\n\t\t\n\t\t<figure class=\"wpb_wrapper vc_figure\">\n\t\t\t<a href=\"https:\/\/vizir.az\/wp-content\/uploads\/2021\/05\/rtc-r_vz.pdf\" target=\"_blank\"  class=\"vc_single_image-wrapper   vc_box_border_grey\"   ><img decoding=\"async\" class=\"vc_single_image-img\" src=\"https:\/\/vizir.az\/wp-content\/uploads\/2019\/09\/pdf-35x35.png\" width=\"35\" height=\"35\" alt=\"pdf\" title=\"pdf\" loading=\"lazy\"  data-dt-location=\"https:\/\/vizir.az\/az\/liquid-flow-measurement\/pdmeters\/single-case-meters\/smith-meter-model-sc-13-meter-smith-meter-model-vsc-13-meter\/pdf\/\" \/><\/a>\n\t\t<\/figure>\n\t<\/div>\n<\/div><\/div><\/div><\/div><\/div><\/div><\/div><\/div>\n<\/div>","protected":false},"excerpt":{"rendered":"<p>RTC Series Reference Temperature Calibrator RTC Series Reference Temperature Calibrators are designed for calibration and verification of temperature measuring instruments in the range of 100 &#8230; + 700\u00b0\u0421. Unrivaled temperature stability and uniformity in the work area is combined with a high rate of temperature change. Six models of RTC-R calibrators differ in design, temperature&hellip;<\/p>","protected":false},"author":3,"featured_media":0,"parent":51375,"menu_order":0,"comment_status":"closed","ping_status":"open","template":"","meta":{"footnotes":""},"class_list":["post-51376","page","type-page","status-publish","hentry","description-off"],"_links":{"self":[{"href":"https:\/\/vizir.az\/az\/wp-json\/wp\/v2\/pages\/51376","targetHints":{"allow":["GET"]}}],"collection":[{"href":"https:\/\/vizir.az\/az\/wp-json\/wp\/v2\/pages"}],"about":[{"href":"https:\/\/vizir.az\/az\/wp-json\/wp\/v2\/types\/page"}],"author":[{"embeddable":true,"href":"https:\/\/vizir.az\/az\/wp-json\/wp\/v2\/users\/3"}],"replies":[{"embeddable":true,"href":"https:\/\/vizir.az\/az\/wp-json\/wp\/v2\/comments?post=51376"}],"version-history":[{"count":9,"href":"https:\/\/vizir.az\/az\/wp-json\/wp\/v2\/pages\/51376\/revisions"}],"predecessor-version":[{"id":52110,"href":"https:\/\/vizir.az\/az\/wp-json\/wp\/v2\/pages\/51376\/revisions\/52110"}],"up":[{"embeddable":true,"href":"https:\/\/vizir.az\/az\/wp-json\/wp\/v2\/pages\/51375"}],"wp:attachment":[{"href":"https:\/\/vizir.az\/az\/wp-json\/wp\/v2\/media?parent=51376"}],"curies":[{"name":"wp","href":"https:\/\/api.w.org\/{rel}","templated":true}]}}