{"id":51412,"date":"2019-09-29T16:13:30","date_gmt":"2019-09-29T16:13:30","guid":{"rendered":"https:\/\/vizir.az\/?page_id=51412"},"modified":"2021-05-24T19:01:58","modified_gmt":"2021-05-24T19:01:58","slug":"ctc-compact-temperature-calibrator","status":"publish","type":"page","link":"https:\/\/vizir.az\/az\/calibrators\/temperature-calibrators\/ctc-compact-temperature-calibrator\/","title":{"rendered":"CTC seriyal\u0131 kompakt temperatur kalibratorlar\u0131"},"content":{"rendered":"<div class=\"wpb-content-wrapper\"><div class=\"vc_row wpb_row vc_row-fluid\"><div class=\"wpb_column vc_column_container vc_col-sm-6\"><div class=\"vc_column-inner\"><div class=\"wpb_wrapper\"><div id=\"ultimate-heading-493269d32adf510f9\" class=\"uvc-heading ult-adjust-bottom-margin ultimate-heading-493269d32adf510f9 uvc-8527  uvc-heading-default-font-sizes\" data-hspacer=\"line_only\"  data-halign=\"left\" style=\"text-align:left\"><div class=\"uvc-main-heading ult-responsive\"  data-ultimate-target='.uvc-heading.ultimate-heading-493269d32adf510f9 h2'  data-responsive-json-new='{\"font-size\":\"\",\"line-height\":\"\"}' ><h2 style=\"--font-weight:theme;\">CTC seriyal\u0131 kompakt temperatur kalibratorlar\u0131<\/h2><\/div><div class=\"uvc-heading-spacer line_only\" style=\"topheight:1px;\"><span class=\"uvc-headings-line\" style=\"border-style:solid;border-bottom-width:1px;border-color:#ccc;width:autopx;\"><\/span><\/div><\/div><div class=\"vc_empty_space\"   style=\"height: 32px\"><span class=\"vc_empty_space_inner\"><\/span><\/div>\n\t<div class=\"wpb_text_column wpb_content_element\" >\n\t\t<div class=\"wpb_wrapper\">\n\t\t\t<p>CTC seriyal\u0131 kompakt temperatur kalibratorlar\u0131 -25 ... + 1205\u00b0\u0421 diapazonunda temperatur \u00f6l\u00e7\u0259n cihazlar\u0131n kalibrl\u0259nm\u0259si v\u0259 yoxlanmas\u0131 \u00fc\u00e7\u00fcn n\u0259z\u0259rd\u0259 tutulmu\u015fdur. Kalibratorlar \u00f6l\u00e7\u00fc v\u0259 \u00e7\u0259kid\u0259 ki\u00e7ikdir v\u0259 asanl\u0131qla istifad\u0259 edilir.\n\u018fsas x\u00fcsusiyy\u0259tl\u0259r:<\/p>\n<p>\u018fsas x\u00fcsusiyy\u0259tl\u0259r:<\/p>\n<ul>\n<li>Arxa i\u015f\u0131\u011f\u0131na malik, r\u0259ngli multi-informativ displey;<\/li>\n<li>Xarici etalon termometrini qo\u015fulmaq imkan\u0131 il\u0259 icra;<\/li>\n<li>T\u0259chizat g\u0259rginliyinin d\u0259yi\u015fiklik v\u0259 qeyri-sabitliyinin tam kompensasiya edilm\u0259si;<\/li>\n<li>Rejimin stabilliyinin g\u00f6st\u0259rilm\u0259si;<\/li>\n<li>S\u00fcr\u0259tli isinm\u0259 v\u0259 soyuma;<\/li>\n<li>Cihazla i\u015fin m\u0259nims\u0259nm\u0259sini asanla\u015fd\u0131ran, b\u00fct\u00fcn \u0259m\u0259liyyatlar\u0131n simulyasiya edildiyi rejim.<\/li>\n<\/ul>\n<p>CTC-R kalibratorlar\u0131n\u0131n kalibrator v\u0259 kalibrl\u0259m\u0259 prosesi haqq\u0131nda b\u00fct\u00fcn m\u0259lumatlar\u0131 g\u00f6st\u0259r\u0259n, asanl\u0131qla oxunan, y\u00fcks\u0259k informativliy\u0259 malik olan r\u0259ngli displeyi var.<\/p>\n<p>CTC-R temperatur kalibratorlar\u0131n\u0131n C versiyas\u0131 yoxlanan sensorun yan\u0131nda qura\u015fd\u0131r\u0131lm\u0131\u015f xarici etalon termometrinin siqnal\u0131n\u0131n \u00f6l\u00e7\u00fclm\u0259si \u00fc\u00e7\u00fcn \u00e7\u0131x\u0131\u015fla t\u0259chiz edilmi\u015fdir. Bu, kalibrl\u0259m\u0259ni x\u0259taburaxma s\u0259viyy\u0259si ciddi \u015f\u0259kild\u0259 a\u015fa\u011f\u0131 olan m\u00fcqayis\u0259 metodunun k\u00f6m\u0259yi il\u0259 \u0259h\u0259miyy\u0259tli d\u0259r\u0259c\u0259d\u0259 sad\u0259l\u0259\u015fdirir. CTC-R temperatur kalibratorlar\u0131n\u0131n C versiyas\u0131 \u00fc\u00e7\u00fcn etalon termometrl\u0259ri intellektual sistem\u0259 malikdir. Bu termometrl\u0259rin h\u0259r biri b\u00fct\u00fcn termometr parametrl\u0259rini, o c\u00fcml\u0259d\u0259n kalibrl\u0259m\u0259 \u0259msallar\u0131n\u0131 yadda\u015fda saxlay\u0131r.<\/p>\n\n\t\t<\/div>\n\t<\/div>\n<\/div><\/div><\/div><div class=\"wpb_column vc_column_container vc_col-sm-6\"><div class=\"vc_column-inner\"><div class=\"wpb_wrapper\"><div class=\"vc_empty_space\"   style=\"height: 16px\"><span class=\"vc_empty_space_inner\"><\/span><\/div><div class=\"vc_empty_space\"   style=\"height: 32px\"><span class=\"vc_empty_space_inner\"><\/span><\/div><div class=\"vc_row wpb_row vc_inner vc_row-fluid\"><div class=\"wpb_column vc_column_container vc_col-sm-4\"><div class=\"vc_column-inner\"><div class=\"wpb_wrapper\">\n\t<div  class=\"wpb_single_image wpb_content_element vc_align_center\">\n\t\t\n\t\t<figure class=\"wpb_wrapper vc_figure\">\n\t\t\t<div class=\"vc_single_image-wrapper   vc_box_border_grey\"><img loading=\"lazy\" decoding=\"async\" width=\"299\" height=\"300\" src=\"https:\/\/vizir.az\/wp-content\/uploads\/2021\/05\/3b_CTC.png\" class=\"vc_single_image-img attachment-medium\" alt=\"\" title=\"3b_CTC\" srcset=\"https:\/\/vizir.az\/wp-content\/uploads\/2021\/05\/3b_CTC.png 300w, https:\/\/vizir.az\/wp-content\/uploads\/2021\/05\/3b_CTC-150x150.png 150w, https:\/\/vizir.az\/wp-content\/uploads\/2021\/05\/3b_CTC-12x12.png 12w\" sizes=\"auto, (max-width: 299px) 100vw, 299px\"  data-dt-location=\"https:\/\/vizir.az\/az\/3b_ctc\/\" \/><\/div>\n\t\t<\/figure>\n\t<\/div>\n<div class=\"vc_empty_space\"   style=\"height: 16px\"><span class=\"vc_empty_space_inner\"><\/span><\/div><div id=\"ultimate-heading-606369d32adf5218a\" class=\"uvc-heading ult-adjust-bottom-margin ultimate-heading-606369d32adf5218a uvc-3438  uvc-heading-default-font-sizes\" data-hspacer=\"line_only\"  data-halign=\"left\" style=\"text-align:left\"><div class=\"uvc-main-heading ult-responsive\"  data-ultimate-target='.uvc-heading.ultimate-heading-606369d32adf5218a h5'  data-responsive-json-new='{\"font-size\":\"\",\"line-height\":\"\"}' ><h5 style=\"--font-weight:theme;\">CTC-155\/350\/652\/660<\/h5><\/div><div class=\"uvc-heading-spacer line_only\" style=\"topheight:1px;\"><span class=\"uvc-headings-line\" style=\"border-style:solid;border-bottom-width:1px;border-color:#ccc;width:autopx;\"><\/span><\/div><\/div><div class=\"vc_empty_space\"   style=\"height: 32px\"><span class=\"vc_empty_space_inner\"><\/span><\/div>\n\t<div  class=\"wpb_single_image wpb_content_element vc_align_left\">\n\t\t\n\t\t<figure class=\"wpb_wrapper vc_figure\">\n\t\t\t<a href=\"https:\/\/vizir.az\/wp-content\/uploads\/2021\/05\/ctc_vz.pdf\" target=\"_blank\"  class=\"vc_single_image-wrapper   vc_box_border_grey\"   ><img decoding=\"async\" class=\"vc_single_image-img\" src=\"https:\/\/vizir.az\/wp-content\/uploads\/2019\/09\/pdf-35x35.png\" width=\"35\" height=\"35\" alt=\"pdf\" title=\"pdf\" loading=\"lazy\"  data-dt-location=\"https:\/\/vizir.az\/az\/liquid-flow-measurement\/pdmeters\/single-case-meters\/smith-meter-model-sc-13-meter-smith-meter-model-vsc-13-meter\/pdf\/\" \/><\/a>\n\t\t<\/figure>\n\t<\/div>\n<\/div><\/div><\/div><\/div><div class=\"vc_empty_space\"   style=\"height: 32px\"><span class=\"vc_empty_space_inner\"><\/span><\/div><\/div><\/div><\/div><\/div>\n<\/div>","protected":false},"excerpt":{"rendered":"<p>CTC Series Compact Temperature Calibrator CTC Series compact temperature calibrators CTC-R are intended for calibration and verification of temperature measuring instruments in the range of -25 &#8230; + 1205 \u00b0 \u0421. The calibrators are small in size and weight, as well as ease of use. Key Features: Color multi-informative backlit display; Execution with the ability&hellip;<\/p>","protected":false},"author":3,"featured_media":0,"parent":51375,"menu_order":0,"comment_status":"closed","ping_status":"open","template":"","meta":{"footnotes":""},"class_list":["post-51412","page","type-page","status-publish","hentry","description-off"],"_links":{"self":[{"href":"https:\/\/vizir.az\/az\/wp-json\/wp\/v2\/pages\/51412","targetHints":{"allow":["GET"]}}],"collection":[{"href":"https:\/\/vizir.az\/az\/wp-json\/wp\/v2\/pages"}],"about":[{"href":"https:\/\/vizir.az\/az\/wp-json\/wp\/v2\/types\/page"}],"author":[{"embeddable":true,"href":"https:\/\/vizir.az\/az\/wp-json\/wp\/v2\/users\/3"}],"replies":[{"embeddable":true,"href":"https:\/\/vizir.az\/az\/wp-json\/wp\/v2\/comments?post=51412"}],"version-history":[{"count":8,"href":"https:\/\/vizir.az\/az\/wp-json\/wp\/v2\/pages\/51412\/revisions"}],"predecessor-version":[{"id":52153,"href":"https:\/\/vizir.az\/az\/wp-json\/wp\/v2\/pages\/51412\/revisions\/52153"}],"up":[{"embeddable":true,"href":"https:\/\/vizir.az\/az\/wp-json\/wp\/v2\/pages\/51375"}],"wp:attachment":[{"href":"https:\/\/vizir.az\/az\/wp-json\/wp\/v2\/media?parent=51412"}],"curies":[{"name":"wp","href":"https:\/\/api.w.org\/{rel}","templated":true}]}}