{"id":51429,"date":"2019-09-29T16:34:32","date_gmt":"2019-09-29T16:34:32","guid":{"rendered":"https:\/\/vizir.az\/?page_id=51429"},"modified":"2020-07-15T11:34:23","modified_gmt":"2020-07-15T11:34:23","slug":"beamex-mc6-calibrator-and-communicator","status":"publish","type":"page","link":"https:\/\/vizir.az\/az\/calibrators\/multifunction-calibrators\/beamex-mc6-calibrator-and-communicator\/","title":{"rendered":"Beamex MC6 sah\u0259 \u00e7oxfunksiyal\u0131 kalibratoru v\u0259 kommunikatoru"},"content":{"rendered":"<div class=\"wpb-content-wrapper\"><div class=\"vc_row wpb_row vc_row-fluid\"><div class=\"wpb_column vc_column_container vc_col-sm-6\"><div class=\"vc_column-inner\"><div class=\"wpb_wrapper\"><div id=\"ultimate-heading-2496a044d2e62a78\" class=\"uvc-heading ult-adjust-bottom-margin ultimate-heading-2496a044d2e62a78 uvc-8486  uvc-heading-default-font-sizes\" data-hspacer=\"line_only\"  data-halign=\"left\" style=\"text-align:left\"><div class=\"uvc-main-heading ult-responsive\"  data-ultimate-target='.uvc-heading.ultimate-heading-2496a044d2e62a78 h2'  data-responsive-json-new='{\"font-size\":\"\",\"line-height\":\"\"}' ><h2 style=\"--font-weight:theme;\">Beamex MC6 sah\u0259 \u00e7oxfunksiyal\u0131 kalibratoru v\u0259 kommunikatoru<\/h2><\/div><div class=\"uvc-heading-spacer line_only\" style=\"topheight:1px;\"><span class=\"uvc-headings-line\" style=\"border-style:solid;border-bottom-width:1px;border-color:#ccc;width:autopx;\"><\/span><\/div><\/div><div class=\"vc_empty_space\"   style=\"height: 32px\"><span class=\"vc_empty_space_inner\"><\/span><\/div>\n\t<div class=\"wpb_text_column wpb_content_element\" >\n\t\t<div class=\"wpb_wrapper\">\n\t\t\t<p>Beamex MC6 m\u00fcasir v\u0259 y\u00fcks\u0259k d\u0259qiqliy\u0259 malik sah\u0259 kalibratoru v\u0259 kommunikatorudur. O, t\u0259zyiq, temperatur v\u0259 m\u00fcxt\u0259lif elektrik siqnallar\u0131n\u0131n kalibrl\u0259nm\u0259si imkan\u0131na malikdir. MC6 HART, FOUNDATION Fieldbus H1 v\u0259 Profibus PA protokolu \u0259sas\u0131nda i\u015fl\u0259y\u0259n qur\u011fular \u00fc\u00e7\u00fcn n\u0259z\u0259rd\u0259 tutulmu\u015f tam h\u0259cmli sah\u0259 kommunikatoruna da malikdir.\n\u0130stifad\u0259 rahatl\u0131\u011f\u0131 v\u0259 asanl\u0131\u011f\u0131 MC6-n\u0131n \u0259sas x\u00fcsusiyy\u0259tl\u0259ri aras\u0131nda yer al\u0131r. Qur\u011fu \u00e7oxdilli istifad\u0259\u00e7i interfeysi olan geni\u015f, 5,7 d\u00fcy\u00fcml\u00fck r\u0259ngli sensor ekrana malikdir. IP65 d\u0259r\u0259c\u0259li toz v\u0259 suyadavaml\u0131 korpus, erqonomik dizayn v\u0259 istifad\u0259nin asanl\u0131\u011f\u0131 MC6-Ex-i farmasevtika, enerji, neft-qaz, ia\u015f\u0259, xidm\u0259t, habel\u0259 neft-kimya v\u0259 kimya s\u0259nayel\u0259ri kimi f\u0259rqli s\u0259nayel\u0259rd\u0259 sah\u0259 istifad\u0259si \u00fc\u00e7\u00fcn ideal \u00f6l\u00e7m\u0259 cihaz\u0131 edir.\nMC6 be\u015f f\u0259rqli i\u015f rejimin\u0259 malik olan qur\u011fudur. Bu, o dem\u0259kdir ki, s\u00fcr\u0259tli v\u0259 istifad\u0259y\u0259 asan cihaza sahib olmaqla sah\u0259 i\u015fi zaman\u0131 daha az avadanl\u0131q da\u015f\u0131mal\u0131 olacaqs\u0131n\u0131z. \u0130\u015f rejiml\u0259rin\u0259 aiddir: \u00f6l\u00e7m\u0259 cihaz\u0131, kalibrator, s\u0259n\u0259dl\u0259\u015fm\u0259 aparan kalibrator, m\u0259lumatlar\u0131n qeyd\u00e7isi v\u0259 sah\u0259 kommunikatoru. Bundan ba\u015fqa, MC6-Ex Beamex CMX kalibrl\u0259m\u0259 proqram\u0131 il\u0259 d\u0259 i\u015fl\u0259yir, kalibrl\u0259m\u0259 v\u0259 s\u0259n\u0259dl\u0259\u015fm\u0259 i\u015fl\u0259rinin tam avtomatla\u015fd\u0131r\u0131lmas\u0131na v\u0259 elektron qaydada apar\u0131lmas\u0131na imkan verir. \nYekun olaraq qeyd etm\u0259liyik ki, MC6 sad\u0259c\u0259 kalibrator deyil.<\/p>\n\n\t\t<\/div>\n\t<\/div>\n<\/div><\/div><\/div><div class=\"wpb_column vc_column_container vc_col-sm-6\"><div class=\"vc_column-inner\"><div class=\"wpb_wrapper\"><div class=\"vc_empty_space\"   style=\"height: 16px\"><span class=\"vc_empty_space_inner\"><\/span><\/div><div class=\"vc_empty_space\"   style=\"height: 32px\"><span class=\"vc_empty_space_inner\"><\/span><\/div><div class=\"vc_row wpb_row vc_inner vc_row-fluid\"><div class=\"wpb_column vc_column_container vc_col-sm-12\"><div class=\"vc_column-inner\"><div class=\"wpb_wrapper\">\n\t<div  class=\"wpb_single_image wpb_content_element vc_align_center\">\n\t\t\n\t\t<figure class=\"wpb_wrapper vc_figure\">\n\t\t\t<div class=\"vc_single_image-wrapper   vc_box_border_grey\"><img loading=\"lazy\" decoding=\"async\" width=\"300\" height=\"268\" src=\"https:\/\/vizir.az\/wp-content\/uploads\/2019\/09\/1_Beamex-MC6-brochure-ENG-300x268.jpg\" class=\"vc_single_image-img attachment-medium\" alt=\"\" title=\"1_Beamex-MC6-brochure-ENG\" srcset=\"https:\/\/vizir.az\/wp-content\/uploads\/2019\/09\/1_Beamex-MC6-brochure-ENG-300x268.jpg 300w, https:\/\/vizir.az\/wp-content\/uploads\/2019\/09\/1_Beamex-MC6-brochure-ENG-768x686.jpg 768w, https:\/\/vizir.az\/wp-content\/uploads\/2019\/09\/1_Beamex-MC6-brochure-ENG-1024x915.jpg 1024w, https:\/\/vizir.az\/wp-content\/uploads\/2019\/09\/1_Beamex-MC6-brochure-ENG.jpg 1070w\" sizes=\"auto, (max-width: 300px) 100vw, 300px\"  data-dt-location=\"https:\/\/vizir.az\/az\/1_beamex-mc6-brochure-eng-2\/\" \/><\/div>\n\t\t<\/figure>\n\t<\/div>\n<div class=\"vc_empty_space\"   style=\"height: 16px\"><span class=\"vc_empty_space_inner\"><\/span><\/div>\n\t<div class=\"wpb_text_column wpb_content_element\" >\n\t\t<div class=\"wpb_wrapper\">\n\t\t\t<p><img loading=\"lazy\" decoding=\"async\" class=\"alignnone wp-image-50469\" src=\"https:\/\/vizir.az\/inc\/uploads\/2019\/09\/pdf.png\" alt=\"\" width=\"50\" height=\"50\" \/><a href=\"https:\/\/vizir.az\/wp-content\/uploads\/2020\/07\/Beamex-MC6-brochure-ENG.pdf\">Beamex MC6<\/a><\/p>\n\n\t\t<\/div>\n\t<\/div>\n<div class=\"ult-just-icon-wrapper\"><div class=\"align-icon\" style=\"text-align:left;\">\n<div class=\"aio-icon-img\" style=\"font-size:48px;display:inline-block;\" >\n\t<img decoding=\"async\" class=\"img-icon\" alt=\"null\" src=\"https:\/\/vizir.az\/wp-content\/uploads\/2019\/09\/pdf.png\"\/>\n<\/div><\/div><\/div><div class=\"vc_empty_space\"   style=\"height: 32px\"><span class=\"vc_empty_space_inner\"><\/span><\/div><\/div><\/div><\/div><\/div><\/div><\/div><\/div><\/div><div class=\"vc_row wpb_row vc_row-fluid\"><div class=\"wpb_column vc_column_container vc_col-sm-12\"><div class=\"vc_column-inner\"><div class=\"wpb_wrapper\"><\/div><\/div><\/div><\/div>\n<\/div>","protected":false},"excerpt":{"rendered":"<p>Beamex MC6 field calibrator and communicator Beamex MC6 is an advanced, high-accuracy field calibrator and communicator. It offers calibration capabilities for pressure, temperature and various electrical signals. The MC6 also contains a full fieldbus communicator for HART, FOUNDATION Fieldbus and Profibus PA instruments. The usability and ease-of-use are among the main features of the MC6.&hellip;<\/p>","protected":false},"author":3,"featured_media":0,"parent":51423,"menu_order":0,"comment_status":"closed","ping_status":"open","template":"","meta":{"footnotes":""},"class_list":["post-51429","page","type-page","status-publish","hentry","description-off"],"_links":{"self":[{"href":"https:\/\/vizir.az\/az\/wp-json\/wp\/v2\/pages\/51429","targetHints":{"allow":["GET"]}}],"collection":[{"href":"https:\/\/vizir.az\/az\/wp-json\/wp\/v2\/pages"}],"about":[{"href":"https:\/\/vizir.az\/az\/wp-json\/wp\/v2\/types\/page"}],"author":[{"embeddable":true,"href":"https:\/\/vizir.az\/az\/wp-json\/wp\/v2\/users\/3"}],"replies":[{"embeddable":true,"href":"https:\/\/vizir.az\/az\/wp-json\/wp\/v2\/comments?post=51429"}],"version-history":[{"count":5,"href":"https:\/\/vizir.az\/az\/wp-json\/wp\/v2\/pages\/51429\/revisions"}],"predecessor-version":[{"id":51972,"href":"https:\/\/vizir.az\/az\/wp-json\/wp\/v2\/pages\/51429\/revisions\/51972"}],"up":[{"embeddable":true,"href":"https:\/\/vizir.az\/az\/wp-json\/wp\/v2\/pages\/51423"}],"wp:attachment":[{"href":"https:\/\/vizir.az\/az\/wp-json\/wp\/v2\/media?parent=51429"}],"curies":[{"name":"wp","href":"https:\/\/api.w.org\/{rel}","templated":true}]}}