{"id":51437,"date":"2019-09-29T16:36:56","date_gmt":"2019-09-29T16:36:56","guid":{"rendered":"https:\/\/vizir.az\/?page_id=51437"},"modified":"2020-07-15T11:37:59","modified_gmt":"2020-07-15T11:37:59","slug":"beamex-mc6-ex-intrinsically-safe-calibrator-and-communicator","status":"publish","type":"page","link":"https:\/\/vizir.az\/az\/calibrators\/multifunction-calibrators\/beamex-mc6-ex-intrinsically-safe-calibrator-and-communicator\/","title":{"rendered":"Q\u0131\u011f\u0131lc\u0131mdan t\u0259hl\u00fck\u0259siz sah\u0259 kalibratoru v\u0259 kommunikator Beamex MC6-Ex"},"content":{"rendered":"<div class=\"wpb-content-wrapper\"><div class=\"vc_row wpb_row vc_row-fluid\"><div class=\"wpb_column vc_column_container vc_col-sm-6\"><div class=\"vc_column-inner\"><div class=\"wpb_wrapper\"><div id=\"ultimate-heading-969469ea41c2ea895\" class=\"uvc-heading ult-adjust-bottom-margin ultimate-heading-969469ea41c2ea895 uvc-1534  uvc-heading-default-font-sizes\" data-hspacer=\"line_only\"  data-halign=\"left\" style=\"text-align:left\"><div class=\"uvc-main-heading ult-responsive\"  data-ultimate-target='.uvc-heading.ultimate-heading-969469ea41c2ea895 h2'  data-responsive-json-new='{\"font-size\":\"\",\"line-height\":\"\"}' ><h2 style=\"--font-weight:theme;\">Q\u0131\u011f\u0131lc\u0131mdan t\u0259hl\u00fck\u0259siz sah\u0259 kalibratoru v\u0259 kommunikator Beamex MC6-Ex<\/h2><\/div><div class=\"uvc-heading-spacer line_only\" style=\"topheight:1px;\"><span class=\"uvc-headings-line\" style=\"border-style:solid;border-bottom-width:1px;border-color:#ccc;width:autopx;\"><\/span><\/div><\/div><div class=\"vc_empty_space\"   style=\"height: 32px\"><span class=\"vc_empty_space_inner\"><\/span><\/div>\n\t<div class=\"wpb_text_column wpb_content_element\" >\n\t\t<div class=\"wpb_wrapper\">\n\t\t\t<p>MC6-Ex ekstremal istismar \u015f\u0259rtl\u0259rind\u0259 istifad\u0259 \u00fc\u00e7\u00fcn n\u0259z\u0259rd\u0259 tutulmu\u015fdur. He\u00e7 bir ba\u015fqa Ex-kalibrator funksional v\u0259 d\u0259qiqlik bax\u0131mdan MC6-Ex kalibratoruna \u00fcst\u00fcn g\u0259l\u0259 bilm\u0259z. ATEX, IECEx t\u0259r\u0259find\u0259n v\u0259 \u015eimali Amerikada sertifikatla\u015fd\u0131r\u0131lm\u0131\u015f MC6-Ex partlay\u0131\u015f potensial\u0131n\u0131n oldu\u011fu m\u00fchitl\u0259rd\u0259, misal \u00fc\u00e7\u00fcn, yanar qaz\u0131n ola bil\u0259c\u0259yi of\u015for v\u0259 sahil neft-qaz platformalar\u0131nda, neft emal\u0131, kimya v\u0259 neft-kimya zavodlar\u0131nda istifad\u0259 edilm\u0259lidir. Eyni zamanda, o, farmasevtika, energetika v\u0259 qaz emal\u0131 s\u0259nayesind\u0259 d\u0259 istifad\u0259 edil\u0259 bil\u0259r.\nMC6-Ex kalibratoru il\u0259 yan\u011f\u0131n t\u0259hl\u00fck\u0259si yaradan i\u015fl\u0259r \u00fc\u00e7\u00fcn icaz\u0259nin al\u0131nmas\u0131na, qaz detektorlar\u0131 kimi \u0259lav\u0259 t\u0259hl\u00fck\u0259sizlik avadanl\u0131\u011f\u0131n\u0131n istifad\u0259 edilm\u0259sin\u0259 ehtiyac yoxdur. Bu avadanl\u0131q dig\u0259r Ex avadanl\u0131qlar\u0131n\u0131n z\u0259d\u0259l\u0259nm\u0259si, yaxud onlar\u0131n t\u0259hl\u00fck\u0259sizlik sxeml\u0259rinin z\u0259r\u0259r g\u00f6rm\u0259si riskini d\u0259 azald\u0131r. MC6-Ex \u0259n t\u0259hl\u00fck\u0259li zonada \u2013 Zone 0-da istifad\u0259 \u00fc\u00e7\u00fcn t\u0259sdiq edildiyind\u0259n, ist\u0259nil\u0259n t\u0259hl\u00fck\u0259li zonada i\u015f zaman\u0131 \u00e7ox t\u0259hl\u00fck\u0259siz v\u0259 sad\u0259 se\u00e7imdir.\nMC6-Ex m\u00fck\u0259mm\u0259l funksionala malik olan m\u00fcasir, y\u00fcks\u0259k d\u0259qiqliy\u0259 malik kalibrator v\u0259 kommunikatordur. O, t\u0259zyiq, temperatur v\u0259 m\u00fcxt\u0259lif elektrik siqnallar\u0131n\u0131n kalibrl\u0259nm\u0259sini t\u0259min ed\u0259n, s\u0259n\u0259dl\u0259\u015fm\u0259 aparan, \u00e7oxfunksiyal\u0131 kalibrator v\u0259 kommunikatordur. O, HART, FOUNDATION Fieldbus H1 v\u0259 Profibus PA protokolu \u0259sas\u0131nda i\u015fl\u0259y\u0259n qur\u011fular \u00fc\u00e7\u00fcn n\u0259z\u0259rd\u0259 tutulmu\u015f sah\u0259 kommunikatoruna da malikdir.\nIP65 d\u0259r\u0259c\u0259li toz v\u0259 suyadavaml\u0131 korpus, erqonomik dizayn v\u0259 istifad\u0259nin asanl\u0131\u011f\u0131 MC6-Ex-i sah\u0259d\u0259 istifad\u0259 \u00fc\u00e7\u00fcn ideal \u00f6l\u00e7m\u0259 qur\u011fusu edir. NiMH a\u011f\u0131ll\u0131 akkumulyator bloku sah\u0259 \u015f\u0259rtl\u0259rind\u0259 d\u0259yi\u015fdiril\u0259 v\u0259 h\u0259m kalibratorun daxilind\u0259, h\u0259m d\u0259 k\u0259narda enerji y\u0131\u011fa bil\u0259r. MC6-Ex be\u015f f\u0259rqli i\u015f rejimin\u0259 malik olan qur\u011fudur. Bu, o dem\u0259kdir ki, s\u00fcr\u0259tli v\u0259 istifad\u0259y\u0259 asan cihaza sahib olmaqla sah\u0259 i\u015fi zaman\u0131 daha az avadanl\u0131q da\u015f\u0131mal\u0131 olacaqs\u0131n\u0131z. \u0130\u015f rejiml\u0259rin\u0259 aiddir: \u00f6l\u00e7m\u0259 cihaz\u0131, kalibrator, s\u0259n\u0259dl\u0259\u015fm\u0259 aparan kalibrator, m\u0259lumatlar\u0131n qeydiyyata al\u0131nmas\u0131 cihaz\u0131 v\u0259 sah\u0259 kommunikatoru. \nBundan ba\u015fqa, MC6-Ex bulud texnologiyalar\u0131na \u0259saslanan Beamex LOGiCAL kalibrl\u0259m\u0259 proqram\u0131 v\u0259 CMX kalibrl\u0259m\u0259nin idar\u0259edilm\u0259si proqram\u0131 il\u0259 d\u0259 i\u015fl\u0259yir, n\u0259tic\u0259 etibaril\u0259, kalibrl\u0259m\u0259 v\u0259 s\u0259n\u0259dl\u0259\u015fm\u0259 i\u015fl\u0259rinin tam avtomatla\u015fd\u0131r\u0131lmas\u0131na v\u0259 elektron qaydada apar\u0131lmas\u0131na imkan verir. MC6-Ex eyni zamanda m\u00fc\u015ft\u0259rinin ERP sistemin\u0259 elektron inteqrasiyan\u0131n da t\u0259rkib hiss\u0259si ola bil\u0259r.<\/p>\n\n\t\t<\/div>\n\t<\/div>\n<\/div><\/div><\/div><div class=\"wpb_column vc_column_container vc_col-sm-6\"><div class=\"vc_column-inner\"><div class=\"wpb_wrapper\"><div class=\"vc_empty_space\"   style=\"height: 16px\"><span class=\"vc_empty_space_inner\"><\/span><\/div><div class=\"vc_empty_space\"   style=\"height: 32px\"><span class=\"vc_empty_space_inner\"><\/span><\/div><div class=\"vc_row wpb_row vc_inner vc_row-fluid\"><div class=\"wpb_column vc_column_container vc_col-sm-12\"><div class=\"vc_column-inner\"><div class=\"wpb_wrapper\">\n\t<div  class=\"wpb_single_image wpb_content_element vc_align_center\">\n\t\t\n\t\t<figure class=\"wpb_wrapper vc_figure\">\n\t\t\t<div class=\"vc_single_image-wrapper   vc_box_border_grey\"><img loading=\"lazy\" decoding=\"async\" width=\"300\" height=\"272\" src=\"https:\/\/vizir.az\/wp-content\/uploads\/2019\/09\/2_Beamex-MC6-Ex-brochure-ENG-300x272.jpg\" class=\"vc_single_image-img attachment-medium\" alt=\"\" title=\"2_Beamex-MC6-Ex-brochure-ENG\" srcset=\"https:\/\/vizir.az\/wp-content\/uploads\/2019\/09\/2_Beamex-MC6-Ex-brochure-ENG-300x272.jpg 300w, https:\/\/vizir.az\/wp-content\/uploads\/2019\/09\/2_Beamex-MC6-Ex-brochure-ENG-768x695.jpg 768w, https:\/\/vizir.az\/wp-content\/uploads\/2019\/09\/2_Beamex-MC6-Ex-brochure-ENG-1024x927.jpg 1024w, https:\/\/vizir.az\/wp-content\/uploads\/2019\/09\/2_Beamex-MC6-Ex-brochure-ENG.jpg 1173w\" sizes=\"auto, (max-width: 300px) 100vw, 300px\"  data-dt-location=\"https:\/\/vizir.az\/az\/2_beamex-mc6-ex-brochure-eng-2\/\" \/><\/div>\n\t\t<\/figure>\n\t<\/div>\n<div class=\"vc_empty_space\"   style=\"height: 16px\"><span class=\"vc_empty_space_inner\"><\/span><\/div>\n\t<div class=\"wpb_text_column wpb_content_element\" >\n\t\t<div class=\"wpb_wrapper\">\n\t\t\t<p><a href=\"https:\/\/vizir.az\/wp-content\/uploads\/2020\/07\/Beamex-MC6-Ex-brochure-ENG.pdf\">Beamex MC6-Ex<\/a><\/p>\n\n\t\t<\/div>\n\t<\/div>\n<div class=\"ult-just-icon-wrapper\"><div class=\"align-icon\" style=\"text-align:left;\">\n<div class=\"aio-icon-img\" style=\"font-size:48px;display:inline-block;\" >\n\t<img decoding=\"async\" class=\"img-icon\" alt=\"null\" src=\"https:\/\/vizir.az\/wp-content\/uploads\/2019\/09\/pdf.png\"\/>\n<\/div><\/div><\/div><\/div><\/div><\/div><\/div><div class=\"vc_empty_space\"   style=\"height: 32px\"><span class=\"vc_empty_space_inner\"><\/span><\/div><\/div><\/div><\/div><\/div><div class=\"vc_row wpb_row vc_row-fluid\"><div class=\"wpb_column vc_column_container vc_col-sm-12\"><div class=\"vc_column-inner\"><div class=\"wpb_wrapper\"><\/div><\/div><\/div><\/div>\n<\/div>","protected":false},"excerpt":{"rendered":"<p>Beamex MC6-Ex Intrinsically Safe Calibrator and Communicator MC6-Ex designed for use in extreme environments. No other Ex-calibrator can outperform the MC6-Ex in terms of functionality and accuracy. The ATEX, IECEx and North American certified MC6-Ex is designed for use in potentially explosive environments, such as offshore and on-shore oil and gas platforms, oil refineries, chemical&hellip;<\/p>","protected":false},"author":3,"featured_media":0,"parent":51423,"menu_order":0,"comment_status":"closed","ping_status":"open","template":"","meta":{"footnotes":""},"class_list":["post-51437","page","type-page","status-publish","hentry","description-off"],"_links":{"self":[{"href":"https:\/\/vizir.az\/az\/wp-json\/wp\/v2\/pages\/51437","targetHints":{"allow":["GET"]}}],"collection":[{"href":"https:\/\/vizir.az\/az\/wp-json\/wp\/v2\/pages"}],"about":[{"href":"https:\/\/vizir.az\/az\/wp-json\/wp\/v2\/types\/page"}],"author":[{"embeddable":true,"href":"https:\/\/vizir.az\/az\/wp-json\/wp\/v2\/users\/3"}],"replies":[{"embeddable":true,"href":"https:\/\/vizir.az\/az\/wp-json\/wp\/v2\/comments?post=51437"}],"version-history":[{"count":7,"href":"https:\/\/vizir.az\/az\/wp-json\/wp\/v2\/pages\/51437\/revisions"}],"predecessor-version":[{"id":51974,"href":"https:\/\/vizir.az\/az\/wp-json\/wp\/v2\/pages\/51437\/revisions\/51974"}],"up":[{"embeddable":true,"href":"https:\/\/vizir.az\/az\/wp-json\/wp\/v2\/pages\/51423"}],"wp:attachment":[{"href":"https:\/\/vizir.az\/az\/wp-json\/wp\/v2\/media?parent=51437"}],"curies":[{"name":"wp","href":"https:\/\/api.w.org\/{rel}","templated":true}]}}