{"id":51439,"date":"2019-09-29T16:39:01","date_gmt":"2019-09-29T16:39:01","guid":{"rendered":"https:\/\/vizir.az\/?page_id=51439"},"modified":"2020-07-15T11:39:57","modified_gmt":"2020-07-15T11:39:57","slug":"beamex-mc4-documenting-process-calibrator","status":"publish","type":"page","link":"https:\/\/vizir.az\/az\/calibrators\/multifunction-calibrators\/beamex-mc4-documenting-process-calibrator\/","title":{"rendered":"Beamex MC4 s\u0259n\u0259dl\u0259\u015fm\u0259 aparan \u00e7oxfunksiyal\u0131 kalibrator"},"content":{"rendered":"<div class=\"wpb-content-wrapper\"><div class=\"vc_row wpb_row vc_row-fluid\"><div class=\"wpb_column vc_column_container vc_col-sm-6\"><div class=\"vc_column-inner\"><div class=\"wpb_wrapper\"><div id=\"ultimate-heading-518269cfd4516d64c\" class=\"uvc-heading ult-adjust-bottom-margin ultimate-heading-518269cfd4516d64c uvc-2544  uvc-heading-default-font-sizes\" data-hspacer=\"line_only\"  data-halign=\"left\" style=\"text-align:left\"><div class=\"uvc-main-heading ult-responsive\"  data-ultimate-target='.uvc-heading.ultimate-heading-518269cfd4516d64c h2'  data-responsive-json-new='{\"font-size\":\"\",\"line-height\":\"\"}' ><h2 style=\"--font-weight:theme;\">Beamex MC4 s\u0259n\u0259dl\u0259\u015fm\u0259 aparan \u00e7oxfunksiyal\u0131 kalibrator<\/h2><\/div><div class=\"uvc-heading-spacer line_only\" style=\"topheight:1px;\"><span class=\"uvc-headings-line\" style=\"border-style:solid;border-bottom-width:1px;border-color:#ccc;width:autopx;\"><\/span><\/div><\/div><div class=\"vc_empty_space\"   style=\"height: 32px\"><span class=\"vc_empty_space_inner\"><\/span><\/div>\n\t<div class=\"wpb_text_column wpb_content_element\" >\n\t\t<div class=\"wpb_wrapper\">\n\t\t\t<p>Beamex MC4 prosesin s\u0259n\u0259dl\u0259\u015fm\u0259sini aparan kalibratordur. Kalibrl\u0259n\u0259n cihaz\u0131n m\u0259lumatlar\u0131 komp\u00fcterd\u0259n MC4-\u0259 g\u00f6nd\u0259ril\u0259 v\u0259 kalibrl\u0259m\u0259 n\u0259tic\u0259l\u0259ri MC4-d\u0259n Beamex CMX kalibrl\u0259m\u0259 proqram\u0131n\u0131n qura\u015fd\u0131r\u0131ld\u0131\u011f\u0131 komp\u00fcter\u0259 y\u00fckl\u0259nil\u0259 bil\u0259r. \u00c7oxfunksiyal\u0131 bir kalibrator olaraq MC4 t\u0259zyiq, temperatur v\u0259 elektrik siqnallar\u0131 kimi f\u0259rqli proses parametrl\u0259rinin kalibrl\u0259nm\u0259si \u00fc\u00e7\u00fcn m\u00fcnasibdir. Y\u00fcks\u0259k d\u0259qiqlik MC4-\u00fcn \u0259n vacib x\u00fcsusiyy\u0259tl\u0259rind\u0259n biridir. MC4-\u00fcn standart x\u00fcsusiyy\u0259ti onun d\u0259qiqliyinin d\u0259lili olaraq t\u0259sdiq edilmi\u015f kalibrl\u0259m\u0259 sertifikat\u0131 il\u0259 birlikd\u0259 t\u0259chiz edilm\u0259sidir. Temperaturun kalibrl\u0259m\u0259 d\u0259qiqliyini daha da t\u0259kmill\u0259\u015fdirm\u0259k \u00fc\u00e7\u00fcn MC4-d\u0259 PRT n\u00fcmun\u0259l\u0259rinin d\u00fcz\u0259li\u015f \u0259msallar\u0131n\u0131 proqramla\u015fd\u0131rmaq m\u00fcmk\u00fcnd\u00fcr. Geni\u015f qrafik displey, \u00e7oxdilli istifad\u0259\u00e7i interfeysi v\u0259 menyular, habel\u0259 tam h\u0259cmli r\u0259q\u0259mli klaviatura cihaz\u0131n istifad\u0259sini asanla\u015fd\u0131r\u0131r.<\/p>\n\n\t\t<\/div>\n\t<\/div>\n<\/div><\/div><\/div><div class=\"wpb_column vc_column_container vc_col-sm-6\"><div class=\"vc_column-inner\"><div class=\"wpb_wrapper\"><div class=\"vc_empty_space\"   style=\"height: 16px\"><span class=\"vc_empty_space_inner\"><\/span><\/div><div class=\"vc_empty_space\"   style=\"height: 32px\"><span class=\"vc_empty_space_inner\"><\/span><\/div><div class=\"vc_row wpb_row vc_inner vc_row-fluid\"><div class=\"wpb_column vc_column_container vc_col-sm-12\"><div class=\"vc_column-inner\"><div class=\"wpb_wrapper\">\n\t<div  class=\"wpb_single_image wpb_content_element vc_align_center\">\n\t\t\n\t\t<figure class=\"wpb_wrapper vc_figure\">\n\t\t\t<div class=\"vc_single_image-wrapper   vc_box_border_grey\"><img loading=\"lazy\" decoding=\"async\" width=\"238\" height=\"300\" src=\"https:\/\/vizir.az\/wp-content\/uploads\/2019\/09\/3_Beamex-MC4-brochure-ENG-238x300.jpg\" class=\"vc_single_image-img attachment-medium\" alt=\"\" title=\"3_Beamex-MC4-brochure-ENG\" srcset=\"https:\/\/vizir.az\/wp-content\/uploads\/2019\/09\/3_Beamex-MC4-brochure-ENG-238x300.jpg 238w, https:\/\/vizir.az\/wp-content\/uploads\/2019\/09\/3_Beamex-MC4-brochure-ENG.jpg 403w\" sizes=\"auto, (max-width: 238px) 100vw, 238px\"  data-dt-location=\"https:\/\/vizir.az\/az\/3_beamex-mc4-brochure-eng-2\/\" \/><\/div>\n\t\t<\/figure>\n\t<\/div>\n<div class=\"vc_empty_space\"   style=\"height: 16px\"><span class=\"vc_empty_space_inner\"><\/span><\/div>\n\t<div class=\"wpb_text_column wpb_content_element\" >\n\t\t<div class=\"wpb_wrapper\">\n\t\t\t<p><a href=\"https:\/\/vizir.az\/wp-content\/uploads\/2020\/07\/Beamex-MC4-brochure-ENG.pdf\">Beamex MC4<\/a><\/p>\n\n\t\t<\/div>\n\t<\/div>\n<div class=\"ult-just-icon-wrapper\"><div class=\"align-icon\" style=\"text-align:left;\">\n<div class=\"aio-icon-img\" style=\"font-size:48px;display:inline-block;\" >\n\t<img decoding=\"async\" class=\"img-icon\" alt=\"null\" src=\"https:\/\/vizir.az\/wp-content\/uploads\/2019\/09\/pdf.png\"\/>\n<\/div><\/div><\/div><\/div><\/div><\/div><\/div><\/div><\/div><\/div><\/div><div class=\"vc_row wpb_row vc_row-fluid\"><div class=\"wpb_column vc_column_container vc_col-sm-12\"><div class=\"vc_column-inner\"><div class=\"wpb_wrapper\"><\/div><\/div><\/div><\/div>\n<\/div>","protected":false},"excerpt":{"rendered":"<p>Beamex MC4 Documenting Process Calibrator The Beamex MC4 is a documenting process calibrator. Instrument data can be sent from a computer to the MC4 and calibration results can be uploaded from the MC4 to a computer containing the Beamex CMX calibration software. Being a multifunctional calibrator, the MC4 is suitable for calibrating various process parameters,&hellip;<\/p>","protected":false},"author":3,"featured_media":0,"parent":51423,"menu_order":0,"comment_status":"closed","ping_status":"open","template":"","meta":{"footnotes":""},"class_list":["post-51439","page","type-page","status-publish","hentry","description-off"],"_links":{"self":[{"href":"https:\/\/vizir.az\/az\/wp-json\/wp\/v2\/pages\/51439","targetHints":{"allow":["GET"]}}],"collection":[{"href":"https:\/\/vizir.az\/az\/wp-json\/wp\/v2\/pages"}],"about":[{"href":"https:\/\/vizir.az\/az\/wp-json\/wp\/v2\/types\/page"}],"author":[{"embeddable":true,"href":"https:\/\/vizir.az\/az\/wp-json\/wp\/v2\/users\/3"}],"replies":[{"embeddable":true,"href":"https:\/\/vizir.az\/az\/wp-json\/wp\/v2\/comments?post=51439"}],"version-history":[{"count":6,"href":"https:\/\/vizir.az\/az\/wp-json\/wp\/v2\/pages\/51439\/revisions"}],"predecessor-version":[{"id":51975,"href":"https:\/\/vizir.az\/az\/wp-json\/wp\/v2\/pages\/51439\/revisions\/51975"}],"up":[{"embeddable":true,"href":"https:\/\/vizir.az\/az\/wp-json\/wp\/v2\/pages\/51423"}],"wp:attachment":[{"href":"https:\/\/vizir.az\/az\/wp-json\/wp\/v2\/media?parent=51439"}],"curies":[{"name":"wp","href":"https:\/\/api.w.org\/{rel}","templated":true}]}}