{"id":51441,"date":"2019-09-29T16:41:03","date_gmt":"2019-09-29T16:41:03","guid":{"rendered":"https:\/\/vizir.az\/?page_id=51441"},"modified":"2020-07-15T11:41:43","modified_gmt":"2020-07-15T11:41:43","slug":"beamex-mc2-process-calibrator","status":"publish","type":"page","link":"https:\/\/vizir.az\/az\/calibrators\/multifunction-calibrators\/beamex-mc2-process-calibrator\/","title":{"rendered":"Beamex MC2 portativ proses kalibratoru"},"content":{"rendered":"<div class=\"wpb-content-wrapper\"><div class=\"vc_row wpb_row vc_row-fluid\"><div class=\"wpb_column vc_column_container vc_col-sm-6\"><div class=\"vc_column-inner\"><div class=\"wpb_wrapper\"><div id=\"ultimate-heading-107169f393e8091a9\" class=\"uvc-heading ult-adjust-bottom-margin ultimate-heading-107169f393e8091a9 uvc-1757  uvc-heading-default-font-sizes\" data-hspacer=\"line_only\"  data-halign=\"left\" style=\"text-align:left\"><div class=\"uvc-main-heading ult-responsive\"  data-ultimate-target='.uvc-heading.ultimate-heading-107169f393e8091a9 h2'  data-responsive-json-new='{\"font-size\":\"\",\"line-height\":\"\"}' ><h2 style=\"--font-weight:theme;\">Beamex MC2 portativ proses kalibratoru<\/h2><\/div><div class=\"uvc-heading-spacer line_only\" style=\"topheight:1px;\"><span class=\"uvc-headings-line\" style=\"border-style:solid;border-bottom-width:1px;border-color:#ccc;width:autopx;\"><\/span><\/div><\/div><div class=\"vc_empty_space\"   style=\"height: 32px\"><span class=\"vc_empty_space_inner\"><\/span><\/div>\n\t<div class=\"wpb_text_column wpb_content_element\" >\n\t\t<div class=\"wpb_wrapper\">\n\t\t\t<p>Beamex MC2 sah\u0259d\u0259 istifad\u0259 \u00fc\u00e7\u00fcn n\u0259z\u0259rd\u0259 tutulmu\u015f y\u00fcks\u0259k keyfiyy\u0259tli \u0259l kalibratorudur. MC2 kompakt v\u0259 istifad\u0259si asan \u0259l kalibratorudur. Onun iri qrafik displeyi, menyuya \u0259saslanan interfeysi v\u0259 tam h\u0259cmli r\u0259q\u0259mli klaviaturas\u0131 var. Beamex MC2 s\u0259n\u0259dl\u0259\u015fm\u0259 aparan kalibratordur v\u0259 Beamex \u0130nteqrasiya edilmi\u015f Kalibrl\u0259m\u0259 H\u0259ll\u0259rinin t\u0259rkibin\u0259 daxildir. MC2 geni\u015f qrafik displey\u0259, \u00e7oxdilli interfeys\u0259 v\u0259 tam h\u0259cmli r\u0259q\u0259mli klaviaturaya malik olan kompakt, y\u00fcng\u00fcl \u00e7\u0259kili, portativ kalibratordur.\u2002Bu cihaz vasit\u0259sil\u0259 kalibrl\u0259m\u0259 s\u00fcr\u0259tl\u0259 v\u0259 asanl\u0131qla h\u0259yata ke\u00e7irilir. Kalibrator izl\u0259n\u0259n, t\u0259sdiq edilmi\u015f kalibrl\u0259m\u0259 sertifikat\u0131 il\u0259 birlikd\u0259 t\u0259chiz edilir. Z\u0259rb\u0259d\u0259n qorunma funksiyas\u0131na v\u0259 membranl\u0131 klaviaturaya malik olan MC2 davaml\u0131 materialdan haz\u0131rlan\u0131b v\u0259 intensiv istifad\u0259 \u00fc\u00e7\u00fcn n\u0259z\u0259rd\u0259 tutulub. MC2 daxili v\u0259 xarici t\u0259zyiq modullar\u0131 kimi bir s\u0131ra konfiqurasiya imkanlar\u0131 t\u0259min edir.<\/p>\n\n\t\t<\/div>\n\t<\/div>\n<\/div><\/div><\/div><div class=\"wpb_column vc_column_container vc_col-sm-6\"><div class=\"vc_column-inner\"><div class=\"wpb_wrapper\"><div class=\"vc_empty_space\"   style=\"height: 16px\"><span class=\"vc_empty_space_inner\"><\/span><\/div><div class=\"vc_empty_space\"   style=\"height: 32px\"><span class=\"vc_empty_space_inner\"><\/span><\/div><div class=\"vc_row wpb_row vc_inner vc_row-fluid\"><div class=\"wpb_column vc_column_container vc_col-sm-12\"><div class=\"vc_column-inner\"><div class=\"wpb_wrapper\">\n\t<div  class=\"wpb_single_image wpb_content_element vc_align_center\">\n\t\t\n\t\t<figure class=\"wpb_wrapper vc_figure\">\n\t\t\t<div class=\"vc_single_image-wrapper   vc_box_border_grey\"><img loading=\"lazy\" decoding=\"async\" width=\"206\" height=\"300\" src=\"https:\/\/vizir.az\/wp-content\/uploads\/2019\/09\/4_Beamex-MC2-brochure-ENG-206x300.jpg\" class=\"vc_single_image-img attachment-medium\" alt=\"\" title=\"4_Beamex-MC2-brochure-ENG\" srcset=\"https:\/\/vizir.az\/wp-content\/uploads\/2019\/09\/4_Beamex-MC2-brochure-ENG-206x300.jpg 206w, https:\/\/vizir.az\/wp-content\/uploads\/2019\/09\/4_Beamex-MC2-brochure-ENG.jpg 552w\" sizes=\"auto, (max-width: 206px) 100vw, 206px\"  data-dt-location=\"https:\/\/vizir.az\/az\/4_beamex-mc2-brochure-eng-2\/\" \/><\/div>\n\t\t<\/figure>\n\t<\/div>\n<div class=\"vc_empty_space\"   style=\"height: 16px\"><span class=\"vc_empty_space_inner\"><\/span><\/div>\n\t<div class=\"wpb_text_column wpb_content_element\" >\n\t\t<div class=\"wpb_wrapper\">\n\t\t\t<p><img loading=\"lazy\" decoding=\"async\" class=\"alignnone wp-image-50469\" src=\"https:\/\/vizir.az\/inc\/uploads\/2019\/09\/pdf.png\" alt=\"\" width=\"50\" height=\"50\" \/><a href=\"https:\/\/vizir.az\/wp-content\/uploads\/2020\/07\/Beamex-MC2-brochure-ENG.pdf\">Beamex MC2<\/a><\/p>\n\n\t\t<\/div>\n\t<\/div>\n<div class=\"ult-just-icon-wrapper\"><div class=\"align-icon\" style=\"text-align:left;\">\n<div class=\"aio-icon-img\" style=\"font-size:48px;display:inline-block;\" >\n\t<img decoding=\"async\" class=\"img-icon\" alt=\"null\" src=\"https:\/\/vizir.az\/wp-content\/uploads\/2019\/09\/pdf.png\"\/>\n<\/div><\/div><\/div><\/div><\/div><\/div><\/div><\/div><\/div><\/div><\/div><div class=\"vc_row wpb_row vc_row-fluid\"><div class=\"wpb_column vc_column_container vc_col-sm-12\"><div class=\"vc_column-inner\"><div class=\"wpb_wrapper\"><\/div><\/div><\/div><\/div>\n<\/div>","protected":false},"excerpt":{"rendered":"<p>Beamex MC2 portable process calibrator The\u2002Beamex\u2002MC2\u2002is\u2002a\u2002high-quality\u2002hand-held\u2002calibrator\u2002for\u2002field\u2002use. The MC2 is a compact and\u2002easy-to-use\u2002hand-held\u2002calibrator. It\u2002has\u2002a\u2002large graphical\u2002display,\u2002a\u2002menu-based\u2002interface\u2002and\u2002full\u2002numerical\u2002keyboard.The Beamex MC2 is a documenting\u2002calibrator\u2002and\u2002is\u2002part of the Beamex Integrated\u2002Calibration Solution. The MC2 is a compact,\u2002lightweight\u2002portable\u2002calibrator\u2002with\u2002large graphical\u2002display,\u2002multilingual\u2002interface\u2002and\u2002full\u2002numerical keyboard.\u2002Calibration\u2002is\u2002quick\u2002and\u2002simple. The calibrator is\u2002delivered\u2002with\u2002a\u2002traceable,\u2002accredited\u2002calibration certificate. The\u2002MC2\u2002with\u2002impact\u2002protectors\u2002and\u2002membrane\u2002keyboard\u2002is\u2002robustand\u2002made\u2002for tough\u2002use. The MC2 provides a number of configuration\u2002possibilities,\u2002such\u2002as internal and external pressure\u2002modules. Beamex MC2<\/p>","protected":false},"author":3,"featured_media":0,"parent":51423,"menu_order":0,"comment_status":"closed","ping_status":"open","template":"","meta":{"footnotes":""},"class_list":["post-51441","page","type-page","status-publish","hentry","description-off"],"_links":{"self":[{"href":"https:\/\/vizir.az\/az\/wp-json\/wp\/v2\/pages\/51441","targetHints":{"allow":["GET"]}}],"collection":[{"href":"https:\/\/vizir.az\/az\/wp-json\/wp\/v2\/pages"}],"about":[{"href":"https:\/\/vizir.az\/az\/wp-json\/wp\/v2\/types\/page"}],"author":[{"embeddable":true,"href":"https:\/\/vizir.az\/az\/wp-json\/wp\/v2\/users\/3"}],"replies":[{"embeddable":true,"href":"https:\/\/vizir.az\/az\/wp-json\/wp\/v2\/comments?post=51441"}],"version-history":[{"count":6,"href":"https:\/\/vizir.az\/az\/wp-json\/wp\/v2\/pages\/51441\/revisions"}],"predecessor-version":[{"id":51976,"href":"https:\/\/vizir.az\/az\/wp-json\/wp\/v2\/pages\/51441\/revisions\/51976"}],"up":[{"embeddable":true,"href":"https:\/\/vizir.az\/az\/wp-json\/wp\/v2\/pages\/51423"}],"wp:attachment":[{"href":"https:\/\/vizir.az\/az\/wp-json\/wp\/v2\/media?parent=51441"}],"curies":[{"name":"wp","href":"https:\/\/api.w.org\/{rel}","templated":true}]}}