{"id":51443,"date":"2019-09-29T16:43:06","date_gmt":"2019-09-29T16:43:06","guid":{"rendered":"https:\/\/vizir.az\/?page_id=51443"},"modified":"2020-07-15T17:37:59","modified_gmt":"2020-07-15T17:37:59","slug":"ametek-asc-400-multifunction-calibrator","status":"publish","type":"page","link":"https:\/\/vizir.az\/az\/calibrators\/multifunction-calibrators\/ametek-asc-400-multifunction-calibrator\/","title":{"rendered":"AMETEK ASC-400 \u00e7oxfunksiyal\u0131 kalibrator"},"content":{"rendered":"<div class=\"wpb-content-wrapper\"><div class=\"vc_row wpb_row vc_row-fluid\"><div class=\"wpb_column vc_column_container vc_col-sm-6\"><div class=\"vc_column-inner\"><div class=\"wpb_wrapper\"><div id=\"ultimate-heading-458469e9c9c3d0dd7\" class=\"uvc-heading ult-adjust-bottom-margin ultimate-heading-458469e9c9c3d0dd7 uvc-6899  uvc-heading-default-font-sizes\" data-hspacer=\"line_only\"  data-halign=\"left\" style=\"text-align:left\"><div class=\"uvc-main-heading ult-responsive\"  data-ultimate-target='.uvc-heading.ultimate-heading-458469e9c9c3d0dd7 h2'  data-responsive-json-new='{\"font-size\":\"\",\"line-height\":\"\"}' ><h2 style=\"--font-weight:theme;\">AMETEK ASC-400 \u00e7oxfunksiyal\u0131 kalibrator<\/h2><\/div><div class=\"uvc-heading-spacer line_only\" style=\"topheight:1px;\"><span class=\"uvc-headings-line\" style=\"border-style:solid;border-bottom-width:1px;border-color:#ccc;width:autopx;\"><\/span><\/div><\/div><div class=\"vc_empty_space\"   style=\"height: 32px\"><span class=\"vc_empty_space_inner\"><\/span><\/div>\n\t<div class=\"wpb_text_column wpb_content_element\" >\n\t\t<div class=\"wpb_wrapper\">\n\t\t\t<p>ASC-400 proses siqnallar\u0131n\u0131n portativ kalibratorudur. Cihaz laboratoriya kalibrl\u0259m\u0259 sisteml\u0259rind\u0259n g\u00f6zl\u0259y\u0259 bil\u0259c\u0259yiniz funksional v\u0259 d\u0259qiqliy\u0259 malik olmaqla yana\u015f\u0131, al\u0259t qutusuna s\u0131\u011facaq q\u0259d\u0259r kompaktd\u0131r v\u0259 sah\u0259d\u0259 kalibrl\u0259m\u0259nin asanl\u0131qla h\u0259yata ke\u00e7irilm\u0259si \u00fc\u00e7\u00fcn bir \u0259ll\u0259 idar\u0259 olunur. ASC-400 sad\u0259c\u0259 siqnal kalibratoru deyil. O, APM xarici t\u0259zyiq modullar\u0131, yaxud quru blok temperatur kalibratoru il\u0259 bir araya g\u0259l\u0259r\u0259k t\u0259zyiq v\u0259 temperaturu kalibrl\u0259\u015fdirir. Bir s\u0131ra funksional d\u00fcym\u0259l\u0259r\u0259 v\u0259 kursor d\u00fcym\u0259l\u0259rin\u0259 malik olan tam h\u0259cmli r\u0259q\u0259mli klaviatura istifad\u0259\u00e7i interfeysinin sad\u0259 v\u0259 s\u00fcr\u0259tli \u015f\u0259kild\u0259 idar\u0259 edilm\u0259sin\u0259 imkan verir. Yeni tam r\u0259ngli displey y\u00fcks\u0259k s\u0259viyy\u0259li g\u00f6r\u00fcnm\u0259 v\u0259 bax\u0131\u015f imkan\u0131 t\u0259min edir. ASC-400 kalibratorunun y\u00fcks\u0259k d\u0259qiqliyi k\u00f6vr\u0259k \u00f6l\u00e7m\u0259 sxeml\u0259rinin v\u0259 ya enerji m\u0259nb\u0259l\u0259rinin hesab\u0131na t\u0259min edilmir. ASC-400-d\u0259 \u0259riy\u0259n qoruyucular yoxdur, buna g\u00f6r\u0259 d\u0259 qoruyucular\u0131 \u0259v\u0259z etm\u0259k \u00fc\u00e7\u00fcn he\u00e7 bir x\u0259rc t\u0259l\u0259b etmir!<\/p>\n\n\t\t<\/div>\n\t<\/div>\n<\/div><\/div><\/div><div class=\"wpb_column vc_column_container vc_col-sm-6\"><div class=\"vc_column-inner\"><div class=\"wpb_wrapper\"><div class=\"vc_empty_space\"   style=\"height: 16px\"><span class=\"vc_empty_space_inner\"><\/span><\/div><div class=\"vc_empty_space\"   style=\"height: 32px\"><span class=\"vc_empty_space_inner\"><\/span><\/div><div class=\"vc_row wpb_row vc_inner vc_row-fluid\"><div class=\"wpb_column vc_column_container vc_col-sm-12\"><div class=\"vc_column-inner\"><div class=\"wpb_wrapper\">\n\t<div  class=\"wpb_single_image wpb_content_element vc_align_center\">\n\t\t\n\t\t<figure class=\"wpb_wrapper vc_figure\">\n\t\t\t<div class=\"vc_single_image-wrapper   vc_box_border_grey\"><img loading=\"lazy\" decoding=\"async\" width=\"264\" height=\"300\" src=\"https:\/\/vizir.az\/wp-content\/uploads\/2019\/09\/5_ASC-400-264x300.jpg\" class=\"vc_single_image-img attachment-medium\" alt=\"\" title=\"5_ASC-400\" srcset=\"https:\/\/vizir.az\/wp-content\/uploads\/2019\/09\/5_ASC-400-264x300.jpg 264w, https:\/\/vizir.az\/wp-content\/uploads\/2019\/09\/5_ASC-400-768x873.jpg 768w, https:\/\/vizir.az\/wp-content\/uploads\/2019\/09\/5_ASC-400-901x1024.jpg 901w, https:\/\/vizir.az\/wp-content\/uploads\/2019\/09\/5_ASC-400.jpg 1536w\" sizes=\"auto, (max-width: 264px) 100vw, 264px\"  data-dt-location=\"https:\/\/vizir.az\/az\/5_asc-400-2\/\" \/><\/div>\n\t\t<\/figure>\n\t<\/div>\n<div class=\"vc_empty_space\"   style=\"height: 16px\"><span class=\"vc_empty_space_inner\"><\/span><\/div>\n\t<div class=\"wpb_text_column wpb_content_element\" >\n\t\t<div class=\"wpb_wrapper\">\n\t\t\t<p><img loading=\"lazy\" decoding=\"async\" class=\"alignnone wp-image-50469\" src=\"https:\/\/vizir.az\/inc\/uploads\/2019\/09\/pdf.png\" alt=\"\" width=\"50\" height=\"50\" \/><a href=\"https:\/\/vizir.az\/wp-content\/uploads\/2020\/07\/multifunction-process-calibrator-asc400-datasheet-us.pdf\">AMETEK ASC-400<\/a><\/p>\n\n\t\t<\/div>\n\t<\/div>\n\n\t<div class=\"wpb_text_column wpb_content_element\" >\n\t\t<div class=\"wpb_wrapper\">\n\t\t\t\n\n\t\t<\/div>\n\t<\/div>\n<div class=\"ult-just-icon-wrapper\"><div class=\"align-icon\" style=\"text-align:left;\">\n<div class=\"aio-icon-img\" style=\"font-size:48px;display:inline-block;\" >\n\t<img decoding=\"async\" class=\"img-icon\" alt=\"null\" src=\"https:\/\/vizir.az\/wp-content\/uploads\/2019\/09\/pdf.png\"\/>\n<\/div><\/div><\/div><div class=\"vc_empty_space\"   style=\"height: 16px\"><span class=\"vc_empty_space_inner\"><\/span><\/div><\/div><\/div><\/div><\/div><\/div><\/div><\/div><\/div>\n<\/div>","protected":false},"excerpt":{"rendered":"<p>Ametek ASC-400 Multifunction Calibrator ASC-400 is a portable process signal calibrator that provides the functionality and accuracy you expect from a laboratory calibration system, but compact enough to fit into the tool box and be operated with one hand for easy field calibration. The ASC-400 is more than just a signal calibrator. Combined with our&hellip;<\/p>","protected":false},"author":3,"featured_media":0,"parent":51423,"menu_order":0,"comment_status":"closed","ping_status":"open","template":"","meta":{"footnotes":""},"class_list":["post-51443","page","type-page","status-publish","hentry","description-off"],"_links":{"self":[{"href":"https:\/\/vizir.az\/az\/wp-json\/wp\/v2\/pages\/51443","targetHints":{"allow":["GET"]}}],"collection":[{"href":"https:\/\/vizir.az\/az\/wp-json\/wp\/v2\/pages"}],"about":[{"href":"https:\/\/vizir.az\/az\/wp-json\/wp\/v2\/types\/page"}],"author":[{"embeddable":true,"href":"https:\/\/vizir.az\/az\/wp-json\/wp\/v2\/users\/3"}],"replies":[{"embeddable":true,"href":"https:\/\/vizir.az\/az\/wp-json\/wp\/v2\/comments?post=51443"}],"version-history":[{"count":8,"href":"https:\/\/vizir.az\/az\/wp-json\/wp\/v2\/pages\/51443\/revisions"}],"predecessor-version":[{"id":51979,"href":"https:\/\/vizir.az\/az\/wp-json\/wp\/v2\/pages\/51443\/revisions\/51979"}],"up":[{"embeddable":true,"href":"https:\/\/vizir.az\/az\/wp-json\/wp\/v2\/pages\/51423"}],"wp:attachment":[{"href":"https:\/\/vizir.az\/az\/wp-json\/wp\/v2\/media?parent=51443"}],"curies":[{"name":"wp","href":"https:\/\/api.w.org\/{rel}","templated":true}]}}