{"id":51445,"date":"2019-09-29T16:45:02","date_gmt":"2019-09-29T16:45:02","guid":{"rendered":"https:\/\/vizir.az\/?page_id=51445"},"modified":"2020-07-14T10:15:59","modified_gmt":"2020-07-14T10:15:59","slug":"ametek-ma-loop-calibrators","status":"publish","type":"page","link":"https:\/\/vizir.az\/az\/calibrators\/multifunction-calibrators\/ametek-ma-loop-calibrators\/","title":{"rendered":"AMETEK mAcal c\u0259r\u0259yan kalibratoru"},"content":{"rendered":"<div class=\"wpb-content-wrapper\"><div class=\"vc_row wpb_row vc_row-fluid\"><div class=\"wpb_column vc_column_container vc_col-sm-6\"><div class=\"vc_column-inner\"><div class=\"wpb_wrapper\"><div id=\"ultimate-heading-387469e9c9c3cf66e\" class=\"uvc-heading ult-adjust-bottom-margin ultimate-heading-387469e9c9c3cf66e uvc-61  uvc-heading-default-font-sizes\" data-hspacer=\"line_only\"  data-halign=\"left\" style=\"text-align:left\"><div class=\"uvc-main-heading ult-responsive\"  data-ultimate-target='.uvc-heading.ultimate-heading-387469e9c9c3cf66e h2'  data-responsive-json-new='{\"font-size\":\"\",\"line-height\":\"\"}' ><h2 style=\"--font-weight:theme;\">AMETEK mAcal c\u0259r\u0259yan kalibratoru<\/h2><\/div><div class=\"uvc-heading-spacer line_only\" style=\"topheight:1px;\"><span class=\"uvc-headings-line\" style=\"border-style:solid;border-bottom-width:1px;border-color:#ccc;width:autopx;\"><\/span><\/div><\/div><div class=\"vc_empty_space\"   style=\"height: 32px\"><span class=\"vc_empty_space_inner\"><\/span><\/div>\n\t<div class=\"wpb_text_column wpb_content_element\" >\n\t\t<div class=\"wpb_wrapper\">\n\t\t\t<p>mAcal kalibratoru mA siqnallar\u0131n\u0131n al\u0131nmas\u0131 v\u0259 \u00f6l\u00e7\u00fclm\u0259si \u00fc\u00e7\u00fcn q\u0259na\u0259tli v\u0259 istifad\u0259si asan kalibrl\u0259m\u0259 qur\u011fusudur. Cihaz x\u00fcsusi olaraq 4-20 mA siqnala malik \u00e7eviricil\u0259rin 2-x\u0259tli \u00f6t\u00fcrm\u0259 konturlar\u0131 \u00fc\u00e7\u00fcn n\u0259z\u0259rd\u0259 tutulub. Cihaz\u0131n klaviaturas\u0131 asanl\u0131qla istifad\u0259 edilir v\u0259 m\u00fcsb\u0259t taktil t\u0259\u0259ss\u00fcrat ba\u011f\u0131\u015flay\u0131r. \u0130ri, y\u00fcks\u0259k kontrastl\u0131\u011fa malik 5 r\u0259q\u0259mli LCD ekran \u0259d\u0259di g\u00f6st\u0259ricil\u0259ri mA, %, V v\u0259 ya san. il\u0259 ifad\u0259 edir. \u018fksetm\u0259 qabiliyy\u0259ti \u00f6l\u00e7m\u0259 rejimind\u0259 0,001 mA t\u0259\u015fkil edir. \u0130stifad\u0259\u00e7i g\u00f6st\u0259ricinin g\u00f6r\u00fcnt\u00fcn\u00fc tam miqyas\u0131n %-d\u0259 d\u0259y\u0259rl\u0259r\u0259 d\u0259yi\u015f\u0259 bilir. Displey eyni zamanda x\u0259ta kodlar\u0131n\u0131, kontur uy\u011fun g\u0259lm\u0259diyi halda vizual x\u0259b\u0259rdarl\u0131qlar\u0131, \u0259ks polyarl\u0131\u011f\u0131 v\u0259 diapazondan k\u0259nara \u00e7\u0131xan g\u00f6st\u0259ricil\u0259ri n\u00fcmayi\u015f etdirir. O, istifad\u0259\u00e7i t\u0259r\u0259find\u0259n t\u0259nziml\u0259n\u0259 bil\u0259n avtomatik s\u00f6nm\u0259 funksiyas\u0131na malikdir. mAcal 0-45 VSC diapazonunda kontur enerjisi t\u0259min edir, cihaz is\u0259 kontur \u00fc\u00e7\u00fcn stabil 24 VSC enerji formala\u015fd\u0131r\u0131r. X\u0259tti, ax\u0131n sensorunun v\u0259 ya m\u00f6vqe klapan\u0131n\u0131n kalibrl\u0259nm\u0259sini h\u0259yata ke\u00e7irm\u0259k \u00fc\u00e7\u00fcn cihaz x\u00fcsusi sabit add\u0131mlara malikdir. Cihaz yeddi f\u0259rqli, qura\u015fd\u0131r\u0131lm\u0131\u015f c\u0259r\u0259yan g\u00f6st\u0259ricisin\u0259 malikdir v\u0259 istifad\u0259\u00e7i add\u0131mlar aras\u0131nda 10 v\u0259 ya 30 saniy\u0259 fasil\u0259 verm\u0259kl\u0259 mexaniki v\u0259 ya avtomatik add\u0131mlar aras\u0131nda se\u00e7im ed\u0259 bil\u0259r. Siz mAcal kalibratorunu proses konturuna qo\u015fulmaqla b\u00fct\u00fcn s\u0131na\u011f\u0131 h\u0259yata ke\u00e7ir\u0259 v\u0259 n\u0259tic\u0259l\u0259ri dispet\u00e7er ota\u011f\u0131ndan toplaya bil\u0259rsiniz.<\/p>\n\n\t\t<\/div>\n\t<\/div>\n<\/div><\/div><\/div><div class=\"wpb_column vc_column_container vc_col-sm-6\"><div class=\"vc_column-inner\"><div class=\"wpb_wrapper\"><div class=\"vc_empty_space\"   style=\"height: 16px\"><span class=\"vc_empty_space_inner\"><\/span><\/div><div class=\"vc_empty_space\"   style=\"height: 32px\"><span class=\"vc_empty_space_inner\"><\/span><\/div><div class=\"vc_row wpb_row vc_inner vc_row-fluid\"><div class=\"wpb_column vc_column_container vc_col-sm-12\"><div class=\"vc_column-inner\"><div class=\"wpb_wrapper\">\n\t<div  class=\"wpb_single_image wpb_content_element vc_align_center\">\n\t\t\n\t\t<figure class=\"wpb_wrapper vc_figure\">\n\t\t\t<div class=\"vc_single_image-wrapper   vc_box_border_grey\"><img loading=\"lazy\" decoding=\"async\" width=\"129\" height=\"300\" src=\"https:\/\/vizir.az\/wp-content\/uploads\/2019\/09\/33_MaCal-129x300.jpg\" class=\"vc_single_image-img attachment-medium\" alt=\"\" title=\"33_MaCal\" srcset=\"https:\/\/vizir.az\/wp-content\/uploads\/2019\/09\/33_MaCal-129x300.jpg 129w, https:\/\/vizir.az\/wp-content\/uploads\/2019\/09\/33_MaCal-440x1024.jpg 440w, https:\/\/vizir.az\/wp-content\/uploads\/2019\/09\/33_MaCal.jpg 462w\" sizes=\"auto, (max-width: 129px) 100vw, 129px\"  data-dt-location=\"https:\/\/vizir.az\/az\/33_macal-2\/\" \/><\/div>\n\t\t<\/figure>\n\t<\/div>\n<div class=\"vc_empty_space\"   style=\"height: 16px\"><span class=\"vc_empty_space_inner\"><\/span><\/div>\n\t<div class=\"wpb_text_column wpb_content_element\" >\n\t\t<div class=\"wpb_wrapper\">\n\t\t\t<p><img loading=\"lazy\" decoding=\"async\" class=\"alignnone wp-image-50469\" src=\"https:\/\/vizir.az\/inc\/uploads\/2019\/09\/pdf.png\" alt=\"\" width=\"50\" height=\"50\" \/><a href=\"https:\/\/vizir.az\/wp-content\/uploads\/2020\/07\/milliamp-loop-calibrator-macal-datasheet-us.pdf\">AMETEK mAcal c\u0259r\u0259yan kalibratoru<\/a><\/p>\n\n\t\t<\/div>\n\t<\/div>\n<div class=\"ult-just-icon-wrapper\"><div class=\"align-icon\" style=\"text-align:left;\">\n<div class=\"aio-icon-img\" style=\"font-size:48px;display:inline-block;\" >\n\t<img decoding=\"async\" class=\"img-icon\" alt=\"null\" src=\"https:\/\/vizir.az\/wp-content\/uploads\/2019\/09\/pdf.png\"\/>\n<\/div><\/div><\/div><\/div><\/div><\/div><\/div><\/div><\/div><\/div><\/div><div class=\"vc_row wpb_row vc_row-fluid\"><div class=\"wpb_column vc_column_container vc_col-sm-12\"><div class=\"vc_column-inner\"><div class=\"wpb_wrapper\"><\/div><\/div><\/div><\/div>\n<\/div>","protected":false},"excerpt":{"rendered":"<p>AMETEK mAcal Loop Calibrator The mAcal Calibrator is an economical and easy-to-use calibration device for sourcing and measuring mA signals. The instrument is designed specifically for 2-wire transmitter loops with 4 to 20 mA signals,The keypad is easy-to-use and provides positive tactile feedback. A large, high-contrast 5-digit LCD display indicates numeric values in mA, %,&hellip;<\/p>","protected":false},"author":3,"featured_media":0,"parent":51423,"menu_order":0,"comment_status":"closed","ping_status":"open","template":"","meta":{"footnotes":""},"class_list":["post-51445","page","type-page","status-publish","hentry","description-off"],"_links":{"self":[{"href":"https:\/\/vizir.az\/az\/wp-json\/wp\/v2\/pages\/51445","targetHints":{"allow":["GET"]}}],"collection":[{"href":"https:\/\/vizir.az\/az\/wp-json\/wp\/v2\/pages"}],"about":[{"href":"https:\/\/vizir.az\/az\/wp-json\/wp\/v2\/types\/page"}],"author":[{"embeddable":true,"href":"https:\/\/vizir.az\/az\/wp-json\/wp\/v2\/users\/3"}],"replies":[{"embeddable":true,"href":"https:\/\/vizir.az\/az\/wp-json\/wp\/v2\/comments?post=51445"}],"version-history":[{"count":5,"href":"https:\/\/vizir.az\/az\/wp-json\/wp\/v2\/pages\/51445\/revisions"}],"predecessor-version":[{"id":51966,"href":"https:\/\/vizir.az\/az\/wp-json\/wp\/v2\/pages\/51445\/revisions\/51966"}],"up":[{"embeddable":true,"href":"https:\/\/vizir.az\/az\/wp-json\/wp\/v2\/pages\/51423"}],"wp:attachment":[{"href":"https:\/\/vizir.az\/az\/wp-json\/wp\/v2\/media?parent=51445"}],"curies":[{"name":"wp","href":"https:\/\/api.w.org\/{rel}","templated":true}]}}