{"id":51472,"date":"2019-09-29T17:22:04","date_gmt":"2019-09-29T17:22:04","guid":{"rendered":"https:\/\/vizir.az\/?page_id=51472"},"modified":"2021-05-09T12:45:02","modified_gmt":"2021-05-09T12:45:02","slug":"xp2i-dp-differential-pressure-gauge","status":"publish","type":"page","link":"https:\/\/vizir.az\/az\/digital-pressure-gauges\/xp2i-digital-pressure-gauge\/xp2i-dp-differential-pressure-gauge\/","title":{"rendered":"XP2i-DP Diferensial manometri"},"content":{"rendered":"<div class=\"wpb-content-wrapper\"><div class=\"vc_row wpb_row vc_row-fluid\"><div class=\"wpb_column vc_column_container vc_col-sm-6\"><div class=\"vc_column-inner\"><div class=\"wpb_wrapper\"><div id=\"ultimate-heading-752969d92a86119b4\" class=\"uvc-heading ult-adjust-bottom-margin ultimate-heading-752969d92a86119b4 uvc-9375  uvc-heading-default-font-sizes\" data-hspacer=\"line_only\"  data-halign=\"left\" style=\"text-align:left\"><div class=\"uvc-main-heading ult-responsive\"  data-ultimate-target='.uvc-heading.ultimate-heading-752969d92a86119b4 h2'  data-responsive-json-new='{\"font-size\":\"\",\"line-height\":\"\"}' ><h2 style=\"--font-weight:theme;\">XP2i-DP Diferensial manometri<\/h2><\/div><div class=\"uvc-heading-spacer line_only\" style=\"topheight:1px;\"><span class=\"uvc-headings-line\" style=\"border-style:solid;border-bottom-width:1px;border-color:#ccc;width:autopx;\"><\/span><\/div><\/div><div class=\"vc_empty_space\"   style=\"height: 32px\"><span class=\"vc_empty_space_inner\"><\/span><\/div>\n\t<div class=\"wpb_text_column wpb_content_element\" >\n\t\t<div class=\"wpb_wrapper\">\n\t\t\t<p class=\"translation-block\">XP2i-DP r\u0259q\u0259msal manometrl\u0259ri diferensial sensorlar v\u0259 manometrl\u0259rin yoxlanmas\u0131 v\u0259 kalibrl\u0259nm\u0259si m\u0259qs\u0259dil\u0259 sistemin iki n\u00f6qt\u0259sind\u0259 t\u0259zyiq f\u0259rqinin \u00f6l\u00e7\u00fclm\u0259si \u00fc\u00e7\u00fcn n\u0259z\u0259rd\u0259 tutulmu\u015fdur. Onlar vakuumun davaml\u0131 \u015f\u0259kild\u0259 \u00f6l\u00e7\u00fclm\u0259si \u00fc\u00e7\u00fcn d\u0259 istifad\u0259 edil\u0259 bil\u0259r. XP2i-DP diferensial manometrl\u0259ri s\u00fczg\u0259c v\u0259 qaz t\u0259chizat\u0131 sisteml\u0259rinin tam miqyasl\u0131 yoxlamalar\u0131, ventilyasiya, havan\u0131n kondisionerl\u0259\u015fdirilm\u0259si v\u0259 dig\u0259r sisteml\u0259rin avtomatla\u015fd\u0131r\u0131lmas\u0131 v\u0259 n\u0259zar\u0259ti \u00fc\u00e7\u00fcn istifad\u0259 edil\u0259 bil\u0259r. <br>\nXP2i-DP r\u0259q\u0259msal manometrl\u0259ri (0Ex ia IIC T4 \/ T3 Ga X standartlar\u0131n\u0131n q\u0131\u011f\u0131lc\u0131m t\u0259hl\u00fck\u0259sizliyin\u0259 m\u00fcvafiq \u015f\u0259kild\u0259 yerin\u0259 yetirilm\u0259si) t\u00f6vsiy\u0259 edil\u0259n akkumulyator istifad\u0259 edildiyi halda t\u0259hl\u00fck\u0259li zonalarda i\u015f \u00fc\u00e7\u00fcn sertifikatla\u015fd\u0131r\u0131lm\u0131\u015fd\u0131r. <br>\nXP2i-DP manometrl\u0259ri xarici t\u0259sirl\u0259r\u0259 qar\u015f\u0131 m\u00fcdafi\u0259y\u0259 g\u00f6r\u0259 IP67 reytinqin\u0259 malikdir. Bu, manometrin toz daxil olmas\u0131ndan qorunmas\u0131n\u0131, habel\u0259 30 d\u0259qiq\u0259 \u0259rzind\u0259 1 m-d\u0259k d\u0259rinliyi olan suda batd\u0131qda i\u015fl\u0259k olmas\u0131n\u0131 t\u0259min edir. Manometrin korpusu korroziya v\u0259 r\u00fctub\u0259t\u0259 qar\u015f\u0131 son d\u0259r\u0259c\u0259 davaml\u0131 olan, nikell\u0259 \u00f6rt\u00fclm\u00fc\u015f t\u00f6km\u0259 al\u00fcminiumdan haz\u0131rlanm\u0131\u015fd\u0131r. Diafraqma sensorun \u00e7irkl\u0259nm\u0259 v\u0259 y\u00fckl\u0259nm\u0259d\u0259n qorunmas\u0131n\u0131 t\u0259min edir. <br>\nT\u0259zyiq h\u0259ddind\u0259n art\u0131q y\u00fckl\u0259nm\u0259si v\u0259 yer\u0259 d\u00fc\u015fm\u0259d\u0259n sonra manometrl\u0259rin \u00e7oxunun g\u00f6st\u0259ricil\u0259ri d\u00fczg\u00fcn olmur. Bunu yaln\u0131z n\u00f6vb\u0259ti kalibrl\u0259m\u0259\/yoxlama zaman\u0131 \u00f6yr\u0259n\u0259 bil\u0259rsiniz. XP2i-DP sensorlar\u0131 z\u0259d\u0259l\u0259nm\u0259d\u0259n v\u0259 ya d\u0259qiqliyi itirm\u0259d\u0259n ciddi y\u00fckl\u0259nm\u0259y\u0259 (yuxar\u0131 h\u0259ddin 650%-d\u0259k) davam g\u0259tir\u0259 bilir. Sensor z\u0259d\u0259l\u0259ndiyi halda, XP2i-DP manometrinin \u00f6z\u00fcn\u00fcyoxlama sistemi onun istismar edilm\u0259sin\u0259 imkan vermir. <br>\nBundan ba\u015fqa, XP2i-DP manometrl\u0259ri \"Det Norske Veritas\" \u015firk\u0259tinin standartlar\u0131na uy\u011fun olaraq of\u015for \u015f\u0259rtl\u0259rind\u0259 istifad\u0259 \u00fc\u00e7\u00fcn sertifikatla\u015fd\u0131r\u0131lm\u0131\u015fd\u0131r. <br>\nAmetek \u015firk\u0259ti kalibratorlar\u0131 v\u0259 r\u0259q\u0259msal manometrl\u0259ri \u00fc\u00e7\u00fcn \u0259ll\u0259 s\u0131x\u0131lma, o c\u00fcml\u0259d\u0259n y\u00fcks\u0259k t\u0259zyiqin (70 MPa-d\u0259k) t\u0259nziml\u0259nm\u0259si \u00fc\u00e7\u00fcn unikal CPF birl\u0259\u015fm\u0259 v\u0259 fitinql\u0259r sistemi (Crystal Pressure Fitting) haz\u0131rlam\u0131\u015fd\u0131r. CPF fitinql\u0259ri kalibratorlar\u0131, r\u0259q\u0259msal manometrl\u0259r, kalibrl\u0259m\u0259 nasoslar\u0131 \u00fc\u00e7\u00fcn s\u00fcr\u0259tli v\u0259 etibarl\u0131 birl\u0259\u015fm\u0259 t\u0259min edir.\nM\u00fc\u015ft\u0259rinin sor\u011fusu \u0259sas\u0131nda, b\u00fct\u00fcn geni\u015f istifad\u0259 edil\u0259n yivli birl\u0259\u015fm\u0259 tipl\u0259ri (NPT, BSP, M20x1.5 v\u0259 s.) \u00fc\u00e7\u00fcn x\u00fcsusi olaraq se\u00e7ilmi\u015f \u015flanqlar v\u0259 fitinq v\u0259 adapter d\u0259stl\u0259ri t\u0259chiz edil\u0259 bil\u0259r. <br>\n\u018flav\u0259 olaraq se\u00e7ilm\u0259si m\u00fcmk\u00fcn olan DataLoggerXP proqram t\u0259minat\u0131 manometri bir d\u00fcym\u0259nin bas\u0131lmas\u0131 il\u0259 i\u015f\u0259 sal\u0131n portativ dataloqqer\u0259 \u00e7evirir. Bundan sonra cihaz t\u0259zyiqin cari g\u00f6st\u0259ricisi, orta t\u0259zyiq g\u00f6st\u0259ricisi, habel\u0259 onun maksimal v\u0259 minimal g\u00f6st\u0259ricil\u0259ri kimi parametrl\u0259ri saniy\u0259d\u0259 1 d\u0259f\u0259 v\u0259 ya daha gec tezlikil\u0259 qeydiyyata ala bil\u0259r. <br>\nDataloqqer se\u00e7imi sizin 32 000-d\u0259k \u00f6l\u00e7m\u0259ni qeydiyyata alma\u011f\u0131n\u0131za imkan verir. Dataloqqer qeydedici cihaz\u0131 \u0259v\u0259z edir v\u0259 boru k\u0259m\u0259rl\u0259rind\u0259 s\u0131z\u0131nt\u0131 olmas\u0131n\u0131n yoxlanmas\u0131 v\u0259 quyu t\u0259zyiqinin n\u0259zar\u0259td\u0259 saxlanmas\u0131, habel\u0259 d\u00f6vri v\u0259 qeyri-stasionar prosesl\u0259rin qeyd edilm\u0259si \u00fc\u00e7\u00fcn t\u0259l\u0259b olunur.<\/p>\n\n\t\t<\/div>\n\t<\/div>\n<\/div><\/div><\/div><div class=\"wpb_column vc_column_container vc_col-sm-6\"><div class=\"vc_column-inner\"><div class=\"wpb_wrapper\"><div class=\"vc_empty_space\"   style=\"height: 16px\"><span class=\"vc_empty_space_inner\"><\/span><\/div><div class=\"vc_empty_space\"   style=\"height: 32px\"><span class=\"vc_empty_space_inner\"><\/span><\/div><div class=\"vc_row wpb_row vc_inner vc_row-fluid\"><div class=\"wpb_column vc_column_container vc_col-sm-12\"><div class=\"vc_column-inner\"><div class=\"wpb_wrapper\">\n\t<div  class=\"wpb_single_image wpb_content_element vc_align_center\">\n\t\t\n\t\t<figure class=\"wpb_wrapper vc_figure\">\n\t\t\t<div class=\"vc_single_image-wrapper   vc_box_border_grey\"><img loading=\"lazy\" decoding=\"async\" width=\"188\" height=\"300\" src=\"https:\/\/vizir.az\/wp-content\/uploads\/2019\/09\/3-188x300.jpg\" class=\"vc_single_image-img attachment-medium\" alt=\"\" title=\"3\" srcset=\"https:\/\/vizir.az\/wp-content\/uploads\/2019\/09\/3-188x300.jpg 188w, https:\/\/vizir.az\/wp-content\/uploads\/2019\/09\/3.jpg 210w\" sizes=\"auto, (max-width: 188px) 100vw, 188px\"  data-dt-location=\"https:\/\/vizir.az\/az\/3\/\" \/><\/div>\n\t\t<\/figure>\n\t<\/div>\n<div class=\"vc_empty_space\"   style=\"height: 16px\"><span class=\"vc_empty_space_inner\"><\/span><\/div><div id=\"ultimate-heading-503869d92a861244b\" class=\"uvc-heading ult-adjust-bottom-margin ultimate-heading-503869d92a861244b uvc-8008  uvc-heading-default-font-sizes\" data-hspacer=\"line_only\"  data-halign=\"left\" style=\"text-align:left\"><div class=\"uvc-main-heading ult-responsive\"  data-ultimate-target='.uvc-heading.ultimate-heading-503869d92a861244b h5'  data-responsive-json-new='{\"font-size\":\"\",\"line-height\":\"\"}' ><h5 style=\"--font-weight:theme;\">XP2i-DP Diferensial manometri<\/h5><\/div><div class=\"uvc-heading-spacer line_only\" style=\"topheight:1px;\"><span class=\"uvc-headings-line\" style=\"border-style:solid;border-bottom-width:1px;border-color:#ccc;width:autopx;\"><\/span><\/div><\/div><div class=\"vc_empty_space\"   style=\"height: 32px\"><span class=\"vc_empty_space_inner\"><\/span><\/div>\n\t<div  class=\"wpb_single_image wpb_content_element vc_align_left\">\n\t\t\n\t\t<figure class=\"wpb_wrapper vc_figure\">\n\t\t\t<a href=\"https:\/\/vizir.az\/wp-content\/uploads\/2021\/05\/Crystal_XP2i-DP_vz.pdf\" target=\"_blank\"  class=\"vc_single_image-wrapper   vc_box_border_grey\"   ><img decoding=\"async\" class=\"vc_single_image-img\" src=\"https:\/\/vizir.az\/wp-content\/uploads\/2019\/09\/pdf-35x35.png\" width=\"35\" height=\"35\" alt=\"pdf\" title=\"pdf\" loading=\"lazy\"  data-dt-location=\"https:\/\/vizir.az\/az\/liquid-flow-measurement\/pdmeters\/single-case-meters\/smith-meter-model-sc-13-meter-smith-meter-model-vsc-13-meter\/pdf\/\" \/><\/a>\n\t\t<\/figure>\n\t<\/div>\n<\/div><\/div><\/div><\/div><div class=\"vc_empty_space\"   style=\"height: 32px\"><span class=\"vc_empty_space_inner\"><\/span><\/div><\/div><\/div><\/div><\/div>\n<\/div>","protected":false},"excerpt":{"rendered":"<p>XP2i-DP Differential Pressure Gauge Digital manometers XP2i-DP are designed for measuring the pressure difference at two points of the system, for checking and calibrating differential sensors and manometers. They can also be used for continuous vacuum measurements. Differential pressure gauges XP2i-DP can be used for full-scale testing of filtration and gas supply systems, for automation&hellip;<\/p>","protected":false},"author":3,"featured_media":0,"parent":51455,"menu_order":0,"comment_status":"closed","ping_status":"open","template":"","meta":{"footnotes":""},"class_list":["post-51472","page","type-page","status-publish","hentry","description-off"],"_links":{"self":[{"href":"https:\/\/vizir.az\/az\/wp-json\/wp\/v2\/pages\/51472","targetHints":{"allow":["GET"]}}],"collection":[{"href":"https:\/\/vizir.az\/az\/wp-json\/wp\/v2\/pages"}],"about":[{"href":"https:\/\/vizir.az\/az\/wp-json\/wp\/v2\/types\/page"}],"author":[{"embeddable":true,"href":"https:\/\/vizir.az\/az\/wp-json\/wp\/v2\/users\/3"}],"replies":[{"embeddable":true,"href":"https:\/\/vizir.az\/az\/wp-json\/wp\/v2\/comments?post=51472"}],"version-history":[{"count":3,"href":"https:\/\/vizir.az\/az\/wp-json\/wp\/v2\/pages\/51472\/revisions"}],"predecessor-version":[{"id":52141,"href":"https:\/\/vizir.az\/az\/wp-json\/wp\/v2\/pages\/51472\/revisions\/52141"}],"up":[{"embeddable":true,"href":"https:\/\/vizir.az\/az\/wp-json\/wp\/v2\/pages\/51455"}],"wp:attachment":[{"href":"https:\/\/vizir.az\/az\/wp-json\/wp\/v2\/media?parent=51472"}],"curies":[{"name":"wp","href":"https:\/\/api.w.org\/{rel}","templated":true}]}}