{"id":51480,"date":"2019-09-29T17:33:28","date_gmt":"2019-09-29T17:33:28","guid":{"rendered":"https:\/\/vizir.az\/?page_id=51480"},"modified":"2021-05-09T13:04:00","modified_gmt":"2021-05-09T13:04:00","slug":"m1-digital-pressure-gauge","status":"publish","type":"page","link":"https:\/\/vizir.az\/az\/digital-pressure-gauges\/m1-digital-pressure-gauge\/m1-digital-pressure-gauge\/","title":{"rendered":"m1 R\u0259q\u0259msal manometri"},"content":{"rendered":"<div class=\"wpb-content-wrapper\"><div class=\"vc_row wpb_row vc_row-fluid\"><div class=\"wpb_column vc_column_container vc_col-sm-6\"><div class=\"vc_column-inner\"><div class=\"wpb_wrapper\"><div id=\"ultimate-heading-173769d314d71b1a3\" class=\"uvc-heading ult-adjust-bottom-margin ultimate-heading-173769d314d71b1a3 uvc-1676  uvc-heading-default-font-sizes\" data-hspacer=\"line_only\"  data-halign=\"left\" style=\"text-align:left\"><div class=\"uvc-main-heading ult-responsive\"  data-ultimate-target='.uvc-heading.ultimate-heading-173769d314d71b1a3 h2'  data-responsive-json-new='{\"font-size\":\"\",\"line-height\":\"\"}' ><h2 style=\"--font-weight:theme;\">m1 R\u0259q\u0259msal manometri<\/h2><\/div><div class=\"uvc-heading-spacer line_only\" style=\"topheight:1px;\"><span class=\"uvc-headings-line\" style=\"border-style:solid;border-bottom-width:1px;border-color:#ccc;width:autopx;\"><\/span><\/div><\/div><div class=\"vc_empty_space\"   style=\"height: 32px\"><span class=\"vc_empty_space_inner\"><\/span><\/div>\n\t<div class=\"wpb_text_column wpb_content_element\" >\n\t\t<div class=\"wpb_wrapper\">\n\t\t\t<p class=\"translation-block\">m1 r\u0259q\u0259msal manometrl\u0259ri sah\u0259d\u0259 v\u0259 ya laboratoriya \u015f\u0259rtl\u0259rind\u0259 m\u00fctl\u0259q v\u0259 izafi t\u0259zyiqin d\u0259qiq \u015f\u0259kild\u0259 \u00f6l\u00e7\u00fclm\u0259si \u00fc\u00e7\u00fcn n\u0259z\u0259rd\u0259 tutulmu\u015fdur. m1 d\u0259qiq r\u0259q\u0259msal manometrl\u0259ri kalibrl\u0259m\u0259 sisteminin t\u0259rkibind\u0259 a\u015fa\u011f\u0131dak\u0131lar\u0131n yoxlanmas\u0131\/kalibrl\u0259nm\u0259si \u00fc\u00e7\u00fcn istifad\u0259 edil\u0259 bil\u0259r:\n<br>\n<br>\n\u2022\tT\u0259zyiqi g\u00f6st\u0259r\u0259n v\u0259 qeydiyyata alan siferblatl\u0131  v\u0259 r\u0259q\u0259msal cihazlar;\n<br>\n\u2022\tTexniki t\u0259zyiq manometrl\u0259ri;\n<br>\n\u2022\tT\u0259zyiq siqnalizatorlar\u0131;.\n<br>\n<br>\nm1 manometrl\u0259rinin nisbi x\u0259ta s\u0259viyy\u0259si 0,2% t\u0259\u015fkil edir. Kalibrator z\u0259rb\u0259, vibrasiya, t\u0259zyiq y\u00fckl\u0259nm\u0259si v\u0259 ya t\u0259zyiqin q\u0259fl\u0259t\u0259n d\u0259yi\u015fm\u0259sin\u0259 m\u0259ruz qald\u0131qda \u00f6l\u00e7m\u0259 d\u0259qiqliyi, dem\u0259k olar ki, d\u0259yi\u015fmir. <br>\nNisbi vahidl\u0259rd\u0259 x\u0259tan\u0131n standartla\u015fd\u0131r\u0131lmas\u0131 \u00fc\u00e7 mexaniki manometrin bir nisbi x\u0259ta s\u0259viyy\u0259si 0,25% olan m1 r\u0259q\u0259msal manometri il\u0259 \u0259v\u0259z edilm\u0259sin\u0259 imkan verir. Bu, kalibrl\u0259m\u0259\/yoxlama zaman\u0131 istismar x\u0259rcl\u0259rinin ciddi \u015f\u0259kild\u0259 azald\u0131lmas\u0131na yol a\u00e7\u0131r. <br>\nm1 manometrl\u0259ri xarici t\u0259sirl\u0259r\u0259 qar\u015f\u0131 m\u00fcdafi\u0259y\u0259 g\u00f6r\u0259 IP65 sinfin\u0259 malikdir. Bu, manometrin toz daxil olmas\u0131ndan v\u0259 su \u015f\u0131rna\u011f\u0131ndan qorunmas\u0131n\u0131 t\u0259min edir. Etibarl\u0131 v\u0259 rahat korpus manometri z\u0259rb\u0259 v\u0259 dig\u0259r xarici t\u0259sirl\u0259rd\u0259n, o c\u00fcml\u0259d\u0259n Skydrol kimi korroziv mayel\u0259rin d\u00fc\u015fm\u0259sind\u0259n qoruyur. <br>\nYenil\u0259nm\u0259 tezliyinin d\u0259yi\u015fdirilm\u0259si imkan\u0131 manometrin iki AA tipli batareya il\u0259 \u00fc\u00e7 il\u0259d\u0259k i\u015fl\u0259m\u0259sin\u0259 imkan verir. <br>\nAmetek \u015firk\u0259ti kalibratorlar\u0131 v\u0259 r\u0259q\u0259msal manometrl\u0259ri \u00fc\u00e7\u00fcn \u0259ll\u0259 s\u0131x\u0131lma, o c\u00fcml\u0259d\u0259n y\u00fcks\u0259k t\u0259zyiqin (70 MPa-d\u0259k) t\u0259nziml\u0259nm\u0259si \u00fc\u00e7\u00fcn unikal CPF birl\u0259\u015fm\u0259 v\u0259 fitinql\u0259r sistemi (Crystal Pressure Fitting) haz\u0131rlam\u0131\u015fd\u0131r. CPF fitinql\u0259ri kalibratorlar\u0131, r\u0259q\u0259msal manometrl\u0259r, kalibrl\u0259m\u0259 nasoslar\u0131 \u00fc\u00e7\u00fcn s\u00fcr\u0259tli v\u0259 etibarl\u0131 birl\u0259\u015fm\u0259 t\u0259min edir. <br>\nM\u00fc\u015ft\u0259rinin sor\u011fusu \u0259sas\u0131nda, b\u00fct\u00fcn geni\u015f istifad\u0259 edil\u0259n yivli birl\u0259\u015fm\u0259 tipl\u0259ri (NPT, BSP, M20x1.5 v\u0259 s.) \u00fc\u00e7\u00fcn x\u00fcsusi olaraq se\u00e7ilmi\u015f \u015flanqlar v\u0259 fitinq v\u0259 adapter d\u0259stl\u0259ri t\u0259chiz edil\u0259 bil\u0259r.<\/p>\n\n\t\t<\/div>\n\t<\/div>\n<\/div><\/div><\/div><div class=\"wpb_column vc_column_container vc_col-sm-6\"><div class=\"vc_column-inner\"><div class=\"wpb_wrapper\"><div class=\"vc_empty_space\"   style=\"height: 16px\"><span class=\"vc_empty_space_inner\"><\/span><\/div><div class=\"vc_empty_space\"   style=\"height: 32px\"><span class=\"vc_empty_space_inner\"><\/span><\/div><div class=\"vc_row wpb_row vc_inner vc_row-fluid\"><div class=\"wpb_column vc_column_container vc_col-sm-12\"><div class=\"vc_column-inner\"><div class=\"wpb_wrapper\">\n\t<div  class=\"wpb_single_image wpb_content_element vc_align_center\">\n\t\t\n\t\t<figure class=\"wpb_wrapper vc_figure\">\n\t\t\t<div class=\"vc_single_image-wrapper   vc_box_border_grey\"><img loading=\"lazy\" decoding=\"async\" width=\"210\" height=\"250\" src=\"https:\/\/vizir.az\/wp-content\/uploads\/2019\/09\/5.jpg\" class=\"vc_single_image-img attachment-medium\" alt=\"\" title=\"5\"  data-dt-location=\"https:\/\/vizir.az\/az\/5\/\" \/><\/div>\n\t\t<\/figure>\n\t<\/div>\n<div class=\"vc_empty_space\"   style=\"height: 16px\"><span class=\"vc_empty_space_inner\"><\/span><\/div><div id=\"ultimate-heading-691469d314d71be0c\" class=\"uvc-heading ult-adjust-bottom-margin ultimate-heading-691469d314d71be0c uvc-4968  uvc-heading-default-font-sizes\" data-hspacer=\"line_only\"  data-halign=\"left\" style=\"text-align:left\"><div class=\"uvc-main-heading ult-responsive\"  data-ultimate-target='.uvc-heading.ultimate-heading-691469d314d71be0c h5'  data-responsive-json-new='{\"font-size\":\"\",\"line-height\":\"\"}' ><h5 style=\"--font-weight:theme;\">m1 R\u0259q\u0259msal manometri<\/h5><\/div><div class=\"uvc-heading-spacer line_only\" style=\"topheight:1px;\"><span class=\"uvc-headings-line\" style=\"border-style:solid;border-bottom-width:1px;border-color:#ccc;width:autopx;\"><\/span><\/div><\/div><div class=\"vc_empty_space\"   style=\"height: 32px\"><span class=\"vc_empty_space_inner\"><\/span><\/div>\n\t<div  class=\"wpb_single_image wpb_content_element vc_align_left\">\n\t\t\n\t\t<figure class=\"wpb_wrapper vc_figure\">\n\t\t\t<a href=\"https:\/\/vizir.az\/wp-content\/uploads\/2021\/05\/Crystal_m1_vz.pdf\" target=\"_blank\"  class=\"vc_single_image-wrapper   vc_box_border_grey\"   ><img decoding=\"async\" class=\"vc_single_image-img\" src=\"https:\/\/vizir.az\/wp-content\/uploads\/2019\/09\/pdf-35x35.png\" width=\"35\" height=\"35\" alt=\"pdf\" title=\"pdf\" loading=\"lazy\"  data-dt-location=\"https:\/\/vizir.az\/az\/liquid-flow-measurement\/pdmeters\/single-case-meters\/smith-meter-model-sc-13-meter-smith-meter-model-vsc-13-meter\/pdf\/\" \/><\/a>\n\t\t<\/figure>\n\t<\/div>\n<\/div><\/div><\/div><\/div><div class=\"vc_empty_space\"   style=\"height: 32px\"><span class=\"vc_empty_space_inner\"><\/span><\/div><\/div><\/div><\/div><\/div>\n<\/div>","protected":false},"excerpt":{"rendered":"<p>m1 Digital Pressure Gauge The m1 digital pressure gauge is designed for accurate measurements of absolute and gauge pressure in the field or laboratory. As part of the calibration system, m1 precision digital pressure gauges can be used for verification \/ calibration: \u2022 Pointer and digital devices showing and registering pressure; \u2022 Technical pressure gauges;&hellip;<\/p>","protected":false},"author":3,"featured_media":0,"parent":51481,"menu_order":0,"comment_status":"closed","ping_status":"open","template":"","meta":{"footnotes":""},"class_list":["post-51480","page","type-page","status-publish","hentry","description-off"],"_links":{"self":[{"href":"https:\/\/vizir.az\/az\/wp-json\/wp\/v2\/pages\/51480","targetHints":{"allow":["GET"]}}],"collection":[{"href":"https:\/\/vizir.az\/az\/wp-json\/wp\/v2\/pages"}],"about":[{"href":"https:\/\/vizir.az\/az\/wp-json\/wp\/v2\/types\/page"}],"author":[{"embeddable":true,"href":"https:\/\/vizir.az\/az\/wp-json\/wp\/v2\/users\/3"}],"replies":[{"embeddable":true,"href":"https:\/\/vizir.az\/az\/wp-json\/wp\/v2\/comments?post=51480"}],"version-history":[{"count":6,"href":"https:\/\/vizir.az\/az\/wp-json\/wp\/v2\/pages\/51480\/revisions"}],"predecessor-version":[{"id":52143,"href":"https:\/\/vizir.az\/az\/wp-json\/wp\/v2\/pages\/51480\/revisions\/52143"}],"up":[{"embeddable":true,"href":"https:\/\/vizir.az\/az\/wp-json\/wp\/v2\/pages\/51481"}],"wp:attachment":[{"href":"https:\/\/vizir.az\/az\/wp-json\/wp\/v2\/media?parent=51480"}],"curies":[{"name":"wp","href":"https:\/\/api.w.org\/{rel}","templated":true}]}}