{"id":51542,"date":"2019-09-30T07:19:33","date_gmt":"2019-09-30T07:19:33","guid":{"rendered":"https:\/\/vizir.az\/?page_id=51542"},"modified":"2019-11-22T15:19:29","modified_gmt":"2019-11-22T15:19:29","slug":"liquid-flow-measurement","status":"publish","type":"page","link":"https:\/\/vizir.az\/az\/liquid-flow-measurement\/","title":{"rendered":"MAYE AXININ \u00d6L\u00c7\u00dcLM\u018fSI"},"content":{"rendered":"<div class=\"wpb-content-wrapper\"><div class=\"vc_row wpb_row vc_row-fluid\"><div class=\"wpb_column vc_column_container vc_col-sm-12\"><div class=\"vc_column-inner\"><div class=\"wpb_wrapper\"><div id=\"ultimate-heading-924069f3c767c8c53\" class=\"uvc-heading ult-adjust-bottom-margin ultimate-heading-924069f3c767c8c53 uvc-3048  uvc-heading-default-font-sizes\" data-hspacer=\"line_only\"  data-halign=\"right\" style=\"text-align:right\"><div class=\"uvc-main-heading ult-responsive\"  data-ultimate-target='.uvc-heading.ultimate-heading-924069f3c767c8c53 h2'  data-responsive-json-new='{\"font-size\":\"\",\"line-height\":\"\"}' ><h2 style=\"--font-weight:theme;\">MAYE AXININ \u00d6L\u00c7\u00dcLM\u018fSI<\/h2><\/div><div class=\"uvc-heading-spacer line_only\" style=\"topheight:1px;\"><span class=\"uvc-headings-line\" style=\"border-style:solid;border-bottom-width:1px;border-color:#ccc;width:autopx;\"><\/span><\/div><\/div><div class=\"vc_empty_space\"   style=\"height: 32px\"><span class=\"vc_empty_space_inner\"><\/span><\/div><div class=\"vc_empty_space\"   style=\"height: 32px\"><span class=\"vc_empty_space_inner\"><\/span><\/div><\/div><\/div><\/div><\/div><div class=\"vc_row wpb_row vc_row-fluid vc_row-o-equal-height vc_row-o-content-middle vc_row-flex\"><div class=\"wpb_column vc_column_container vc_col-sm-3\"><div class=\"vc_column-inner\"><div class=\"wpb_wrapper\"><div class=\"vc_row wpb_row vc_inner vc_row-fluid vc_row-o-content-middle vc_row-flex\"><div class=\"wpb_column vc_column_container vc_col-sm-6\"><div class=\"vc_column-inner\"><div class=\"wpb_wrapper\">\n\t<div  class=\"wpb_single_image wpb_content_element vc_align_center  wpb_animate_when_almost_visible wpb_fadeIn fadeIn\">\n\t\t\n\t\t<figure class=\"wpb_wrapper vc_figure\">\n\t\t\t<div class=\"vc_single_image-wrapper   vc_box_border_grey\"><img loading=\"lazy\" decoding=\"async\" width=\"412\" height=\"482\" src=\"https:\/\/vizir.az\/wp-content\/uploads\/2019\/08\/12-Steel-Model-K12-.png\" class=\"vc_single_image-img attachment-full\" alt=\"\" title=\"12-Steel-Model-K12-\" srcset=\"https:\/\/vizir.az\/wp-content\/uploads\/2019\/08\/12-Steel-Model-K12-.png 412w, https:\/\/vizir.az\/wp-content\/uploads\/2019\/08\/12-Steel-Model-K12--256x300.png 256w\" sizes=\"auto, (max-width: 412px) 100vw, 412px\"  data-dt-location=\"https:\/\/vizir.az\/az\/12-steel-model-k12\/\" \/><\/div>\n\t\t<\/figure>\n\t<\/div>\n<\/div><\/div><\/div><div class=\"wpb_column vc_column_container vc_col-sm-6 vc_col-has-fill\"><div class=\"vc_column-inner vc_custom_1568183203315\"><div class=\"wpb_wrapper\">\n\t<div class=\"wpb_text_column wpb_content_element\" >\n\t\t<div class=\"wpb_wrapper\">\n\t\t\t<h5><a href=\"https:\/\/vizir.az\/az\/pdmeters\/\">H\u0259cmli kamera say\u011faclar\u0131<\/a><\/h5>\n\n\t\t<\/div>\n\t<\/div>\n<\/div><\/div><\/div><\/div><\/div><\/div><\/div><div class=\"wpb_column vc_column_container vc_col-sm-3\"><div class=\"vc_column-inner\"><div class=\"wpb_wrapper\"><div class=\"vc_row wpb_row vc_inner vc_row-fluid vc_row-o-content-middle vc_row-flex\"><div class=\"wpb_column vc_column_container vc_col-sm-6\"><div class=\"vc_column-inner\"><div class=\"wpb_wrapper\">\n\t<div  class=\"wpb_single_image wpb_content_element vc_align_center\">\n\t\t\n\t\t<figure class=\"wpb_wrapper vc_figure\">\n\t\t\t<div class=\"vc_single_image-wrapper   vc_box_border_grey\"><img loading=\"lazy\" decoding=\"async\" width=\"823\" height=\"745\" src=\"https:\/\/vizir.az\/wp-content\/uploads\/2019\/09\/MV-Series.jpg\" class=\"vc_single_image-img attachment-full\" alt=\"\" title=\"MV Series\" srcset=\"https:\/\/vizir.az\/wp-content\/uploads\/2019\/09\/MV-Series.jpg 823w, https:\/\/vizir.az\/wp-content\/uploads\/2019\/09\/MV-Series-300x272.jpg 300w, https:\/\/vizir.az\/wp-content\/uploads\/2019\/09\/MV-Series-768x695.jpg 768w\" sizes=\"auto, (max-width: 823px) 100vw, 823px\"  data-dt-location=\"https:\/\/vizir.az\/az\/mv-series-2\/\" \/><\/div>\n\t\t<\/figure>\n\t<\/div>\n<\/div><\/div><\/div><div class=\"wpb_column vc_column_container vc_col-sm-6 vc_col-has-fill\"><div class=\"vc_column-inner vc_custom_1568183272824\"><div class=\"wpb_wrapper\">\n\t<div class=\"wpb_text_column wpb_content_element\" >\n\t\t<div class=\"wpb_wrapper\">\n\t\t\t<div class=\"uvc-main-heading ult-responsive\" data-ultimate-target=\".uvc-heading.ultimate-heading-18095d7ca00f68f21 h2\" data-responsive-json-new=\"{&quot;font-size&quot;:&quot;&quot;,&quot;line-height&quot;:&quot;&quot;}\">\n<div class=\"uvc-main-heading ult-responsive\" data-ultimate-target=\".uvc-heading.ultimate-heading-40365d7ca0f4a90a3 h2\" data-responsive-json-new=\"{&quot;font-size&quot;:&quot;&quot;,&quot;line-height&quot;:&quot;&quot;}\">\n<h5><a href=\"https:\/\/vizir.az\/az\/turbine-meters\/\">Turbin s\u0259rf\u00f6l\u00e7\u0259nl\u0259ri<\/a><\/h5>\n<\/div>\n<div class=\"uvc-heading-spacer line_only\"><\/div>\n<\/div>\n<div class=\"uvc-heading-spacer line_only\"><\/div>\n\n\t\t<\/div>\n\t<\/div>\n<\/div><\/div><\/div><\/div><\/div><\/div><\/div><div class=\"wpb_column vc_column_container vc_col-sm-3\"><div class=\"vc_column-inner\"><div class=\"wpb_wrapper\"><div class=\"vc_row wpb_row vc_inner vc_row-fluid vc_row-o-content-middle vc_row-flex\"><div class=\"wpb_column vc_column_container vc_col-sm-6\"><div class=\"vc_column-inner\"><div class=\"wpb_wrapper\">\n\t<div  class=\"wpb_single_image wpb_content_element vc_align_center\">\n\t\t\n\t\t<figure class=\"wpb_wrapper vc_figure\">\n\t\t\t<div class=\"vc_single_image-wrapper   vc_box_border_grey\"><img loading=\"lazy\" decoding=\"async\" width=\"1063\" height=\"834\" src=\"https:\/\/vizir.az\/wp-content\/uploads\/2019\/09\/Ultra4c.jpg\" class=\"vc_single_image-img attachment-full\" alt=\"\" title=\"Ultra4c\" srcset=\"https:\/\/vizir.az\/wp-content\/uploads\/2019\/09\/Ultra4c.jpg 1063w, https:\/\/vizir.az\/wp-content\/uploads\/2019\/09\/Ultra4c-300x235.jpg 300w, https:\/\/vizir.az\/wp-content\/uploads\/2019\/09\/Ultra4c-768x603.jpg 768w, https:\/\/vizir.az\/wp-content\/uploads\/2019\/09\/Ultra4c-1024x803.jpg 1024w\" sizes=\"auto, (max-width: 1063px) 100vw, 1063px\"  data-dt-location=\"https:\/\/vizir.az\/az\/ultra4c\/\" \/><\/div>\n\t\t<\/figure>\n\t<\/div>\n<\/div><\/div><\/div><div class=\"wpb_column vc_column_container vc_col-sm-6 vc_col-has-fill\"><div class=\"vc_column-inner vc_custom_1568183272824\"><div class=\"wpb_wrapper\">\n\t<div class=\"wpb_text_column wpb_content_element\" >\n\t\t<div class=\"wpb_wrapper\">\n\t\t\t<div class=\"uvc-main-heading ult-responsive\" data-ultimate-target=\".uvc-heading.ultimate-heading-18095d7ca00f68f21 h2\" data-responsive-json-new=\"{&quot;font-size&quot;:&quot;&quot;,&quot;line-height&quot;:&quot;&quot;}\">\n<h5><a href=\"https:\/\/vizir.az\/az\/liquid-ultrasonic-flowmeters\/\">Ultras\u0259s maye s\u0259rf\u00f6l\u00e7\u0259nl\u0259ri<\/a><\/h5>\n<\/div>\n<div class=\"uvc-heading-spacer line_only\"><\/div>\n\n\t\t<\/div>\n\t<\/div>\n<\/div><\/div><\/div><\/div><\/div><\/div><\/div><div class=\"wpb_column vc_column_container vc_col-sm-3\"><div class=\"vc_column-inner\"><div class=\"wpb_wrapper\"><div class=\"vc_row wpb_row vc_inner vc_row-fluid vc_row-o-content-middle vc_row-flex\"><div class=\"wpb_column vc_column_container vc_col-sm-6\"><div class=\"vc_column-inner\"><div class=\"wpb_wrapper\">\n\t<div  class=\"wpb_single_image wpb_content_element vc_align_center\">\n\t\t\n\t\t<figure class=\"wpb_wrapper vc_figure\">\n\t\t\t<div class=\"vc_single_image-wrapper   vc_box_border_grey\"><img loading=\"lazy\" decoding=\"async\" width=\"792\" height=\"1160\" src=\"https:\/\/vizir.az\/wp-content\/uploads\/2019\/09\/Pipeline-Strainers.jpg\" class=\"vc_single_image-img attachment-full\" alt=\"\" title=\"Pipeline Strainers\" srcset=\"https:\/\/vizir.az\/wp-content\/uploads\/2019\/09\/Pipeline-Strainers.jpg 792w, https:\/\/vizir.az\/wp-content\/uploads\/2019\/09\/Pipeline-Strainers-205x300.jpg 205w, https:\/\/vizir.az\/wp-content\/uploads\/2019\/09\/Pipeline-Strainers-768x1125.jpg 768w, https:\/\/vizir.az\/wp-content\/uploads\/2019\/09\/Pipeline-Strainers-699x1024.jpg 699w\" sizes=\"auto, (max-width: 792px) 100vw, 792px\"  data-dt-location=\"https:\/\/vizir.az\/az\/pipeline-strainers-2\/\" \/><\/div>\n\t\t<\/figure>\n\t<\/div>\n<\/div><\/div><\/div><div class=\"wpb_column vc_column_container vc_col-sm-6 vc_col-has-fill\"><div class=\"vc_column-inner vc_custom_1568183272824\"><div class=\"wpb_wrapper\">\n\t<div class=\"wpb_text_column wpb_content_element\" >\n\t\t<div class=\"wpb_wrapper\">\n\t\t\t<div class=\"uvc-main-heading ult-responsive\" data-ultimate-target=\".uvc-heading.ultimate-heading-18095d7ca00f68f21 h2\" data-responsive-json-new=\"{&quot;font-size&quot;:&quot;&quot;,&quot;line-height&quot;:&quot;&quot;}\">\n<h5><a href=\"https:\/\/vizir.az\/az\/line-accessories\/\">\u00d6l\u00e7m\u0259 x\u0259ttl\u0259ri \u00fc\u00e7\u00fcn aksesuarlar<\/a><\/h5>\n<\/div>\n<div class=\"uvc-heading-spacer line_only\"><\/div>\n\n\t\t<\/div>\n\t<\/div>\n<\/div><\/div><\/div><\/div><\/div><\/div><\/div><\/div><div class=\"vc_row wpb_row vc_row-fluid\"><div class=\"wpb_column vc_column_container vc_col-sm-12\"><div class=\"vc_column-inner\"><div class=\"wpb_wrapper\"><div class=\"vc_empty_space\"   style=\"height: 32px\"><span class=\"vc_empty_space_inner\"><\/span><\/div><\/div><\/div><\/div><\/div><div class=\"vc_row wpb_row vc_row-fluid vc_row-o-equal-height vc_row-flex\"><div class=\"wpb_column vc_column_container vc_col-sm-3\"><div class=\"vc_column-inner\"><div class=\"wpb_wrapper\"><div class=\"vc_row wpb_row vc_inner vc_row-fluid vc_row-o-content-middle vc_row-flex\"><div class=\"wpb_column vc_column_container vc_col-sm-6\"><div class=\"vc_column-inner\"><div class=\"wpb_wrapper\">\n\t<div  class=\"wpb_single_image wpb_content_element vc_align_left  wpb_animate_when_almost_visible wpb_fadeIn fadeIn\">\n\t\t\n\t\t<figure class=\"wpb_wrapper vc_figure\">\n\t\t\t<div class=\"vc_single_image-wrapper   vc_box_border_grey\"><img loading=\"lazy\" decoding=\"async\" width=\"1171\" height=\"966\" src=\"https:\/\/vizir.az\/wp-content\/uploads\/2019\/09\/AccuPlus-Additive-Injectors.jpg\" class=\"vc_single_image-img attachment-full\" alt=\"\" title=\"AccuPlus Additive Injectors\" srcset=\"https:\/\/vizir.az\/wp-content\/uploads\/2019\/09\/AccuPlus-Additive-Injectors.jpg 1171w, https:\/\/vizir.az\/wp-content\/uploads\/2019\/09\/AccuPlus-Additive-Injectors-300x247.jpg 300w, https:\/\/vizir.az\/wp-content\/uploads\/2019\/09\/AccuPlus-Additive-Injectors-768x634.jpg 768w, https:\/\/vizir.az\/wp-content\/uploads\/2019\/09\/AccuPlus-Additive-Injectors-1024x845.jpg 1024w\" sizes=\"auto, (max-width: 1171px) 100vw, 1171px\"  data-dt-location=\"https:\/\/vizir.az\/az\/accuplus-additive-injectors\/\" \/><\/div>\n\t\t<\/figure>\n\t<\/div>\n<\/div><\/div><\/div><div class=\"wpb_column vc_column_container vc_col-sm-6 vc_col-has-fill\"><div class=\"vc_column-inner vc_custom_1568183203315\"><div class=\"wpb_wrapper\">\n\t<div class=\"wpb_text_column wpb_content_element\" >\n\t\t<div class=\"wpb_wrapper\">\n\t\t\t<h5><a href=\"https:\/\/vizir.az\/az\/accessories-3\/\">Aksesuarlar<\/a><\/h5>\n\n\t\t<\/div>\n\t<\/div>\n<\/div><\/div><\/div><\/div><\/div><\/div><\/div><div class=\"wpb_column vc_column_container vc_col-sm-3\"><div class=\"vc_column-inner\"><div class=\"wpb_wrapper\"><div class=\"vc_row wpb_row vc_inner vc_row-fluid vc_row-o-content-middle vc_row-flex\"><div class=\"wpb_column vc_column_container vc_col-sm-6\"><div class=\"vc_column-inner\"><div class=\"wpb_wrapper\">\n\t<div  class=\"wpb_single_image wpb_content_element vc_align_left\">\n\t\t\n\t\t<figure class=\"wpb_wrapper vc_figure\">\n\t\t\t<div class=\"vc_single_image-wrapper   vc_box_border_grey\"><img loading=\"lazy\" decoding=\"async\" width=\"944\" height=\"747\" src=\"https:\/\/vizir.az\/wp-content\/uploads\/2019\/10\/P8010002.jpg\" class=\"vc_single_image-img attachment-full\" alt=\"\" title=\"P8010002\" srcset=\"https:\/\/vizir.az\/wp-content\/uploads\/2019\/10\/P8010002.jpg 944w, https:\/\/vizir.az\/wp-content\/uploads\/2019\/10\/P8010002-300x237.jpg 300w, https:\/\/vizir.az\/wp-content\/uploads\/2019\/10\/P8010002-768x608.jpg 768w\" sizes=\"auto, (max-width: 944px) 100vw, 944px\"  data-dt-location=\"https:\/\/vizir.az\/az\/liquid-flow-measurement\/olympus-digital-camera\/\" \/><\/div>\n\t\t<\/figure>\n\t<\/div>\n<\/div><\/div><\/div><div class=\"wpb_column vc_column_container vc_col-sm-6 vc_col-has-fill\"><div class=\"vc_column-inner vc_custom_1568183272824\"><div class=\"wpb_wrapper\">\n\t<div class=\"wpb_text_column wpb_content_element\" >\n\t\t<div class=\"wpb_wrapper\">\n\t\t\t<div class=\"uvc-main-heading ult-responsive\" data-ultimate-target=\".uvc-heading.ultimate-heading-18095d7ca00f68f21 h2\" data-responsive-json-new=\"{&quot;font-size&quot;:&quot;&quot;,&quot;line-height&quot;:&quot;&quot;}\">\n<div class=\"uvc-main-heading ult-responsive\" data-ultimate-target=\".uvc-heading.ultimate-heading-40365d7ca0f4a90a3 h2\" data-responsive-json-new=\"{&quot;font-size&quot;:&quot;&quot;,&quot;line-height&quot;:&quot;&quot;}\">\n<h5><a href=\"https:\/\/vizir.az\/az\/volumetric-proving-tank\/\">N\u00fcmun\u0259vi \u00f6l\u00e7m\u0259 \u00e7\u0259nl\u0259ri<\/a><\/h5>\n<\/div>\n<div class=\"uvc-heading-spacer line_only\"><\/div>\n<\/div>\n<div class=\"uvc-heading-spacer line_only\"><\/div>\n\n\t\t<\/div>\n\t<\/div>\n<\/div><\/div><\/div><\/div><\/div><\/div><\/div><div class=\"wpb_column vc_column_container vc_col-sm-3\"><div class=\"vc_column-inner\"><div class=\"wpb_wrapper\"><div class=\"vc_row wpb_row vc_inner vc_row-fluid vc_row-o-content-middle vc_row-flex\"><div class=\"wpb_column vc_column_container vc_col-sm-6\"><div class=\"vc_column-inner\"><div class=\"wpb_wrapper\">\n\t<div  class=\"wpb_single_image wpb_content_element vc_align_left\">\n\t\t\n\t\t<figure class=\"wpb_wrapper vc_figure\">\n\t\t\t<div class=\"vc_single_image-wrapper   vc_box_border_grey\"><img loading=\"lazy\" decoding=\"async\" width=\"499\" height=\"306\" src=\"https:\/\/vizir.az\/wp-content\/uploads\/2019\/09\/Bidirectional-Sphere-Type-Prover.jpg\" class=\"vc_single_image-img attachment-full\" alt=\"\" title=\"Bidirectional Sphere Type Prover\" srcset=\"https:\/\/vizir.az\/wp-content\/uploads\/2019\/09\/Bidirectional-Sphere-Type-Prover.jpg 499w, https:\/\/vizir.az\/wp-content\/uploads\/2019\/09\/Bidirectional-Sphere-Type-Prover-300x184.jpg 300w\" sizes=\"auto, (max-width: 499px) 100vw, 499px\"  data-dt-location=\"https:\/\/vizir.az\/az\/bidirectional-sphere-type-prover\/\" \/><\/div>\n\t\t<\/figure>\n\t<\/div>\n<\/div><\/div><\/div><div class=\"wpb_column vc_column_container vc_col-sm-6 vc_col-has-fill\"><div class=\"vc_column-inner vc_custom_1568183272824\"><div class=\"wpb_wrapper\">\n\t<div class=\"wpb_text_column wpb_content_element\" >\n\t\t<div class=\"wpb_wrapper\">\n\t\t\t<div class=\"uvc-main-heading ult-responsive\" data-ultimate-target=\".uvc-heading.ultimate-heading-18095d7ca00f68f21 h2\" data-responsive-json-new=\"{&quot;font-size&quot;:&quot;&quot;,&quot;line-height&quot;:&quot;&quot;}\">\n<h5><a href=\"https:\/\/vizir.az\/az\/bidirectional-prover\/\">\u0130ki istiqam\u0259tli pruver<\/a><\/h5>\n<\/div>\n<div class=\"uvc-heading-spacer line_only\"><\/div>\n\n\t\t<\/div>\n\t<\/div>\n<\/div><\/div><\/div><\/div><\/div><\/div><\/div><div class=\"wpb_column vc_column_container vc_col-sm-3\"><div class=\"vc_column-inner\"><div class=\"wpb_wrapper\"><div class=\"vc_row wpb_row vc_inner vc_row-fluid vc_row-o-content-middle vc_row-flex\"><div class=\"wpb_column vc_column_container vc_col-sm-6\"><div class=\"vc_column-inner\"><div class=\"wpb_wrapper\">\n\t<div  class=\"wpb_single_image wpb_content_element vc_align_left\">\n\t\t\n\t\t<figure class=\"wpb_wrapper vc_figure\">\n\t\t\t<div class=\"vc_single_image-wrapper   vc_box_border_grey\"><img loading=\"lazy\" decoding=\"async\" width=\"397\" height=\"298\" src=\"https:\/\/vizir.az\/wp-content\/uploads\/2019\/11\/tank.png\" class=\"vc_single_image-img attachment-full\" alt=\"\" title=\"\" srcset=\"https:\/\/vizir.az\/wp-content\/uploads\/2019\/11\/tank.png 397w, https:\/\/vizir.az\/wp-content\/uploads\/2019\/11\/tank-300x225.png 300w\" sizes=\"auto, (max-width: 397px) 100vw, 397px\"  data-dt-location=\"https:\/\/vizir.az\/az\/liquid-flow-measurement\/tank\/\" \/><\/div>\n\t\t<\/figure>\n\t<\/div>\n<\/div><\/div><\/div><div class=\"wpb_column vc_column_container vc_col-sm-6 vc_col-has-fill\"><div class=\"vc_column-inner vc_custom_1568183272824\"><div class=\"wpb_wrapper\">\n\t<div class=\"wpb_text_column wpb_content_element\" >\n\t\t<div class=\"wpb_wrapper\">\n\t\t\t<div class=\"uvc-main-heading ult-responsive\" data-ultimate-target=\".uvc-heading.ultimate-heading-18095d7ca00f68f21 h2\" data-responsive-json-new=\"{&quot;font-size&quot;:&quot;&quot;,&quot;line-height&quot;:&quot;&quot;}\">\n<div class=\"uvc-main-heading ult-responsive\" data-ultimate-target=\".uvc-heading.ultimate-heading-94395d91a9c7b1ff1 h2\" data-responsive-json-new=\"{&quot;font-size&quot;:&quot;&quot;,&quot;line-height&quot;:&quot;&quot;}\">\n<h5><a href=\"https:\/\/vizir.az\/az\/tank-truck-products-and-systems\/\">Avtosisternlar\u0131 \u00fc\u00e7\u00fcn m\u0259hsullar v\u0259 sisteml\u0259r<\/a><\/h5>\n<\/div>\n<div class=\"uvc-heading-spacer line_only\"><\/div>\n<\/div>\n<div class=\"uvc-heading-spacer line_only\"><\/div>\n\n\t\t<\/div>\n\t<\/div>\n<\/div><\/div><\/div><\/div><\/div><\/div><\/div><\/div><div class=\"vc_row wpb_row vc_row-fluid\"><div class=\"wpb_column vc_column_container vc_col-sm-12\"><div class=\"vc_column-inner\"><div class=\"wpb_wrapper\"><div class=\"vc_empty_space\"   style=\"height: 32px\"><span class=\"vc_empty_space_inner\"><\/span><\/div><\/div><\/div><\/div><\/div><div class=\"vc_row wpb_row vc_row-fluid vc_row-o-equal-height vc_row-flex\"><div class=\"wpb_column vc_column_container vc_col-sm-3\"><div class=\"vc_column-inner\"><div class=\"wpb_wrapper\"><div class=\"vc_row wpb_row vc_inner vc_row-fluid vc_row-o-content-middle vc_row-flex\"><div class=\"wpb_column vc_column_container vc_col-sm-6\"><div class=\"vc_column-inner\"><div class=\"wpb_wrapper\">\n\t<div  class=\"wpb_single_image wpb_content_element vc_align_left  wpb_animate_when_almost_visible wpb_fadeIn fadeIn\">\n\t\t\n\t\t<figure class=\"wpb_wrapper vc_figure\">\n\t\t\t<div class=\"vc_single_image-wrapper   vc_box_border_grey\"><img loading=\"lazy\" decoding=\"async\" width=\"1659\" height=\"1852\" src=\"https:\/\/vizir.az\/wp-content\/uploads\/2019\/09\/DFM-6.1-Doppler-Flow-Meter-1.jpg\" class=\"vc_single_image-img attachment-full\" alt=\"\" title=\"DFM 6.1 Doppler Flow Meter\" srcset=\"https:\/\/vizir.az\/wp-content\/uploads\/2019\/09\/DFM-6.1-Doppler-Flow-Meter-1.jpg 1659w, https:\/\/vizir.az\/wp-content\/uploads\/2019\/09\/DFM-6.1-Doppler-Flow-Meter-1-269x300.jpg 269w, https:\/\/vizir.az\/wp-content\/uploads\/2019\/09\/DFM-6.1-Doppler-Flow-Meter-1-768x857.jpg 768w, https:\/\/vizir.az\/wp-content\/uploads\/2019\/09\/DFM-6.1-Doppler-Flow-Meter-1-917x1024.jpg 917w\" sizes=\"auto, (max-width: 1659px) 100vw, 1659px\"  data-dt-location=\"https:\/\/vizir.az\/az\/dfm-6-1-doppler-flow-meter-3\/\" \/><\/div>\n\t\t<\/figure>\n\t<\/div>\n<\/div><\/div><\/div><div class=\"wpb_column vc_column_container vc_col-sm-6 vc_col-has-fill\"><div class=\"vc_column-inner vc_custom_1568183203315\"><div class=\"wpb_wrapper\">\n\t<div class=\"wpb_text_column wpb_content_element\" >\n\t\t<div class=\"wpb_wrapper\">\n\t\t\t<div class=\"uvc-main-heading ult-responsive\" data-ultimate-target=\".uvc-heading.ultimate-heading-8705d91a9c8eed43 h2\" data-responsive-json-new=\"{&quot;font-size&quot;:&quot;&quot;,&quot;line-height&quot;:&quot;&quot;}\">\n<h5><a href=\"https:\/\/vizir.az\/az\/water-wastewater-flow-meter\/\">Su v\u0259 \u00e7irkab su ax\u0131n\u0131 say\u011faclar\u0131<\/a><\/h5>\n<\/div>\n<div class=\"uvc-heading-spacer line_only\"><\/div>\n\n\t\t<\/div>\n\t<\/div>\n<\/div><\/div><\/div><\/div><\/div><\/div><\/div><div class=\"wpb_column vc_column_container vc_col-sm-3\"><div class=\"vc_column-inner\"><div class=\"wpb_wrapper\"><div class=\"vc_row wpb_row vc_inner vc_row-fluid vc_row-o-content-middle vc_row-flex\"><div class=\"wpb_column vc_column_container vc_col-sm-6\"><div class=\"vc_column-inner\"><div class=\"wpb_wrapper\">\n\t<div  class=\"wpb_single_image wpb_content_element vc_align_left\">\n\t\t\n\t\t<figure class=\"wpb_wrapper vc_figure\">\n\t\t\t<div class=\"vc_single_image-wrapper   vc_box_border_grey\"><img loading=\"lazy\" decoding=\"async\" width=\"296\" height=\"189\" src=\"https:\/\/vizir.az\/wp-content\/uploads\/2019\/11\/LIQUID-METERING-SYSTEMS.png\" class=\"vc_single_image-img attachment-medium\" alt=\"\" title=\"Maye \u00f6l\u00e7m\u0259 sisteml\u0259ri\"  data-dt-location=\"https:\/\/vizir.az\/az\/liquid-flow-measurement\/liquid-metering-systems-2\/\" \/><\/div>\n\t\t<\/figure>\n\t<\/div>\n<\/div><\/div><\/div><div class=\"wpb_column vc_column_container vc_col-sm-6 vc_col-has-fill\"><div class=\"vc_column-inner vc_custom_1568183272824\"><div class=\"wpb_wrapper\">\n\t<div class=\"wpb_text_column wpb_content_element\" >\n\t\t<div class=\"wpb_wrapper\">\n\t\t\t<div class=\"uvc-main-heading ult-responsive\" data-ultimate-target=\".uvc-heading.ultimate-heading-18095d7ca00f68f21 h2\" data-responsive-json-new=\"{&quot;font-size&quot;:&quot;&quot;,&quot;line-height&quot;:&quot;&quot;}\">\n<div class=\"uvc-main-heading ult-responsive\" data-ultimate-target=\".uvc-heading.ultimate-heading-40365d7ca0f4a90a3 h2\" data-responsive-json-new=\"{&quot;font-size&quot;:&quot;&quot;,&quot;line-height&quot;:&quot;&quot;}\">\n<div class=\"uvc-main-heading ult-responsive\" data-ultimate-target=\".uvc-heading.ultimate-heading-34405d91a9ca7440e h2\" data-responsive-json-new=\"{&quot;font-size&quot;:&quot;&quot;,&quot;line-height&quot;:&quot;&quot;}\">\n<h5><a href=\"https:\/\/vizir.az\/az\/liquid-metering-systems\/\">Maye \u00f6l\u00e7m\u0259 sisteml\u0259ri<\/a><\/h5>\n<\/div>\n<div class=\"uvc-heading-spacer line_only\"><\/div>\n<\/div>\n<div class=\"uvc-heading-spacer line_only\"><\/div>\n<\/div>\n<div class=\"uvc-heading-spacer line_only\"><\/div>\n\n\t\t<\/div>\n\t<\/div>\n<\/div><\/div><\/div><\/div><\/div><\/div><\/div><\/div>\n<\/div>","protected":false},"excerpt":{"rendered":"<p>Liquid Flow Measurement PD METERS TURBINE METERS LIQUID ULTRASONIC FLOWMETERS LINE ACCESSORIES ACCESSORIES VOLUMETRIC PROVING TANK BIDIRECTIONAL PROVER TANK TRUCK PRODUCTS AND SYSTEMS WATER\/WASTEWATER FLOW METER LIQUID METERING SYSTEMS<\/p>","protected":false},"author":3,"featured_media":0,"parent":0,"menu_order":0,"comment_status":"closed","ping_status":"open","template":"","meta":{"footnotes":""},"class_list":["post-51542","page","type-page","status-publish","hentry","description-off"],"_links":{"self":[{"href":"https:\/\/vizir.az\/az\/wp-json\/wp\/v2\/pages\/51542","targetHints":{"allow":["GET"]}}],"collection":[{"href":"https:\/\/vizir.az\/az\/wp-json\/wp\/v2\/pages"}],"about":[{"href":"https:\/\/vizir.az\/az\/wp-json\/wp\/v2\/types\/page"}],"author":[{"embeddable":true,"href":"https:\/\/vizir.az\/az\/wp-json\/wp\/v2\/users\/3"}],"replies":[{"embeddable":true,"href":"https:\/\/vizir.az\/az\/wp-json\/wp\/v2\/comments?post=51542"}],"version-history":[{"count":13,"href":"https:\/\/vizir.az\/az\/wp-json\/wp\/v2\/pages\/51542\/revisions"}],"predecessor-version":[{"id":51887,"href":"https:\/\/vizir.az\/az\/wp-json\/wp\/v2\/pages\/51542\/revisions\/51887"}],"wp:attachment":[{"href":"https:\/\/vizir.az\/az\/wp-json\/wp\/v2\/media?parent=51542"}],"curies":[{"name":"wp","href":"https:\/\/api.w.org\/{rel}","templated":true}]}}