{"id":51548,"date":"2019-09-30T07:35:45","date_gmt":"2019-09-30T07:35:45","guid":{"rendered":"https:\/\/vizir.az\/?page_id=51548"},"modified":"2019-11-17T10:22:24","modified_gmt":"2019-11-17T10:22:24","slug":"gas-flow-measurement","status":"publish","type":"page","link":"https:\/\/vizir.az\/az\/gas-flow-measurement\/","title":{"rendered":"QAZ AXININ \u00d6L\u00c7\u00dcLM\u018fSI"},"content":{"rendered":"<div class=\"wpb-content-wrapper\"><div class=\"vc_row wpb_row vc_row-fluid\"><div class=\"wpb_column vc_column_container vc_col-sm-12\"><div class=\"vc_column-inner\"><div class=\"wpb_wrapper\"><div id=\"ultimate-heading-285269de4d5a3c524\" class=\"uvc-heading ult-adjust-bottom-margin ultimate-heading-285269de4d5a3c524 uvc-9734  uvc-heading-default-font-sizes\" data-hspacer=\"line_only\"  data-halign=\"right\" style=\"text-align:right\"><div class=\"uvc-main-heading ult-responsive\"  data-ultimate-target='.uvc-heading.ultimate-heading-285269de4d5a3c524 h2'  data-responsive-json-new='{\"font-size\":\"\",\"line-height\":\"\"}' ><h2 style=\"--font-weight:theme;\">QAZ AXININ \u00d6L\u00c7\u00dcLM\u018fSI<\/h2><\/div><div class=\"uvc-heading-spacer line_only\" style=\"topheight:1px;\"><span class=\"uvc-headings-line\" style=\"border-style:solid;border-bottom-width:1px;border-color:#ccc;width:autopx;\"><\/span><\/div><\/div><div class=\"vc_empty_space\"   style=\"height: 32px\"><span class=\"vc_empty_space_inner\"><\/span><\/div><div class=\"vc_empty_space\"   style=\"height: 32px\"><span class=\"vc_empty_space_inner\"><\/span><\/div><\/div><\/div><\/div><\/div><div class=\"vc_row wpb_row vc_row-fluid\"><div class=\"wpb_column vc_column_container vc_col-sm-3\"><div class=\"vc_column-inner\"><div class=\"wpb_wrapper\"><div class=\"vc_row wpb_row vc_inner vc_row-fluid vc_row-o-content-middle vc_row-flex\"><div class=\"wpb_column vc_column_container vc_col-sm-6\"><div class=\"vc_column-inner\"><div class=\"wpb_wrapper\">\n\t<div  class=\"wpb_single_image wpb_content_element vc_align_left  wpb_animate_when_almost_visible wpb_fadeIn fadeIn\">\n\t\t\n\t\t<figure class=\"wpb_wrapper vc_figure\">\n\t\t\t<div class=\"vc_single_image-wrapper   vc_box_border_grey\"><img loading=\"lazy\" decoding=\"async\" width=\"320\" height=\"237\" src=\"https:\/\/vizir.az\/wp-content\/uploads\/2019\/09\/MPU-600-Series-B.jpg\" class=\"vc_single_image-img attachment-full\" alt=\"\" title=\"MPU 600 Series B\" srcset=\"https:\/\/vizir.az\/wp-content\/uploads\/2019\/09\/MPU-600-Series-B.jpg 320w, https:\/\/vizir.az\/wp-content\/uploads\/2019\/09\/MPU-600-Series-B-300x222.jpg 300w\" sizes=\"auto, (max-width: 320px) 100vw, 320px\"  data-dt-location=\"https:\/\/vizir.az\/az\/gas-flow-measurement\/gas-ultrasonic-flowmeters\/ultrasonic-gas-flowmeter-mpu-series-b\/mpu-600-series-b\/\" \/><\/div>\n\t\t<\/figure>\n\t<\/div>\n<\/div><\/div><\/div><div class=\"wpb_column vc_column_container vc_col-sm-6 vc_col-has-fill\"><div class=\"vc_column-inner vc_custom_1568183203315\"><div class=\"wpb_wrapper\">\n\t<div class=\"wpb_text_column wpb_content_element\" >\n\t\t<div class=\"wpb_wrapper\">\n\t\t\t<h5><a href=\"https:\/\/vizir.az\/az\/gas-ultrasonic-flowmeters\/\">Ultras\u0259sli qaz ax\u0131n\u0131  \u00f6l\u00e7\u0259nl\u0259ri<\/a><\/h5>\n\n\t\t<\/div>\n\t<\/div>\n<\/div><\/div><\/div><\/div><\/div><\/div><\/div><div class=\"wpb_column vc_column_container vc_col-sm-3\"><div class=\"vc_column-inner\"><div class=\"wpb_wrapper\"><div class=\"vc_row wpb_row vc_inner vc_row-fluid vc_row-o-content-middle vc_row-flex\"><div class=\"wpb_column vc_column_container vc_col-sm-6\"><div class=\"vc_column-inner\"><div class=\"wpb_wrapper\">\n\t<div  class=\"wpb_single_image wpb_content_element vc_align_left\">\n\t\t\n\t\t<figure class=\"wpb_wrapper vc_figure\">\n\t\t\t<div class=\"vc_single_image-wrapper   vc_box_border_grey\"><img loading=\"lazy\" decoding=\"async\" width=\"1077\" height=\"660\" src=\"https:\/\/vizir.az\/wp-content\/uploads\/2019\/11\/gaz.png\" class=\"vc_single_image-img attachment-full\" alt=\"\" title=\"\" srcset=\"https:\/\/vizir.az\/wp-content\/uploads\/2019\/11\/gaz.png 1077w, https:\/\/vizir.az\/wp-content\/uploads\/2019\/11\/gaz-300x184.png 300w, https:\/\/vizir.az\/wp-content\/uploads\/2019\/11\/gaz-1024x628.png 1024w, https:\/\/vizir.az\/wp-content\/uploads\/2019\/11\/gaz-768x471.png 768w\" sizes=\"auto, (max-width: 1077px) 100vw, 1077px\"  data-dt-location=\"https:\/\/vizir.az\/az\/gas-flow-measurement\/gaz\/\" \/><\/div>\n\t\t<\/figure>\n\t<\/div>\n<\/div><\/div><\/div><div class=\"wpb_column vc_column_container vc_col-sm-6 vc_col-has-fill\"><div class=\"vc_column-inner vc_custom_1568183272824\"><div class=\"wpb_wrapper\">\n\t<div class=\"wpb_text_column wpb_content_element\" >\n\t\t<div class=\"wpb_wrapper\">\n\t\t\t<div class=\"uvc-main-heading ult-responsive\" data-ultimate-target=\".uvc-heading.ultimate-heading-18095d7ca00f68f21 h2\" data-responsive-json-new=\"{&quot;font-size&quot;:&quot;&quot;,&quot;line-height&quot;:&quot;&quot;}\">\n<div class=\"uvc-main-heading ult-responsive\" data-ultimate-target=\".uvc-heading.ultimate-heading-40365d7ca0f4a90a3 h2\" data-responsive-json-new=\"{&quot;font-size&quot;:&quot;&quot;,&quot;line-height&quot;:&quot;&quot;}\">\n<h5><a href=\"https:\/\/vizir.az\/az\/gas-metering-systems\/\">Qaz \u00d6l\u00e7m\u0259 Sisteml\u0259ri<\/a><\/h5>\n<\/div>\n<div class=\"uvc-heading-spacer line_only\"><\/div>\n<\/div>\n<div class=\"uvc-heading-spacer line_only\"><\/div>\n\n\t\t<\/div>\n\t<\/div>\n<\/div><\/div><\/div><\/div><\/div><\/div><\/div><\/div>\n<\/div>","protected":false},"excerpt":{"rendered":"<p>Gas Flow Measurement Gas Ultrasonic Flowmeters Gas Metering Systems<\/p>","protected":false},"author":3,"featured_media":0,"parent":0,"menu_order":0,"comment_status":"closed","ping_status":"open","template":"","meta":{"footnotes":""},"class_list":["post-51548","page","type-page","status-publish","hentry","description-off"],"_links":{"self":[{"href":"https:\/\/vizir.az\/az\/wp-json\/wp\/v2\/pages\/51548","targetHints":{"allow":["GET"]}}],"collection":[{"href":"https:\/\/vizir.az\/az\/wp-json\/wp\/v2\/pages"}],"about":[{"href":"https:\/\/vizir.az\/az\/wp-json\/wp\/v2\/types\/page"}],"author":[{"embeddable":true,"href":"https:\/\/vizir.az\/az\/wp-json\/wp\/v2\/users\/3"}],"replies":[{"embeddable":true,"href":"https:\/\/vizir.az\/az\/wp-json\/wp\/v2\/comments?post=51548"}],"version-history":[{"count":3,"href":"https:\/\/vizir.az\/az\/wp-json\/wp\/v2\/pages\/51548\/revisions"}],"predecessor-version":[{"id":51863,"href":"https:\/\/vizir.az\/az\/wp-json\/wp\/v2\/pages\/51548\/revisions\/51863"}],"wp:attachment":[{"href":"https:\/\/vizir.az\/az\/wp-json\/wp\/v2\/media?parent=51548"}],"curies":[{"name":"wp","href":"https:\/\/api.w.org\/{rel}","templated":true}]}}