{"id":51553,"date":"2019-09-30T07:44:03","date_gmt":"2019-09-30T07:44:03","guid":{"rendered":"https:\/\/vizir.az\/?page_id=51553"},"modified":"2020-07-20T16:11:35","modified_gmt":"2020-07-20T16:11:35","slug":"%d0%b0nalyzers","status":"publish","type":"page","link":"https:\/\/vizir.az\/az\/%d0%b0nalyzers\/","title":{"rendered":"ANALIZATORLAR"},"content":{"rendered":"<div class=\"wpb-content-wrapper\"><div class=\"vc_row wpb_row vc_row-fluid\"><div class=\"wpb_column vc_column_container vc_col-sm-12\"><div class=\"vc_column-inner\"><div class=\"wpb_wrapper\"><div id=\"ultimate-heading-508569de4e5f79591\" class=\"uvc-heading ult-adjust-bottom-margin ultimate-heading-508569de4e5f79591 uvc-369  uvc-heading-default-font-sizes\" data-hspacer=\"line_only\"  data-halign=\"right\" style=\"text-align:right\"><div class=\"uvc-main-heading ult-responsive\"  data-ultimate-target='.uvc-heading.ultimate-heading-508569de4e5f79591 h2'  data-responsive-json-new='{\"font-size\":\"\",\"line-height\":\"\"}' ><h2 style=\"--font-weight:theme;\">ANALIZATORLAR<\/h2><\/div><div class=\"uvc-heading-spacer line_only\" style=\"topheight:1px;\"><span class=\"uvc-headings-line\" style=\"border-style:solid;border-bottom-width:1px;border-color:#ccc;width:autopx;\"><\/span><\/div><\/div><div class=\"vc_empty_space\"   style=\"height: 32px\"><span class=\"vc_empty_space_inner\"><\/span><\/div><div class=\"vc_empty_space\"   style=\"height: 32px\"><span class=\"vc_empty_space_inner\"><\/span><\/div><\/div><\/div><\/div><\/div><div class=\"vc_row wpb_row vc_row-fluid\"><div class=\"wpb_column vc_column_container vc_col-sm-3\"><div class=\"vc_column-inner\"><div class=\"wpb_wrapper\"><div class=\"vc_row wpb_row vc_inner vc_row-fluid vc_row-o-content-middle vc_row-flex\"><div class=\"wpb_column vc_column_container vc_col-sm-6\"><div class=\"vc_column-inner\"><div class=\"wpb_wrapper\">\n\t<div  class=\"wpb_single_image wpb_content_element vc_align_left  wpb_animate_when_almost_visible wpb_fadeIn fadeIn\">\n\t\t\n\t\t<figure class=\"wpb_wrapper vc_figure\">\n\t\t\t<div class=\"vc_single_image-wrapper   vc_box_border_grey\"><img loading=\"lazy\" decoding=\"async\" width=\"678\" height=\"671\" src=\"https:\/\/vizir.az\/wp-content\/uploads\/2019\/09\/1c_3050-ap.jpg\" class=\"vc_single_image-img attachment-full\" alt=\"\" title=\"1c_3050 ap\" srcset=\"https:\/\/vizir.az\/wp-content\/uploads\/2019\/09\/1c_3050-ap.jpg 678w, https:\/\/vizir.az\/wp-content\/uploads\/2019\/09\/1c_3050-ap-300x297.jpg 300w\" sizes=\"auto, (max-width: 678px) 100vw, 678px\"  data-dt-location=\"https:\/\/vizir.az\/az\/1c_3050-ap-2\/\" \/><\/div>\n\t\t<\/figure>\n\t<\/div>\n<\/div><\/div><\/div><div class=\"wpb_column vc_column_container vc_col-sm-6 vc_col-has-fill\"><div class=\"vc_column-inner vc_custom_1568183203315\"><div class=\"wpb_wrapper\">\n\t<div class=\"wpb_text_column wpb_content_element\" >\n\t\t<div class=\"wpb_wrapper\">\n\t\t\t<h5><a href=\"https:\/\/vizir.az\/az\/in-line-moisture-analyzers\/\">\u0130n-line n\u0259mlik analizatorlar\u0131<\/a><\/h5>\n\n\t\t<\/div>\n\t<\/div>\n<\/div><\/div><\/div><\/div><\/div><\/div><\/div><div class=\"wpb_column vc_column_container vc_col-sm-3\"><div class=\"vc_column-inner\"><div class=\"wpb_wrapper\"><div class=\"vc_row wpb_row vc_inner vc_row-fluid vc_row-o-content-middle vc_row-flex\"><div class=\"wpb_column vc_column_container vc_col-sm-6\"><div class=\"vc_column-inner\"><div class=\"wpb_wrapper\">\n\t<div  class=\"wpb_single_image wpb_content_element vc_align_left\">\n\t\t\n\t\t<figure class=\"wpb_wrapper vc_figure\">\n\t\t\t<div class=\"vc_single_image-wrapper   vc_box_border_grey\"><img loading=\"lazy\" decoding=\"async\" width=\"634\" height=\"690\" src=\"https:\/\/vizir.az\/wp-content\/uploads\/2019\/09\/1a_wdg-vcm.jpg\" class=\"vc_single_image-img attachment-full\" alt=\"\" title=\"1a_wdg-vcm\" srcset=\"https:\/\/vizir.az\/wp-content\/uploads\/2019\/09\/1a_wdg-vcm.jpg 634w, https:\/\/vizir.az\/wp-content\/uploads\/2019\/09\/1a_wdg-vcm-276x300.jpg 276w\" sizes=\"auto, (max-width: 634px) 100vw, 634px\"  data-dt-location=\"https:\/\/vizir.az\/az\/1a_wdg-vcm-2\/\" \/><\/div>\n\t\t<\/figure>\n\t<\/div>\n<\/div><\/div><\/div><div class=\"wpb_column vc_column_container vc_col-sm-6 vc_col-has-fill\"><div class=\"vc_column-inner vc_custom_1568183272824\"><div class=\"wpb_wrapper\">\n\t<div class=\"wpb_text_column wpb_content_element\" >\n\t\t<div class=\"wpb_wrapper\">\n\t\t\t<div class=\"uvc-main-heading ult-responsive\" data-ultimate-target=\".uvc-heading.ultimate-heading-18095d7ca00f68f21 h2\" data-responsive-json-new=\"{&quot;font-size&quot;:&quot;&quot;,&quot;line-height&quot;:&quot;&quot;}\">\n<div class=\"uvc-main-heading ult-responsive\" data-ultimate-target=\".uvc-heading.ultimate-heading-40365d7ca0f4a90a3 h2\" data-responsive-json-new=\"{&quot;font-size&quot;:&quot;&quot;,&quot;line-height&quot;:&quot;&quot;}\">\n<div class=\"uvc-main-heading ult-responsive\" data-ultimate-target=\".uvc-heading.ultimate-heading-81035d91b09cbd1df h2\" data-responsive-json-new=\"{&quot;font-size&quot;:&quot;&quot;,&quot;line-height&quot;:&quot;&quot;}\">\n<h5><a href=\"https:\/\/vizir.az\/az\/in-line-combustion-analyzers\/\">\u0130n-line baca qaz analizatorlar\u0131<\/a><\/h5>\n<\/div>\n<div class=\"uvc-heading-spacer line_only\"><\/div>\n<\/div>\n<div class=\"uvc-heading-spacer line_only\"><\/div>\n<\/div>\n<div class=\"uvc-heading-spacer line_only\"><\/div>\n\n\t\t<\/div>\n\t<\/div>\n<\/div><\/div><\/div><\/div><\/div><\/div><\/div><div class=\"wpb_column vc_column_container vc_col-sm-3\"><div class=\"vc_column-inner\"><div class=\"wpb_wrapper\"><div class=\"vc_row wpb_row vc_inner vc_row-fluid vc_row-o-content-middle vc_row-flex\"><div class=\"wpb_column vc_column_container vc_col-sm-6\"><div class=\"vc_column-inner\"><div class=\"wpb_wrapper\">\n\t<div  class=\"wpb_single_image wpb_content_element vc_align_left\">\n\t\t\n\t\t<figure class=\"wpb_wrapper vc_figure\">\n\t\t\t<div class=\"vc_single_image-wrapper   vc_box_border_grey\"><img loading=\"lazy\" decoding=\"async\" width=\"1081\" height=\"1000\" src=\"https:\/\/vizir.az\/wp-content\/uploads\/2019\/09\/3_909-hot-wet-single-gas-mass-flow-cem.jpg\" class=\"vc_single_image-img attachment-full\" alt=\"\" title=\"3_909 hot wet single gas mass flow cem\" srcset=\"https:\/\/vizir.az\/wp-content\/uploads\/2019\/09\/3_909-hot-wet-single-gas-mass-flow-cem.jpg 1081w, https:\/\/vizir.az\/wp-content\/uploads\/2019\/09\/3_909-hot-wet-single-gas-mass-flow-cem-300x278.jpg 300w, https:\/\/vizir.az\/wp-content\/uploads\/2019\/09\/3_909-hot-wet-single-gas-mass-flow-cem-768x710.jpg 768w, https:\/\/vizir.az\/wp-content\/uploads\/2019\/09\/3_909-hot-wet-single-gas-mass-flow-cem-1024x947.jpg 1024w\" sizes=\"auto, (max-width: 1081px) 100vw, 1081px\"  data-dt-location=\"https:\/\/vizir.az\/az\/3_909-hot-wet-single-gas-mass-flow-cem-2\/\" \/><\/div>\n\t\t<\/figure>\n\t<\/div>\n<\/div><\/div><\/div><div class=\"wpb_column vc_column_container vc_col-sm-6 vc_col-has-fill\"><div class=\"vc_column-inner vc_custom_1568183272824\"><div class=\"wpb_wrapper\">\n\t<div class=\"wpb_text_column wpb_content_element\" >\n\t\t<div class=\"wpb_wrapper\">\n\t\t\t<div class=\"uvc-main-heading ult-responsive\" data-ultimate-target=\".uvc-heading.ultimate-heading-18095d7ca00f68f21 h2\" data-responsive-json-new=\"{&quot;font-size&quot;:&quot;&quot;,&quot;line-height&quot;:&quot;&quot;}\">\n<h5><a href=\"https:\/\/vizir.az\/az\/in-line-sulfur-analyzers\/\">\u0130n-line K\u00fck\u00fcrd  analizatorlar\u0131<\/a><\/h5>\n<h5><\/h5>\n<\/div>\n<div class=\"uvc-heading-spacer line_only\"><\/div>\n\n\t\t<\/div>\n\t<\/div>\n<\/div><\/div><\/div><\/div><\/div><\/div><\/div><div class=\"wpb_column vc_column_container vc_col-sm-3\"><div class=\"vc_column-inner\"><div class=\"wpb_wrapper\"><div class=\"vc_row wpb_row vc_inner vc_row-fluid vc_row-o-equal-height vc_row-o-content-middle vc_row-flex\"><div class=\"wpb_column vc_column_container vc_col-sm-6\"><div class=\"vc_column-inner\"><div class=\"wpb_wrapper\">\n\t<div  class=\"wpb_single_image wpb_content_element vc_align_left\">\n\t\t\n\t\t<figure class=\"wpb_wrapper vc_figure\">\n\t\t\t<div class=\"vc_single_image-wrapper   vc_box_border_grey\"><img loading=\"lazy\" decoding=\"async\" width=\"545\" height=\"422\" src=\"https:\/\/vizir.az\/wp-content\/uploads\/2019\/09\/1b_5100-series-gas-analyzers.jpg\" class=\"vc_single_image-img attachment-full\" alt=\"\" title=\"1b_5100 series gas analyzers\" srcset=\"https:\/\/vizir.az\/wp-content\/uploads\/2019\/09\/1b_5100-series-gas-analyzers.jpg 545w, https:\/\/vizir.az\/wp-content\/uploads\/2019\/09\/1b_5100-series-gas-analyzers-300x232.jpg 300w\" sizes=\"auto, (max-width: 545px) 100vw, 545px\"  data-dt-location=\"https:\/\/vizir.az\/az\/5100-series\/1b_5100-series-gas-analyzers-2\/\" \/><\/div>\n\t\t<\/figure>\n\t<\/div>\n<\/div><\/div><\/div><div class=\"wpb_column vc_column_container vc_col-sm-6 vc_col-has-fill\"><div class=\"vc_column-inner vc_custom_1568183272824\"><div class=\"wpb_wrapper\">\n\t<div class=\"wpb_text_column wpb_content_element\" >\n\t\t<div class=\"wpb_wrapper\">\n\t\t\t<div class=\"uvc-main-heading ult-responsive\" data-ultimate-target=\".uvc-heading.ultimate-heading-18095d7ca00f68f21 h2\" data-responsive-json-new=\"{&quot;font-size&quot;:&quot;&quot;,&quot;line-height&quot;:&quot;&quot;}\">\n<div class=\"uvc-main-heading ult-responsive\" data-ultimate-target=\".uvc-heading.ultimate-heading-76055d91b09ee1cfa h2\" data-responsive-json-new=\"{&quot;font-size&quot;:&quot;&quot;,&quot;line-height&quot;:&quot;&quot;}\">\n<h5><a href=\"https:\/\/vizir.az\/az\/in-line-universal-analyzer\/\">Universal qaz v\u0259 maye analizatorlar\u0131<\/a><\/h5>\n<\/div>\n<div class=\"uvc-heading-spacer line_only\"><\/div>\n<\/div>\n<div class=\"uvc-heading-spacer line_only\"><\/div>\n\n\t\t<\/div>\n\t<\/div>\n<\/div><\/div><\/div><\/div><\/div><\/div><\/div><\/div><div class=\"vc_row wpb_row vc_row-fluid\"><div class=\"wpb_column vc_column_container vc_col-sm-12\"><div class=\"vc_column-inner\"><div class=\"wpb_wrapper\"><div class=\"vc_empty_space\"   style=\"height: 32px\"><span class=\"vc_empty_space_inner\"><\/span><\/div><\/div><\/div><\/div><\/div><div class=\"vc_row wpb_row vc_row-fluid\"><div class=\"wpb_column vc_column_container vc_col-sm-3\"><div class=\"vc_column-inner\"><div class=\"wpb_wrapper\"><div class=\"vc_row wpb_row vc_inner vc_row-fluid vc_row-o-content-middle vc_row-flex\"><div class=\"wpb_column vc_column_container vc_col-sm-6\"><div class=\"vc_column-inner\"><div class=\"wpb_wrapper\">\n\t<div  class=\"wpb_single_image wpb_content_element vc_align_left  wpb_animate_when_almost_visible wpb_fadeIn fadeIn\">\n\t\t\n\t\t<figure class=\"wpb_wrapper vc_figure\">\n\t\t\t<div class=\"vc_single_image-wrapper   vc_box_border_grey\"><img loading=\"lazy\" decoding=\"async\" width=\"1113\" height=\"745\" src=\"https:\/\/vizir.az\/wp-content\/uploads\/2019\/09\/8_5100p-data-sheet.jpg\" class=\"vc_single_image-img attachment-full\" alt=\"\" title=\"8_5100p data sheet\" srcset=\"https:\/\/vizir.az\/wp-content\/uploads\/2019\/09\/8_5100p-data-sheet.jpg 1113w, https:\/\/vizir.az\/wp-content\/uploads\/2019\/09\/8_5100p-data-sheet-300x201.jpg 300w, https:\/\/vizir.az\/wp-content\/uploads\/2019\/09\/8_5100p-data-sheet-768x514.jpg 768w, https:\/\/vizir.az\/wp-content\/uploads\/2019\/09\/8_5100p-data-sheet-1024x685.jpg 1024w\" sizes=\"auto, (max-width: 1113px) 100vw, 1113px\"  data-dt-location=\"https:\/\/vizir.az\/az\/8_5100p-data-sheet-2\/\" \/><\/div>\n\t\t<\/figure>\n\t<\/div>\n<\/div><\/div><\/div><div class=\"wpb_column vc_column_container vc_col-sm-6 vc_col-has-fill\"><div class=\"vc_column-inner vc_custom_1568183203315\"><div class=\"wpb_wrapper\">\n\t<div class=\"wpb_text_column wpb_content_element\" >\n\t\t<div class=\"wpb_wrapper\">\n\t\t\t<div class=\"uvc-main-heading ult-responsive\" data-ultimate-target=\".uvc-heading.ultimate-heading-8705d91a9c8eed43 h2\" data-responsive-json-new=\"{&quot;font-size&quot;:&quot;&quot;,&quot;line-height&quot;:&quot;&quot;}\">\n<div class=\"uvc-main-heading ult-responsive\" data-ultimate-target=\".uvc-heading.ultimate-heading-83595d91b0a02d3c8 h2\" data-responsive-json-new=\"{&quot;font-size&quot;:&quot;&quot;,&quot;line-height&quot;:&quot;&quot;}\">\n<h5><a href=\"https:\/\/vizir.az\/az\/5100-series-in-line-lazer-analyzer\/\">5100 SERIES IN-LINE LAZER ANALYZER<\/a><\/h5>\n<\/div>\n<div class=\"uvc-heading-spacer line_only\"><\/div>\n<\/div>\n<div class=\"uvc-heading-spacer line_only\"><\/div>\n\n\t\t<\/div>\n\t<\/div>\n<\/div><\/div><\/div><\/div><\/div><\/div><\/div><div class=\"wpb_column vc_column_container vc_col-sm-3\"><div class=\"vc_column-inner\"><div class=\"wpb_wrapper\"><div class=\"vc_row wpb_row vc_inner vc_row-fluid vc_row-o-content-middle vc_row-flex\"><div class=\"wpb_column vc_column_container vc_col-sm-6\"><div class=\"vc_column-inner\"><div class=\"wpb_wrapper\">\n\t<div  class=\"wpb_single_image wpb_content_element vc_align_left  wpb_animate_when_almost_visible wpb_fadeIn fadeIn\">\n\t\t\n\t\t<figure class=\"wpb_wrapper vc_figure\">\n\t\t\t<div class=\"vc_single_image-wrapper   vc_box_border_grey\"><img loading=\"lazy\" decoding=\"async\" width=\"387\" height=\"325\" src=\"https:\/\/vizir.az\/wp-content\/uploads\/2019\/09\/90000133-R3-HY-OPTIMA-2700-Technical-Data-Sheet.jpg\" class=\"vc_single_image-img attachment-full\" alt=\"\" title=\"90000133 R3 HY-OPTIMA 2700 Technical Data Sheet\" srcset=\"https:\/\/vizir.az\/wp-content\/uploads\/2019\/09\/90000133-R3-HY-OPTIMA-2700-Technical-Data-Sheet.jpg 387w, https:\/\/vizir.az\/wp-content\/uploads\/2019\/09\/90000133-R3-HY-OPTIMA-2700-Technical-Data-Sheet-300x252.jpg 300w\" sizes=\"auto, (max-width: 387px) 100vw, 387px\"  data-dt-location=\"https:\/\/vizir.az\/az\/in-line-universal-analyzer\/in-line-hydrogen-process-analyzer\/90000133-r3-hy-optima-2700-technical-data-sheet\/\" \/><\/div>\n\t\t<\/figure>\n\t<\/div>\n<\/div><\/div><\/div><div class=\"wpb_column vc_column_container vc_col-sm-6 vc_col-has-fill\"><div class=\"vc_column-inner vc_custom_1568183203315\"><div class=\"wpb_wrapper\">\n\t<div class=\"wpb_text_column wpb_content_element\" >\n\t\t<div class=\"wpb_wrapper\">\n\t\t\t<div class=\"uvc-main-heading ult-responsive\" data-ultimate-target=\".uvc-heading.ultimate-heading-8705d91a9c8eed43 h2\" data-responsive-json-new=\"{&quot;font-size&quot;:&quot;&quot;,&quot;line-height&quot;:&quot;&quot;}\">\n<div class=\"uvc-main-heading ult-responsive\" data-ultimate-target=\".uvc-heading.ultimate-heading-83595d91b0a02d3c8 h2\" data-responsive-json-new=\"{&quot;font-size&quot;:&quot;&quot;,&quot;line-height&quot;:&quot;&quot;}\">\n<h5><a href=\"https:\/\/vizir.az\/az\/in-line-hydrogen-process-analyzer\/\">Qazlarda olan hidrogen analizatoru<\/a><\/h5>\n<\/div>\n<div class=\"uvc-heading-spacer line_only\"><\/div>\n<\/div>\n<div class=\"uvc-heading-spacer line_only\"><\/div>\n\n\t\t<\/div>\n\t<\/div>\n<\/div><\/div><\/div><\/div><\/div><\/div><\/div><\/div>\n<\/div>","protected":false},"excerpt":{"rendered":"<p>\u0410nalyzers IN-LINE MOISTURE ANALYZERS IN-LINE COMBUSTION ANALYZERS IN-LINE SULFUR ANALYZERS IN-LINE UNIVERSAL ANALYZER 5100 SERIES IN-LINE LAZER ANALYZER IN-LINE HYDROGEN PROCESS ANALYZER<\/p>","protected":false},"author":3,"featured_media":0,"parent":0,"menu_order":0,"comment_status":"closed","ping_status":"open","template":"","meta":{"footnotes":""},"class_list":["post-51553","page","type-page","status-publish","hentry","description-off"],"_links":{"self":[{"href":"https:\/\/vizir.az\/az\/wp-json\/wp\/v2\/pages\/51553","targetHints":{"allow":["GET"]}}],"collection":[{"href":"https:\/\/vizir.az\/az\/wp-json\/wp\/v2\/pages"}],"about":[{"href":"https:\/\/vizir.az\/az\/wp-json\/wp\/v2\/types\/page"}],"author":[{"embeddable":true,"href":"https:\/\/vizir.az\/az\/wp-json\/wp\/v2\/users\/3"}],"replies":[{"embeddable":true,"href":"https:\/\/vizir.az\/az\/wp-json\/wp\/v2\/comments?post=51553"}],"version-history":[{"count":5,"href":"https:\/\/vizir.az\/az\/wp-json\/wp\/v2\/pages\/51553\/revisions"}],"predecessor-version":[{"id":52010,"href":"https:\/\/vizir.az\/az\/wp-json\/wp\/v2\/pages\/51553\/revisions\/52010"}],"wp:attachment":[{"href":"https:\/\/vizir.az\/az\/wp-json\/wp\/v2\/media?parent=51553"}],"curies":[{"name":"wp","href":"https:\/\/api.w.org\/{rel}","templated":true}]}}