{"id":51903,"date":"2020-07-11T12:53:44","date_gmt":"2020-07-11T12:53:44","guid":{"rendered":"https:\/\/vizir.az\/?page_id=51903"},"modified":"2020-07-15T11:36:30","modified_gmt":"2020-07-15T11:36:30","slug":"beamex-mc6-t-portable-multifunction-temperature-calibrator-and-communicator","status":"publish","type":"page","link":"https:\/\/vizir.az\/az\/calibrators\/multifunction-calibrators\/beamex-mc6-t-portable-multifunction-temperature-calibrator-and-communicator\/","title":{"rendered":"Beamex MC6-T \u00e7oxfunksiyal\u0131 portativ temperatur kalibratoru v\u0259 kommunikator"},"content":{"rendered":"<div class=\"wpb-content-wrapper\"><div class=\"vc_row wpb_row vc_row-fluid\"><div class=\"wpb_column vc_column_container vc_col-sm-6\"><div class=\"vc_column-inner\"><div class=\"wpb_wrapper\"><div id=\"ultimate-heading-394869e91bdb827dc\" class=\"uvc-heading ult-adjust-bottom-margin ultimate-heading-394869e91bdb827dc uvc-2961  uvc-heading-default-font-sizes\" data-hspacer=\"line_only\"  data-halign=\"left\" style=\"text-align:left\"><div class=\"uvc-main-heading ult-responsive\"  data-ultimate-target='.uvc-heading.ultimate-heading-394869e91bdb827dc h2'  data-responsive-json-new='{\"font-size\":\"\",\"line-height\":\"\"}' ><h2 style=\"--font-weight:theme;\">Beamex MC6-T \u00e7oxfunksiyal\u0131 portativ temperatur kalibratoru v\u0259 kommunikator<\/h2><\/div><div class=\"uvc-heading-spacer line_only\" style=\"topheight:1px;\"><span class=\"uvc-headings-line\" style=\"border-style:solid;border-bottom-width:1px;border-color:#ccc;width:autopx;\"><\/span><\/div><\/div><div class=\"vc_empty_space\"   style=\"height: 32px\"><span class=\"vc_empty_space_inner\"><\/span><\/div>\n\t<div class=\"wpb_text_column wpb_content_element\" >\n\t\t<div class=\"wpb_wrapper\">\n\t\t\t<p>Beamex MC6-T temperaturun kalibrl\u0259nm\u0259si \u00fc\u00e7\u00fcn son d\u0259r\u0259c\u0259 universal funksionala malik portativ avtomatik sistemdir. O, \u00f6z\u00fcnd\u0259 m\u00fcasir temperatur quru blokunu v\u0259 prosesin kalibrl\u0259nm\u0259si \u00fczr\u0259 \u00e7oxfunksiyal\u0131 Beamex MC6 texnologiyas\u0131n\u0131 birl\u0259\u015fdirir. O, ba\u015fqa he\u00e7 bir temperatur kalibratorunun \u00fcst\u00fcn g\u0259l\u0259 bilm\u0259y\u0259c\u0259yi universall\u0131q t\u0259klif edir. Temperaturun generasiyas\u0131, habel\u0259 temperaturun v\u0259 elektrik siqnalallar\u0131n\u0131n \u00f6l\u00e7\u00fclm\u0259si v\u0259 simulyasiya edilm\u0259si imkan\u0131 ver\u0259n bu avadanl\u0131q, s\u00f6z\u00fcn \u0259sl m\u0259nas\u0131nda, unikal funksionala malikdir. MC6-T temperaturun kalibrl\u0259nm\u0259si funksiyas\u0131 il\u0259 yana\u015f\u0131 elektrik parametrl\u0259rini v\u0259 t\u0259zyiqi d\u0259 kalibrl\u0259\u015fdirir.\nDavaml\u0131, y\u00fcng\u00fcl v\u0259 da\u015f\u0131nmas\u0131 asan sah\u0259 kalibratoru MC6-T temperaturun kalibrl\u0259nm\u0259si \u00fc\u00e7\u00fcn m\u00fck\u0259mm\u0259l metroloji x\u00fcsusiyy\u0259tl\u0259r v\u0259 d\u0259qiqlik t\u0259min edir. Kalibrator s\u0259naye s\u0259viyy\u0259sind\u0259 istifad\u0259 \u00fc\u00e7\u00fcn n\u0259z\u0259rd\u0259 tutulmu\u015fdur v\u0259 \u0259traf-m\u00fchitin f\u0259rqli \u015f\u0259rtl\u0259rinin v\u0259 d\u0259yi\u015f\u0259n c\u0259r\u0259yan g\u00fcc\u00fcn\u00fcn dayan\u0131qs\u0131zl\u0131\u011f\u0131n\u0131n g\u00f6st\u0259rdiyi m\u0259nfi t\u0259siri minimal h\u0259dd\u0259 \u00e7atd\u0131rma\u011fa k\u00f6m\u0259k edir. \n\u0130ri \u00e7oxdilli r\u0259ngli sensor ekran, habel\u0259 r\u0259q\u0259msal v\u0259 qrafik g\u00f6r\u00fcnt\u00fcl\u0259r bir ne\u00e7\u0259 dild\u0259 t\u0259qdim edil\u0259n istifad\u0259y\u0259 asan sistemd\u0259 bir araya g\u0259lir. MC6-T HART, FOUNDATION Fieldbus H1 v\u0259 Profibus PA protokolu \u0259sas\u0131nda i\u015fl\u0259y\u0259n cihazlar \u00fc\u00e7\u00fcn n\u0259z\u0259rd\u0259 tutulmu\u015f, qura\u015fd\u0131r\u0131lm\u0131\u015f sah\u0259 kommunikatoruna malikdir. Bu, ayr\u0131ca sah\u0259 kommunikatorunun da\u015f\u0131nmas\u0131na ehtiyac olmadan m\u00fcasir a\u011f\u0131ll\u0131 cihazlar\u0131n kalibrl\u0259nm\u0259si, konfiqurasiyas\u0131 v\u0259 sazlanmas\u0131n\u0131 bir qur\u011fu il\u0259 h\u0259yata ke\u00e7irm\u0259y\u0259 imkan verir.\nMC6-T kalibrl\u0259m\u0259nin idar\u0259edilm\u0259si proqram\u0131 il\u0259 qar\u015f\u0131l\u0131ql\u0131 \u0259laq\u0259 quraraq tam r\u0259q\u0259msalla\u015fd\u0131r\u0131lm\u0131\u015f, ka\u011f\u0131z s\u0259n\u0259dl\u0259\u015fm\u0259 t\u0259l\u0259b etm\u0259y\u0259n kalibrl\u0259m\u0259 prosesi v\u0259 s\u0259n\u0259d bazas\u0131 yaradan, s\u0259n\u0259dl\u0259\u015fm\u0259 aparan kalibratordur. T\u0259krar enerji y\u0131\u011fan daxili akkumulyator MC6-T kalibratorun prosesin kalibrl\u0259nm\u0259si funksional\u0131n\u0131 elektrik enerjisi olmadan istifad\u0259 etm\u0259y\u0259 imkan verir. \u015e\u0259b\u0259k\u0259 elektrik enerjisi yaln\u0131z temperatur quru blokunun isidilm\u0259si v\u0259 soyudulmas\u0131 \u00fc\u00e7\u00fcn t\u0259l\u0259b olunur.\nKalibrator MC6-T-nin d\u00fcz s\u0259thd\u0259 yerl\u0259\u015fdirilm\u0259m\u0259si dat\u00e7iki, x\u0259b\u0259rdarl\u0131q lampas\u0131 v\u0259 art\u0131q q\u0131zmadan avtonom qoruma kimi bir s\u0131ra unikal t\u0259hl\u00fck\u0259sizlik funksiyalar\u0131na malikdir.<\/p>\n\n\t\t<\/div>\n\t<\/div>\n<\/div><\/div><\/div><div class=\"wpb_column vc_column_container vc_col-sm-6\"><div class=\"vc_column-inner\"><div class=\"wpb_wrapper\"><div class=\"vc_empty_space\"   style=\"height: 16px\"><span class=\"vc_empty_space_inner\"><\/span><\/div><div class=\"vc_empty_space\"   style=\"height: 32px\"><span class=\"vc_empty_space_inner\"><\/span><\/div><div class=\"vc_row wpb_row vc_inner vc_row-fluid\"><div class=\"wpb_column vc_column_container vc_col-sm-12\"><div class=\"vc_column-inner\"><div class=\"wpb_wrapper\">\n\t<div  class=\"wpb_single_image wpb_content_element vc_align_center\">\n\t\t\n\t\t<figure class=\"wpb_wrapper vc_figure\">\n\t\t\t<div class=\"vc_single_image-wrapper   vc_box_border_grey\"><img loading=\"lazy\" decoding=\"async\" width=\"363\" height=\"269\" src=\"https:\/\/vizir.az\/wp-content\/uploads\/2020\/07\/Beamex-MC6-T-brochure-ENG-e1594471239874.jpg\" class=\"vc_single_image-img attachment-full\" alt=\"\" title=\"Beamex-MC6-T-brochure-ENG\" srcset=\"https:\/\/vizir.az\/wp-content\/uploads\/2020\/07\/Beamex-MC6-T-brochure-ENG-e1594471239874.jpg 363w, https:\/\/vizir.az\/wp-content\/uploads\/2020\/07\/Beamex-MC6-T-brochure-ENG-e1594471239874-300x222.jpg 300w\" sizes=\"auto, (max-width: 363px) 100vw, 363px\"  data-dt-location=\"https:\/\/vizir.az\/az\/calibrators\/beamex-mc6-t-brochure-eng\/\" \/><\/div>\n\t\t<\/figure>\n\t<\/div>\n<div class=\"vc_empty_space\"   style=\"height: 16px\"><span class=\"vc_empty_space_inner\"><\/span><\/div><\/div><\/div><\/div><\/div><div class=\"vc_row wpb_row vc_inner vc_row-fluid\"><div class=\"wpb_column vc_column_container vc_col-sm-12\"><div class=\"vc_column-inner\"><div class=\"wpb_wrapper\">\n\t<div class=\"wpb_text_column wpb_content_element\" >\n\t\t<div class=\"wpb_wrapper\">\n\t\t\t<p><img loading=\"lazy\" decoding=\"async\" class=\"alignnone wp-image-50469\" src=\"https:\/\/vizir.az\/inc\/uploads\/2019\/09\/pdf.png\" alt=\"\" width=\"50\" height=\"50\" \/><a href=\"https:\/\/vizir.az\/wp-content\/uploads\/2020\/07\/Beamex-MC6-T-brochure-ENG.pdf\">Beamex MC6-T<\/a><\/p>\n\n\t\t<\/div>\n\t<\/div>\n<div class=\"ult-just-icon-wrapper\"><div class=\"align-icon\" style=\"text-align:left;\">\n<div class=\"aio-icon-img\" style=\"font-size:48px;display:inline-block;\" >\n\t<img decoding=\"async\" class=\"img-icon\" alt=\"null\" src=\"https:\/\/vizir.az\/wp-content\/uploads\/2019\/09\/pdf.png\"\/>\n<\/div><\/div><\/div><\/div><\/div><\/div><\/div><div class=\"vc_empty_space\"   style=\"height: 32px\"><span class=\"vc_empty_space_inner\"><\/span><\/div><\/div><\/div><\/div><\/div><div class=\"vc_row wpb_row vc_row-fluid\"><div class=\"wpb_column vc_column_container vc_col-sm-12\"><div class=\"vc_column-inner\"><div class=\"wpb_wrapper\"><\/div><\/div><\/div><\/div>\n<\/div>","protected":false},"excerpt":{"rendered":"<p>Beamex MC6-T portable multifunction temperature calibrator and communicator The Beamex MC6-T is an extremely versatile portable automated temperature calibration system. It combines a state-of-the-art temperature dry-block with Beamex MC6 multifunction process calibrator technology. It offers versatility, that no other temperature calibrator can match. With the ability to generate temperature as well as measure and simulate&hellip;<\/p>","protected":false},"author":3,"featured_media":0,"parent":51423,"menu_order":0,"comment_status":"closed","ping_status":"open","template":"","meta":{"footnotes":""},"class_list":["post-51903","page","type-page","status-publish","hentry","description-off"],"_links":{"self":[{"href":"https:\/\/vizir.az\/az\/wp-json\/wp\/v2\/pages\/51903","targetHints":{"allow":["GET"]}}],"collection":[{"href":"https:\/\/vizir.az\/az\/wp-json\/wp\/v2\/pages"}],"about":[{"href":"https:\/\/vizir.az\/az\/wp-json\/wp\/v2\/types\/page"}],"author":[{"embeddable":true,"href":"https:\/\/vizir.az\/az\/wp-json\/wp\/v2\/users\/3"}],"replies":[{"embeddable":true,"href":"https:\/\/vizir.az\/az\/wp-json\/wp\/v2\/comments?post=51903"}],"version-history":[{"count":22,"href":"https:\/\/vizir.az\/az\/wp-json\/wp\/v2\/pages\/51903\/revisions"}],"predecessor-version":[{"id":51973,"href":"https:\/\/vizir.az\/az\/wp-json\/wp\/v2\/pages\/51903\/revisions\/51973"}],"up":[{"embeddable":true,"href":"https:\/\/vizir.az\/az\/wp-json\/wp\/v2\/pages\/51423"}],"wp:attachment":[{"href":"https:\/\/vizir.az\/az\/wp-json\/wp\/v2\/media?parent=51903"}],"curies":[{"name":"wp","href":"https:\/\/api.w.org\/{rel}","templated":true}]}}