{"id":51996,"date":"2020-07-20T08:49:42","date_gmt":"2020-07-20T08:49:42","guid":{"rendered":"https:\/\/vizir.az\/?page_id=51996"},"modified":"2020-07-20T09:17:41","modified_gmt":"2020-07-20T09:17:41","slug":"laser-analyzer-5100-tdlas","status":"publish","type":"page","link":"https:\/\/vizir.az\/az\/5100-series-in-line-lazer-analyzer\/laser-analyzer-5100-tdlas\/","title":{"rendered":"5100 TDLAS lazer analizatoru"},"content":{"rendered":"<div class=\"wpb-content-wrapper\"><div class=\"vc_row wpb_row vc_row-fluid\"><div class=\"wpb_column vc_column_container vc_col-sm-6\"><div class=\"vc_column-inner\"><div class=\"wpb_wrapper\"><div id=\"ultimate-heading-931969d92e1c76c8b\" class=\"uvc-heading ult-adjust-bottom-margin ultimate-heading-931969d92e1c76c8b uvc-2270  uvc-heading-default-font-sizes\" data-hspacer=\"line_only\"  data-halign=\"left\" style=\"text-align:left\"><div class=\"uvc-main-heading ult-responsive\"  data-ultimate-target='.uvc-heading.ultimate-heading-931969d92e1c76c8b h2'  data-responsive-json-new='{\"font-size\":\"\",\"line-height\":\"\"}' ><h2 style=\"--font-weight:theme;\">5100 TDLAS lazer analizatoru<\/h2><\/div><div class=\"uvc-heading-spacer line_only\" style=\"topheight:1px;\"><span class=\"uvc-headings-line\" style=\"border-style:solid;border-bottom-width:1px;border-color:#ccc;width:autopx;\"><\/span><\/div><\/div><div class=\"vc_empty_space\"   style=\"height: 32px\"><span class=\"vc_empty_space_inner\"><\/span><\/div>\n\t<div class=\"wpb_text_column wpb_content_element\" >\n\t\t<div class=\"wpb_wrapper\">\n\t\t\t<p>Z\u0259ngin texniki imkanlara malik olan 5100 TDLAS (T\u0259nziml\u0259n\u0259n Diod Lazerli Absorbsiya Spektroskopiyas\u0131) lazer analizatoru kritik s\u0259naye t\u0259tbiql\u0259ri \u00fc\u00e7\u00fcn y\u00fcks\u0259k h\u0259ssasl\u0131\u011fa malik, analit \u00fc\u00e7\u00fcn spesifik, s\u00fcr\u0259tli reaksiya ver\u0259n \u00f6l\u00e7m\u0259l\u0259r t\u0259klif edir. O, kompakt v\u0259 q\u0259na\u0259tli korpusda bir araya g\u0259lmi\u015f vahid absorbsiya h\u00fccr\u0259sind\u0259n v\u0259 n\u00fcmun\u0259l\u0259rin inteqrasiya edilmi\u015f g\u00f6t\u00fcr\u00fclm\u0259si sistemind\u0259n ibar\u0259tdir. 5100 TDLAS lazerin arzuedil\u0259n dal\u011fa uzunlu\u011funda sabitl\u0259nm\u0259si \u00fc\u00e7\u00fcn etalon h\u00fccr\u0259sind\u0259n istifad\u0259 edir. M\u00fc\u015fahid\u0259 edil\u0259n spektrd\u0259 ist\u0259nil\u0259n c\u00fczi d\u0259yi\u015fiklik lazerin laz\u0131mi dal\u011fa uzunlu\u011funa sazlanmas\u0131 \u00fc\u00e7\u00fcn \u0259ks \u0259laq\u0259 kimi istifad\u0259 edilir. Bel\u0259likl\u0259, lazerin arzuedil\u0259n absorbsiya x\u0259ttin\u0259 kilidl\u0259nm\u0259si real zamanda t\u0259sdiq olunur. Texnoloji v\u0259 d\u0259m qazlar\u0131nda su buxar\u0131, metan, hidrogen-sulfid, karbon-dioksid v\u0259 ya oksigen s\u0259viyy\u0259sini \u00f6l\u00e7m\u0259y\u0259 qadir olan 5100 TDLAS  karbohidrogen emal\u0131 v\u0259 t\u0259bii qaz s\u0259nayel\u0259rind\u0259 t\u0259tbiq \u00fc\u00e7\u00fcn ideald\u0131r.\nT\u0259mass\u0131z TDLAS texnologiyas\u0131 lazer m\u0259nb\u0259yini v\u0259 detektoru prosesd\u0259n k\u0259nar tutmaqla texniki xidm\u0259t ehtiyac\u0131n\u0131 azald\u0131r. 5100 TDLAS cihaz\u0131nda analitik etalonda nasazl\u0131q yaranmas\u0131 dig\u0259r analizatorlarda oldu\u011fu kimi bir ne\u00e7\u0259 h\u0259ft\u0259 v\u0259 ya aydan sonra yox, on il sonra ba\u015f verir. Etalon h\u00fccr\u0259si diod lazerinin d\u00fczg\u00fcn dal\u011fa uzunlu\u011funda i\u015fl\u0259m\u0259sini t\u0259min ed\u0259r\u0259k \u00f6l\u00e7m\u0259 zirv\u0259l\u0259rind\u0259 ist\u0259nil\u0259n d\u0259yi\u015fikliyin qar\u015f\u0131s\u0131n\u0131 al\u0131r. Bu, \u00f6l\u00e7m\u0259l\u0259rd\u0259 h\u0259tta bir nanometrd\u0259n bir hiss\u0259si il\u0259 dal\u011fa uzunlu\u011funun d\u0259yi\u015fm\u0259si n\u0259tic\u0259sind\u0259 yaranan s\u0259hvl\u0259rin olmad\u0131\u011f\u0131na \u0259minlik verir.\nSiqnallar\u0131n tam r\u0259q\u0259msal emal\u0131 5100 TDLAS cihaz\u0131n\u0131n lazer g\u00fcc\u00fcn\u00fcn daha d\u0259qiq idar\u0259 edilm\u0259sin\u0259 imkan verir. Bu, h\u0259tta fon mane\u0259l\u0259rinin y\u00fcks\u0259k oldu\u011fu \u015f\u0259rtl\u0259rd\u0259 d\u0259 daha etibarl\u0131 v\u0259 d\u0259qiq n\u0259tic\u0259l\u0259r \u0259ld\u0259 etm\u0259k \u00fc\u00e7\u00fcn \u015f\u0259rait yarad\u0131r, \u00f6l\u00e7m\u0259l\u0259rin prosesin effektivliyini d\u0259st\u0259kl\u0259m\u0259sini t\u0259min edir.\n5100 TDLAS t\u0259k analit \u00fc\u00e7\u00fcn etibarl\u0131 TDLAS qaz analizatorudur.<\/p>\n\n\t\t<\/div>\n\t<\/div>\n<\/div><\/div><\/div><div class=\"wpb_column vc_column_container vc_col-sm-6\"><div class=\"vc_column-inner\"><div class=\"wpb_wrapper\"><div class=\"vc_empty_space\"   style=\"height: 16px\"><span class=\"vc_empty_space_inner\"><\/span><\/div><div class=\"vc_empty_space\"   style=\"height: 32px\"><span class=\"vc_empty_space_inner\"><\/span><\/div><div class=\"vc_row wpb_row vc_inner vc_row-fluid\"><div class=\"wpb_column vc_column_container vc_col-sm-12\"><div class=\"vc_column-inner\"><div class=\"wpb_wrapper\">\n\t<div  class=\"wpb_single_image wpb_content_element vc_align_center\">\n\t\t\n\t\t<figure class=\"wpb_wrapper vc_figure\">\n\t\t\t<div class=\"vc_single_image-wrapper   vc_box_border_grey\"><img decoding=\"async\" class=\"vc_single_image-img\" src=\"https:\/\/vizir.az\/wp-content\/uploads\/2019\/09\/1a_5100-series-gas-analyzer-150x300.jpg\" width=\"150\" height=\"300\" alt=\"1a_5100 series gas analyzer\" title=\"1a_5100 series gas analyzer\" loading=\"lazy\"  data-dt-location=\"https:\/\/vizir.az\/az\/5100-series\/1a_5100-series-gas-analyzer-2\/\" \/><\/div>\n\t\t<\/figure>\n\t<\/div>\n<div class=\"vc_empty_space\"   style=\"height: 16px\"><span class=\"vc_empty_space_inner\"><\/span><\/div><\/div><\/div><\/div><\/div><div class=\"vc_row wpb_row vc_inner vc_row-fluid\"><div class=\"wpb_column vc_column_container vc_col-sm-12\"><div class=\"vc_column-inner\"><div class=\"wpb_wrapper\">\n\t<div class=\"wpb_text_column wpb_content_element\" >\n\t\t<div class=\"wpb_wrapper\">\n\t\t\t<p><img loading=\"lazy\" decoding=\"async\" class=\"alignnone wp-image-50469\" src=\"https:\/\/vizir.az\/inc\/uploads\/2019\/09\/pdf.png\" alt=\"\" width=\"50\" height=\"50\" \/><a href=\"https:\/\/vizir.az\/wp-content\/uploads\/2020\/07\/5100-series-gas-analyzer.pdf\">5100 TDLAS<\/a><\/p>\n\n\t\t<\/div>\n\t<\/div>\n<div class=\"ult-just-icon-wrapper\"><div class=\"align-icon\" style=\"text-align:left;\">\n<div class=\"aio-icon-img\" style=\"font-size:48px;display:inline-block;\" >\n\t<img decoding=\"async\" class=\"img-icon\" alt=\"null\" src=\"https:\/\/vizir.az\/wp-content\/uploads\/2019\/09\/pdf.png\"\/>\n<\/div><\/div><\/div><\/div><\/div><\/div><\/div><div class=\"vc_empty_space\"   style=\"height: 32px\"><span class=\"vc_empty_space_inner\"><\/span><\/div><\/div><\/div><\/div><\/div><div class=\"vc_row wpb_row vc_row-fluid\"><div class=\"wpb_column vc_column_container vc_col-sm-12\"><div class=\"vc_column-inner\"><div class=\"wpb_wrapper\"><\/div><\/div><\/div><\/div>\n<\/div>","protected":false},"excerpt":{"rendered":"<p>Laser analyzer 5100 TDLAS The feature-rich lase analyzer 5100 TDLAS (Tunable Diode Laser Absorption Spectroscopy) offers high-sensitivity, analyte-specific, fast-response measurements for critical industrial applications. It features a single absorption cell and integrated sample system in a compact, cost-effective package. The 5100 TDLAS uses a reference cell to line-lock the laser on a desired wavelength. Any&hellip;<\/p>","protected":false},"author":3,"featured_media":0,"parent":51985,"menu_order":0,"comment_status":"closed","ping_status":"closed","template":"","meta":{"footnotes":""},"class_list":["post-51996","page","type-page","status-publish","hentry","description-off"],"_links":{"self":[{"href":"https:\/\/vizir.az\/az\/wp-json\/wp\/v2\/pages\/51996","targetHints":{"allow":["GET"]}}],"collection":[{"href":"https:\/\/vizir.az\/az\/wp-json\/wp\/v2\/pages"}],"about":[{"href":"https:\/\/vizir.az\/az\/wp-json\/wp\/v2\/types\/page"}],"author":[{"embeddable":true,"href":"https:\/\/vizir.az\/az\/wp-json\/wp\/v2\/users\/3"}],"replies":[{"embeddable":true,"href":"https:\/\/vizir.az\/az\/wp-json\/wp\/v2\/comments?post=51996"}],"version-history":[{"count":5,"href":"https:\/\/vizir.az\/az\/wp-json\/wp\/v2\/pages\/51996\/revisions"}],"predecessor-version":[{"id":52002,"href":"https:\/\/vizir.az\/az\/wp-json\/wp\/v2\/pages\/51996\/revisions\/52002"}],"up":[{"embeddable":true,"href":"https:\/\/vizir.az\/az\/wp-json\/wp\/v2\/pages\/51985"}],"wp:attachment":[{"href":"https:\/\/vizir.az\/az\/wp-json\/wp\/v2\/media?parent=51996"}],"curies":[{"name":"wp","href":"https:\/\/api.w.org\/{rel}","templated":true}]}}