{"id":52003,"date":"2020-07-20T09:23:11","date_gmt":"2020-07-20T09:23:11","guid":{"rendered":"https:\/\/vizir.az\/?page_id=52003"},"modified":"2020-07-20T09:23:11","modified_gmt":"2020-07-20T09:23:11","slug":"laser-analyzer-5100hd-tdlas","status":"publish","type":"page","link":"https:\/\/vizir.az\/az\/5100-series-in-line-lazer-analyzer\/laser-analyzer-5100hd-tdlas\/","title":{"rendered":"5100HD TDLAS lazer analizatoru"},"content":{"rendered":"<div class=\"wpb-content-wrapper\"><div class=\"vc_row wpb_row vc_row-fluid\"><div class=\"wpb_column vc_column_container vc_col-sm-6\"><div class=\"vc_column-inner\"><div class=\"wpb_wrapper\"><div id=\"ultimate-heading-511569d92dceb9b8d\" class=\"uvc-heading ult-adjust-bottom-margin ultimate-heading-511569d92dceb9b8d uvc-8830  uvc-heading-default-font-sizes\" data-hspacer=\"line_only\"  data-halign=\"left\" style=\"text-align:left\"><div class=\"uvc-main-heading ult-responsive\"  data-ultimate-target='.uvc-heading.ultimate-heading-511569d92dceb9b8d h2'  data-responsive-json-new='{\"font-size\":\"\",\"line-height\":\"\"}' ><h2 style=\"--font-weight:theme;\">5100HD TDLAS lazer analizatoru<\/h2><\/div><div class=\"uvc-heading-spacer line_only\" style=\"topheight:1px;\"><span class=\"uvc-headings-line\" style=\"border-style:solid;border-bottom-width:1px;border-color:#ccc;width:autopx;\"><\/span><\/div><\/div><div class=\"vc_empty_space\"   style=\"height: 32px\"><span class=\"vc_empty_space_inner\"><\/span><\/div>\n\t<div class=\"wpb_text_column wpb_content_element\" >\n\t\t<div class=\"wpb_wrapper\">\n\t\t\t<p>T\u0259nziml\u0259n\u0259n Diod Lazerli Absorbsiya Spektroskopiyas\u0131 (TDLAS) texnologiyas\u0131ndan istifad\u0259 ed\u0259n 5100HD lazer analizatoru bir v\u0259 ya iki absorbsiya h\u00fccr\u0259si il\u0259 konfiqurasiya edilir. Cihaz qo\u015fa ax\u0131nl\u0131 analizi v\u0259\/yaxud \u00e7oxsayl\u0131 analitl\u0259rin eyni zamanda \u00f6l\u00e7\u00fclm\u0259sini t\u0259min edir. T\u0259nziml\u0259n\u0259n diod lazeri texnikas\u0131 mahiyy\u0259t etibaril\u0259 fiziki t\u0259masa u\u011frayan zondlara t\u0259sir ed\u0259n bir \u00e7ox probleml\u0259ri, o c\u00fcml\u0259d\u0259n \u00e7irkl\u0259ndirici madd\u0259l\u0259rin \u00e7oxs\u0259viyy\u0259li t\u0259sirini v\u0259 prosesd\u0259 q\u0259fil nasazl\u0131qlara g\u00f6r\u0259 \u00f6l\u00e7m\u0259 reaksiyas\u0131n\u0131n gecikm\u0259sini istisna edir. Cihazda n\u00fcmun\u0259 \u00fczr\u0259 ortaq optik yola malik olan iki ayr\u0131ca lazerin qura\u015fd\u0131r\u0131lmas\u0131 m\u00fcmk\u00fcnd\u00fcr. Bu, prosesd\u0259 ikinci analizatorun istifad\u0259 edilm\u0259si z\u0259rur\u0259tini aradan qald\u0131raraq x\u0259rcl\u0259r\u0259 ciddi \u015f\u0259kild\u0259 q\u0259na\u0259t edilm\u0259sini t\u0259min edir. Su buxar\u0131, metan, hidrogen-sulfid, karbon-dioksid, asetilin v\u0259 oksigen s\u0259viyy\u0259sini \u00f6l\u00e7\u0259n 5100HD TDLAS  karbohidrogen emal\u0131 v\u0259 t\u0259bii qaz s\u0259nayel\u0259rind\u0259 t\u0259tbiq \u00fc\u00e7\u00fcn n\u0259z\u0259rd\u0259 tutulub.\nLazer\u0259 \u0259saslanan, s\u0131naqdan ke\u00e7mi\u015f \u00f6l\u00e7m\u0259 n\u00fcmun\u0259l\u0259rin he\u00e7 bir halda \u0259sas optik komponentl\u0259rl\u0259 t\u0259masda olmamas\u0131na z\u0259man\u0259t verir. Bu, o dem\u0259kdir ki, qaz ax\u0131n\u0131 n\u0259 i\u015f\u0131q m\u0259nb\u0259yin\u0259, n\u0259 d\u0259 detektora t\u0259sir etmir, n\u0259tic\u0259 etibaril\u0259 \u00e7irkl\u0259nm\u0259 v\u0259 ya z\u0259d\u0259l\u0259nm\u0259 riski aradan qald\u0131r\u0131l\u0131r.\n5100HD TDLAS lazerin arzuedil\u0259n dal\u011fa uzunlu\u011funda sabitl\u0259nm\u0259si \u00fc\u00e7\u00fcn etalon h\u00fccr\u0259sind\u0259n istifad\u0259 edir. M\u00fc\u015fahid\u0259 edil\u0259n spektrd\u0259 ist\u0259nil\u0259n c\u00fczi d\u0259yi\u015fiklik lazerin laz\u0131mi dal\u011fa uzunlu\u011funa sazlanmas\u0131 \u00fc\u00e7\u00fcn \u0259ks \u0259laq\u0259 kimi istifad\u0259 edilir. Bel\u0259likl\u0259, lazerin arzuedil\u0259n absorbsiya x\u0259ttin\u0259 kilidl\u0259nm\u0259si real zamanda t\u0259sdiq olunur.  \nA\u00e7\u0131q havada v\u0259 ya t\u0259hl\u00fck\u0259li \u0259razil\u0259rd\u0259 qura\u015fd\u0131r\u0131lmaq \u00fc\u00e7\u00fcn IP 65\/Type 4X korpusuna malik olan 5100HD TDLAS n\u00fcmun\u0259l\u0259rin tam inteqrasiya edilmi\u015f emal\u0131 sistemi il\u0259 konfiqurasiya edil\u0259 v\u0259 f\u0259rqli \u0259lveri\u015fsiz m\u00fchitl\u0259rd\u0259 istismar edil\u0259 bil\u0259r.\n5100HD TDLAS qo\u015fa analit v\u0259 ya y\u00fcks\u0259k \u015fehl\u0259nm\u0259 n\u00f6qt\u0259sin\u0259 malik ax\u0131nlar \u00fc\u00e7\u00fcn n\u0259z\u0259rd\u0259 tutulmu\u015f ekstraktiv tipli TDLAS analizatorudur.<\/p>\n\n\t\t<\/div>\n\t<\/div>\n<\/div><\/div><\/div><div class=\"wpb_column vc_column_container vc_col-sm-6\"><div class=\"vc_column-inner\"><div class=\"wpb_wrapper\"><div class=\"vc_empty_space\"   style=\"height: 16px\"><span class=\"vc_empty_space_inner\"><\/span><\/div><div class=\"vc_empty_space\"   style=\"height: 32px\"><span class=\"vc_empty_space_inner\"><\/span><\/div><div class=\"vc_row wpb_row vc_inner vc_row-fluid\"><div class=\"wpb_column vc_column_container vc_col-sm-12\"><div class=\"vc_column-inner\"><div class=\"wpb_wrapper\">\n\t<div  class=\"wpb_single_image wpb_content_element vc_align_center\">\n\t\t\n\t\t<figure class=\"wpb_wrapper vc_figure\">\n\t\t\t<div class=\"vc_single_image-wrapper   vc_box_border_grey\"><img loading=\"lazy\" decoding=\"async\" width=\"545\" height=\"422\" src=\"https:\/\/vizir.az\/wp-content\/uploads\/2019\/09\/1b_5100-series-gas-analyzers.jpg\" class=\"vc_single_image-img attachment-large\" alt=\"\" title=\"1b_5100 series gas analyzers\" srcset=\"https:\/\/vizir.az\/wp-content\/uploads\/2019\/09\/1b_5100-series-gas-analyzers.jpg 545w, https:\/\/vizir.az\/wp-content\/uploads\/2019\/09\/1b_5100-series-gas-analyzers-300x232.jpg 300w\" sizes=\"auto, (max-width: 545px) 100vw, 545px\"  data-dt-location=\"https:\/\/vizir.az\/az\/5100-series\/1b_5100-series-gas-analyzers-2\/\" \/><\/div>\n\t\t<\/figure>\n\t<\/div>\n<div class=\"vc_empty_space\"   style=\"height: 16px\"><span class=\"vc_empty_space_inner\"><\/span><\/div><\/div><\/div><\/div><\/div><div class=\"vc_row wpb_row vc_inner vc_row-fluid\"><div class=\"wpb_column vc_column_container vc_col-sm-12\"><div class=\"vc_column-inner\"><div class=\"wpb_wrapper\">\n\t<div class=\"wpb_text_column wpb_content_element\" >\n\t\t<div class=\"wpb_wrapper\">\n\t\t\t<p data-wp-editing=\"1\"><img loading=\"lazy\" decoding=\"async\" class=\"alignnone wp-image-50469\" src=\"https:\/\/vizir.az\/inc\/uploads\/2019\/09\/pdf.png\" alt=\"\" width=\"50\" height=\"50\" \/><a href=\"https:\/\/vizir.az\/wp-content\/uploads\/2020\/07\/f-0364-5100-series-gas-analyzers.pdf\">5100HD TDLAS<\/a><\/p>\n\n\t\t<\/div>\n\t<\/div>\n<div class=\"ult-just-icon-wrapper\"><div class=\"align-icon\" style=\"text-align:left;\">\n<div class=\"aio-icon-img\" style=\"font-size:48px;display:inline-block;\" >\n\t<img decoding=\"async\" class=\"img-icon\" alt=\"null\" src=\"https:\/\/vizir.az\/wp-content\/uploads\/2019\/09\/pdf.png\"\/>\n<\/div><\/div><\/div><\/div><\/div><\/div><\/div><div class=\"vc_empty_space\"   style=\"height: 32px\"><span class=\"vc_empty_space_inner\"><\/span><\/div><\/div><\/div><\/div><\/div><div class=\"vc_row wpb_row vc_row-fluid\"><div class=\"wpb_column vc_column_container vc_col-sm-12\"><div class=\"vc_column-inner\"><div class=\"wpb_wrapper\"><\/div><\/div><\/div><\/div>\n<\/div>","protected":false},"excerpt":{"rendered":"<p>Laser analyzer 5100HD TDLAS Using tunable diode laser absorption spectroscopy (TDLAS) technology, the laser analyzer 5100HD can be configured with one or two absorption cells, providing dual stream analysis and\/or the measurement of multiple analytes at the same time. The tunable diode laser technique is inherently free from many problems that affect physical contact sensors,&hellip;<\/p>","protected":false},"author":3,"featured_media":0,"parent":51985,"menu_order":0,"comment_status":"closed","ping_status":"closed","template":"","meta":{"footnotes":""},"class_list":["post-52003","page","type-page","status-publish","hentry","description-off"],"_links":{"self":[{"href":"https:\/\/vizir.az\/az\/wp-json\/wp\/v2\/pages\/52003","targetHints":{"allow":["GET"]}}],"collection":[{"href":"https:\/\/vizir.az\/az\/wp-json\/wp\/v2\/pages"}],"about":[{"href":"https:\/\/vizir.az\/az\/wp-json\/wp\/v2\/types\/page"}],"author":[{"embeddable":true,"href":"https:\/\/vizir.az\/az\/wp-json\/wp\/v2\/users\/3"}],"replies":[{"embeddable":true,"href":"https:\/\/vizir.az\/az\/wp-json\/wp\/v2\/comments?post=52003"}],"version-history":[{"count":1,"href":"https:\/\/vizir.az\/az\/wp-json\/wp\/v2\/pages\/52003\/revisions"}],"predecessor-version":[{"id":52004,"href":"https:\/\/vizir.az\/az\/wp-json\/wp\/v2\/pages\/52003\/revisions\/52004"}],"up":[{"embeddable":true,"href":"https:\/\/vizir.az\/az\/wp-json\/wp\/v2\/pages\/51985"}],"wp:attachment":[{"href":"https:\/\/vizir.az\/az\/wp-json\/wp\/v2\/media?parent=52003"}],"curies":[{"name":"wp","href":"https:\/\/api.w.org\/{rel}","templated":true}]}}