{"id":52006,"date":"2020-07-20T09:42:04","date_gmt":"2020-07-20T09:42:04","guid":{"rendered":"https:\/\/vizir.az\/?page_id=52006"},"modified":"2020-08-18T17:50:42","modified_gmt":"2020-08-18T17:50:42","slug":"5100p-tdlas-transportable-analyzer","status":"publish","type":"page","link":"https:\/\/vizir.az\/az\/5100-series-in-line-lazer-analyzer\/5100p-tdlas-transportable-analyzer\/","title":{"rendered":"5100P TDLAS Portativ Analizator"},"content":{"rendered":"<div class=\"wpb-content-wrapper\"><div class=\"vc_row wpb_row vc_row-fluid\"><div class=\"wpb_column vc_column_container vc_col-sm-6\"><div class=\"vc_column-inner\"><div class=\"wpb_wrapper\"><div id=\"ultimate-heading-595769e5464250340\" class=\"uvc-heading ult-adjust-bottom-margin ultimate-heading-595769e5464250340 uvc-9744  uvc-heading-default-font-sizes\" data-hspacer=\"line_only\"  data-halign=\"left\" style=\"text-align:left\"><div class=\"uvc-main-heading ult-responsive\"  data-ultimate-target='.uvc-heading.ultimate-heading-595769e5464250340 h2'  data-responsive-json-new='{\"font-size\":\"\",\"line-height\":\"\"}' ><h2 style=\"--font-weight:theme;\">5100P TDLAS Portativ Analizator<\/h2><\/div><div class=\"uvc-heading-spacer line_only\" style=\"topheight:1px;\"><span class=\"uvc-headings-line\" style=\"border-style:solid;border-bottom-width:1px;border-color:#ccc;width:autopx;\"><\/span><\/div><\/div><div class=\"vc_empty_space\"   style=\"height: 32px\"><span class=\"vc_empty_space_inner\"><\/span><\/div>\n\t<div class=\"wpb_text_column wpb_content_element\" >\n\t\t<div class=\"wpb_wrapper\">\n\t\t\t<p class=\"translation-block\">Analizator 5100P, TDLAS t\u0259nziml\u0259n\u0259n diod lazerli absorbsiya spektroskopiyas\u0131ndan istifad\u0259y\u0259 \u0259saslanan istifad\u0259si asan portativ analizatordur. O, se\u00e7ilmi\u015f qaz ax\u0131nlar\u0131nda h\u0259m su buxar\u0131n\u0131n (H2O), h\u0259m d\u0259 karbon dioksidin (CO2) s\u0259viyy\u0259sini \u00f6l\u00e7m\u0259k \u00fc\u00e7\u00fcn optimalla\u015fd\u0131r\u0131lm\u0131\u015fd\u0131r. TDLAS texnologiyas\u0131n\u0131n s\u00fcr\u0259tli reaksiyaverm\u0259 v\u0259 y\u00fcks\u0259k d\u0259qiqlik kimi \u00fcst\u00fcnl\u00fckl\u0259rin\u0259 malik olan bu qur\u011fu Class I, Division 2, habel\u0259 ATEX v\u0259 IECEx t\u0259snifat\u0131na uy\u011fun Zone 2 kimi t\u0259hl\u00fck\u0259li sah\u0259l\u0259rd\u0259 istifad\u0259 \u00fc\u00e7\u00fcn sertifikatla\u015fd\u0131r\u0131lm\u0131\u015f y\u00fcng\u00fcl\u00e7\u0259kili, davaml\u0131 v\u0259 mobil platformada t\u0259klif edilir.\nN\u00fcmun\u0259l\u0259rin se\u00e7imi \u00fc\u00e7\u00fcn qura\u015fd\u0131r\u0131lm\u0131\u015f sistem\u0259 malik olan 5100P s\u00fcr\u0259tli v\u0259 istifad\u0259y\u0259 asand\u0131r \u2013 avadanl\u0131\u011f\u0131 i\u015fl\u0259tm\u0259k \u00fc\u00e7\u00fcn sad\u0259c\u0259 n\u00fcmun\u0259 se\u00e7imi borusunu qo\u015fmaq, analizatoru i\u015f\u0259 salmaq v\u0259 qaz n\u00fcmun\u0259si ax\u0131n\u0131n\u0131 sistem\u0259 buraxmaq laz\u0131md\u0131r. \n\u00d6l\u00e7m\u0259l\u0259ri uzaq yerl\u0259rd\u0259 h\u0259yata ke\u00e7irm\u0259li, yaxud stasionar analizator qur\u011fular\u0131n\u0131n g\u00f6st\u0259rdiyi n\u0259tic\u0259l\u0259ri yoxlamal\u0131 olan istifad\u0259\u00e7il\u0259rin se\u00e7imi olan 5100P t\u0259bii qaz v\u0259 dig\u0259r se\u00e7ilmi\u015f m\u00fchitl\u0259rd\u0259 H2O v\u0259 CO2 s\u0259viyy\u0259sinin monitorinq edilm\u0259si \u00fc\u00e7\u00fcn n\u0259z\u0259rd\u0259 tutulub.\nQur\u011fuda istifad\u0259 edil\u0259n t\u0259mass\u0131z zondlama texnologiyas\u0131 lazer m\u0259nb\u0259yini v\u0259 detektoru prosesd\u0259n k\u0259nar tutur. Bu, qur\u011funun m\u00fcnt\u0259z\u0259m \u015f\u0259kild\u0259 kalibrl\u0259nm\u0259sin\u0259, sensorun t\u0259mizl\u0259nm\u0259sin\u0259 olan ehtiyac\u0131 v\u0259 proses\u0259 \u00e7irkl\u0259ndiricil\u0259rin g\u00f6st\u0259rdiyi m\u0259nfi t\u0259siri azald\u0131r, n\u0259tic\u0259 etibaril\u0259, nazazl\u0131q olmadan i\u015f m\u00fcdd\u0259tini art\u0131r\u0131r v\u0259 m\u00fclkiyy\u0259t\u00e7inin \u00fcmumi x\u0259rcl\u0259rini azald\u0131r.\nH\u0259r bir 5100P analizatoru zavodda kalibrl\u0259nir v\u0259 g\u00f6nd\u0259rilm\u0259d\u0259n \u0259vv\u0259l s\u0131naqdan ke\u00e7irilir. Qur\u011fuda obyektd\u0259 i\u015fl\u0259y\u0259rk\u0259n dal\u011fa uzunlu\u011funun h\u0259r hans\u0131 \u015f\u0259kild\u0259 d\u0259yi\u015fm\u0259sinin qar\u015f\u0131s\u0131n\u0131 almaq \u00fc\u00e7\u00fcn daxili etalondan da istifad\u0259 edilir. Davaml\u0131 x\u0259tti-qapal\u0131  n\u0259zar\u0259t v\u0259 lazer m\u0259nb\u0259yinin \u00e7\u0131x\u0131\u015f\u0131na   n\u0259zar\u0259t \u00f6l\u00e7m\u0259l\u0259rin d\u0259qiqliyin\u0259 z\u0259man\u0259t verir. TDLAS texnologiyas\u0131 sensoru tarazla\u015fd\u0131rmaq ehtiyac\u0131 s\u0259b\u0259bind\u0259n gecikm\u0259d\u0259n yoxlan\u0131lan qaz\u0131n H2O v\u0259 ya CO2 t\u0259rkibinin d\u0259yi\u015fiklikl\u0259rin\u0259 d\u0259rhal reaksiya verir.  Bu, daha q\u0131sa m\u00fcdd\u0259td\u0259 daha \u00e7ox \u00f6l\u00e7m\u0259nin apar\u0131lmas\u0131na imkan verir.\n5100P se\u00e7ilmi\u015f qaz ax\u0131nlar\u0131nda r\u00fctub\u0259tliyin v\u0259 ya karbon dioksidin \u00f6l\u00e7\u00fclm\u0259si \u00fc\u00e7\u00fcn n\u0259z\u0259rd\u0259 tutulmu\u015f, portativ TDLAS h\u0259llidir.<\/p>\n\n\t\t<\/div>\n\t<\/div>\n<\/div><\/div><\/div><div class=\"wpb_column vc_column_container vc_col-sm-6\"><div class=\"vc_column-inner\"><div class=\"wpb_wrapper\"><div class=\"vc_empty_space\"   style=\"height: 16px\"><span class=\"vc_empty_space_inner\"><\/span><\/div><div class=\"vc_empty_space\"   style=\"height: 32px\"><span class=\"vc_empty_space_inner\"><\/span><\/div><div class=\"vc_row wpb_row vc_inner vc_row-fluid\"><div class=\"wpb_column vc_column_container vc_col-sm-12\"><div class=\"vc_column-inner\"><div class=\"wpb_wrapper\">\n\t<div  class=\"wpb_single_image wpb_content_element vc_align_center\">\n\t\t\n\t\t<figure class=\"wpb_wrapper vc_figure\">\n\t\t\t<div class=\"vc_single_image-wrapper   vc_box_border_grey\"><img loading=\"lazy\" decoding=\"async\" width=\"787\" height=\"654\" src=\"https:\/\/vizir.az\/wp-content\/uploads\/2019\/09\/4_natural-gas-solutions-brochure11.jpg\" class=\"vc_single_image-img attachment-large\" alt=\"\" title=\"4_natural gas solutions brochure11\" srcset=\"https:\/\/vizir.az\/wp-content\/uploads\/2019\/09\/4_natural-gas-solutions-brochure11.jpg 787w, https:\/\/vizir.az\/wp-content\/uploads\/2019\/09\/4_natural-gas-solutions-brochure11-300x249.jpg 300w, https:\/\/vizir.az\/wp-content\/uploads\/2019\/09\/4_natural-gas-solutions-brochure11-768x638.jpg 768w\" sizes=\"auto, (max-width: 787px) 100vw, 787px\"  data-dt-location=\"https:\/\/vizir.az\/az\/4_natural-gas-solutions-brochure11\/\" \/><\/div>\n\t\t<\/figure>\n\t<\/div>\n<div class=\"vc_empty_space\"   style=\"height: 16px\"><span class=\"vc_empty_space_inner\"><\/span><\/div><div class=\"vc_empty_space\"   style=\"height: 16px\"><span class=\"vc_empty_space_inner\"><\/span><\/div><\/div><\/div><\/div><\/div><div class=\"vc_row wpb_row vc_inner vc_row-fluid\"><div class=\"wpb_column vc_column_container vc_col-sm-4\"><div class=\"vc_column-inner\"><div class=\"wpb_wrapper\">\n\t<div class=\"wpb_text_column wpb_content_element\" >\n\t\t<div class=\"wpb_wrapper\">\n\t\t\t<p data-wp-editing=\"1\"><img loading=\"lazy\" decoding=\"async\" class=\"alignnone wp-image-50469\" src=\"https:\/\/vizir.az\/inc\/uploads\/2019\/09\/pdf.png\" alt=\"\" width=\"50\" height=\"50\" \/><a href=\"https:\/\/vizir.az\/wp-content\/uploads\/2020\/08\/5100P-TDLAS-CO2-in-Natural-Gas_vz-aze.pdf\">5100P TDLAS T\u0259bii qazda karbon dioksid analizatoru<\/a><\/p>\n\n\t\t<\/div>\n\t<\/div>\n<div class=\"ult-just-icon-wrapper\"><div class=\"align-icon\" style=\"text-align:left;\">\n<div class=\"aio-icon-img\" style=\"font-size:48px;display:inline-block;\" >\n\t<img decoding=\"async\" class=\"img-icon\" alt=\"null\" src=\"https:\/\/vizir.az\/wp-content\/uploads\/2019\/09\/pdf.png\"\/>\n<\/div><\/div><\/div><\/div><\/div><\/div><div class=\"wpb_column vc_column_container vc_col-sm-4\"><div class=\"vc_column-inner\"><div class=\"wpb_wrapper\">\n\t<div class=\"wpb_text_column wpb_content_element\" >\n\t\t<div class=\"wpb_wrapper\">\n\t\t\t<p><img loading=\"lazy\" decoding=\"async\" class=\"alignnone wp-image-50469\" src=\"https:\/\/vizir.az\/inc\/uploads\/2019\/09\/pdf.png\" alt=\"\" width=\"50\" height=\"50\" \/><a href=\"https:\/\/vizir.az\/wp-content\/uploads\/2020\/08\/5100p-TDLAS-Moisture_vz-aze.pdf\">5100P TDLAS T\u0259bii qazda r\u00fctubet analizatoru<\/a><\/p>\n\n\t\t<\/div>\n\t<\/div>\n<div class=\"ult-just-icon-wrapper\"><div class=\"align-icon\" style=\"text-align:left;\">\n<div class=\"aio-icon-img\" style=\"font-size:48px;display:inline-block;\" >\n\t<img decoding=\"async\" class=\"img-icon\" alt=\"null\" src=\"https:\/\/vizir.az\/wp-content\/uploads\/2019\/09\/pdf.png\"\/>\n<\/div><\/div><\/div><\/div><\/div><\/div><div class=\"wpb_column vc_column_container vc_col-sm-4\"><div class=\"vc_column-inner\"><div class=\"wpb_wrapper\">\n\t<div class=\"wpb_text_column wpb_content_element\" >\n\t\t<div class=\"wpb_wrapper\">\n\t\t\t<p><img loading=\"lazy\" decoding=\"async\" class=\"alignnone wp-image-50469\" src=\"https:\/\/vizir.az\/inc\/uploads\/2019\/09\/pdf.png\" alt=\"\" width=\"50\" height=\"50\" \/><a href=\"https:\/\/vizir.az\/wp-content\/uploads\/2020\/08\/5100p-TDLAS-Moisture-in-CO2_vz-aze.pdf\">5100P TDLAS Karbon qazda r\u00fctubet analizatoru<\/a><\/p>\n\n\t\t<\/div>\n\t<\/div>\n<div class=\"ult-just-icon-wrapper\"><div class=\"align-icon\" style=\"text-align:left;\">\n<div class=\"aio-icon-img\" style=\"font-size:48px;display:inline-block;\" >\n\t<img decoding=\"async\" class=\"img-icon\" alt=\"null\" src=\"https:\/\/vizir.az\/wp-content\/uploads\/2019\/09\/pdf.png\"\/>\n<\/div><\/div><\/div><\/div><\/div><\/div><\/div><div class=\"vc_empty_space\"   style=\"height: 32px\"><span class=\"vc_empty_space_inner\"><\/span><\/div><\/div><\/div><\/div><\/div><div class=\"vc_row wpb_row vc_row-fluid\"><div class=\"wpb_column vc_column_container vc_col-sm-12\"><div class=\"vc_column-inner\"><div class=\"wpb_wrapper\"><\/div><\/div><\/div><\/div><div class=\"vc_row wpb_row vc_row-fluid\"><div class=\"wpb_column vc_column_container vc_col-sm-12\"><div class=\"vc_column-inner\"><div class=\"wpb_wrapper\"><\/div><\/div><\/div><\/div>\n<\/div>","protected":false},"excerpt":{"rendered":"<p>5100P TDLAS Transportable Analyzer Using tunable diode laser absorption spectroscopy, the 5100P is a transportable, easy-to-use analyzer optimized to measure either water vapor (H2O) or carbon dioxide (CO2) in select gas streams. It offers the fast-response, high-accuracy benefits of TDLAS technology in a lightweight, durable and mobile platform that is certified for use in hazardous&hellip;<\/p>","protected":false},"author":3,"featured_media":0,"parent":51985,"menu_order":0,"comment_status":"closed","ping_status":"closed","template":"","meta":{"footnotes":""},"class_list":["post-52006","page","type-page","status-publish","hentry","description-off"],"_links":{"self":[{"href":"https:\/\/vizir.az\/az\/wp-json\/wp\/v2\/pages\/52006","targetHints":{"allow":["GET"]}}],"collection":[{"href":"https:\/\/vizir.az\/az\/wp-json\/wp\/v2\/pages"}],"about":[{"href":"https:\/\/vizir.az\/az\/wp-json\/wp\/v2\/types\/page"}],"author":[{"embeddable":true,"href":"https:\/\/vizir.az\/az\/wp-json\/wp\/v2\/users\/3"}],"replies":[{"embeddable":true,"href":"https:\/\/vizir.az\/az\/wp-json\/wp\/v2\/comments?post=52006"}],"version-history":[{"count":5,"href":"https:\/\/vizir.az\/az\/wp-json\/wp\/v2\/pages\/52006\/revisions"}],"predecessor-version":[{"id":52052,"href":"https:\/\/vizir.az\/az\/wp-json\/wp\/v2\/pages\/52006\/revisions\/52052"}],"up":[{"embeddable":true,"href":"https:\/\/vizir.az\/az\/wp-json\/wp\/v2\/pages\/51985"}],"wp:attachment":[{"href":"https:\/\/vizir.az\/az\/wp-json\/wp\/v2\/media?parent=52006"}],"curies":[{"name":"wp","href":"https:\/\/api.w.org\/{rel}","templated":true}]}}